{"id":1806717,"date":"2025-03-28T17:14:26","date_gmt":"2025-03-28T15:14:26","guid":{"rendered":"https:\/\/liquidmaster.pl\/gtechniq-zestaw-c1-exov5-30ml\/"},"modified":"2026-04-19T03:25:40","modified_gmt":"2026-04-19T01:25:40","slug":"gtechniq-zestaw-c1-exov5-30ml","status":"publish","type":"product","link":"https:\/\/liquidmaster.pl\/en\/gtechniq-zestaw-c1-exov5-30ml\/","title":{"rendered":"Gtechniq Set C1 + EXOv5 30ml"},"content":{"rendered":"<p>C1 provides the best gloss durability of all tested products. Over a simulated period of 3 years in the Arizona sun, the C1-coated panel lost half the gloss of its next best competitor and one-third less gloss than the average result for all other products tested.<\/p>\n<p>In addition to retaining its shine, C1 Crystal Lacquer is extremely durable because it actually becomes a functional surface for your car paint. Also scratch-resistant, C1 forms a crystalline layer that is extremely hard. This feature makes it effective in preventing minor scratches caused by poor washing techniques on relatively soft car paint.<\/p>\n<p>C1 coated panels have been tested against uncoated panels as well as high quality carnauba waxes and polymer sealants.<\/p>\n<p>Panels coated with Gtechniq C1 showed on average 50 percent fewer swirl marks than those coated with wax or left uncoated.<\/p>\n<p>EXO is Gtechniq&#039;s ultimate hydrophobic coating - it simply outperforms any other product on the market, providing a lotus leaf effect that repels dirt and water, keeping your vehicle&#039;s surface cleaner and shiny for much longer.<\/p>\n<p>Powered by a new generation of organic materials, EXO embodies Gtechniq&#039;s goal to offer products that work harder and smarter, meaning more time enjoying your car and less time maintaining it.<\/p>\n<p>Easy to apply, EXO provides the highest resistance to dirt and water (it has a wetting angle of 110 degrees), is resistant to common laundry chemicals, and the application usually lasts up to 24 months.<\/p>\n<p>The set includes C1 30ml and EXOv5 30ml<\/p>","protected":false},"excerpt":{"rendered":"<p>C1 zapewnia najlepsz\u0105 trwa\u0142o\u015b\u0107 po\u0142ysku spo\u015br\u00f3d wszystkich testowanych produkt\u00f3w. W symulowanym okresie 3 lat w s\u0142o\u0144cu w Arizonie panel z pow\u0142ok\u0105 C1 straci\u0142 po\u0142ow\u0119 po\u0142ysku ni\u017c jego kolejny najlepszy konkurent i jedn\u0105 trzeci\u0105 mniej po\u0142ysku ni\u017c \u015bredni wynik dla wszystkich innych testowanych produkt\u00f3w. Opr\u00f3cz zachowania po\u0142ysku C1 Crystal Lacquer jest niezwykle trwa\u0142y, poniewa\u017c staje si\u0119&hellip;&nbsp;<a href=\"https:\/\/liquidmaster.pl\/en\/gtechniq-zestaw-c1-exov5-30ml\/\" rel=\"bookmark\">Read More \u00bb<span class=\"screen-reader-text\">Gtechniq Set C1 + EXOv5 30ml<\/span><\/a><\/p>","protected":false},"featured_media":1849662,"comment_status":"open","ping_status":"open","template":"","meta":{"neve_meta_sidebar":"","neve_meta_container":"","neve_meta_enable_content_width":"","neve_meta_content_width":0,"neve_meta_title_alignment":"","neve_meta_author_avatar":"","neve_post_elements_order":"","neve_meta_disable_header":"","neve_meta_disable_footer":"","neve_meta_disable_title":"","_themeisle_gutenberg_block_has_review":false},"product_brand":[],"product_cat":[733,766,775],"product_tag":[940],"class_list":{"0":"post-1806717","1":"product","2":"type-product","3":"status-publish","4":"has-post-thumbnail","6":"product_cat-na-zewnatrz","7":"product_cat-ochrona-lakieru","8":"product_cat-powloki-ceramiczne","9":"product_tag-gtechniq","11":"first","12":"instock","13":"taxable","14":"shipping-taxable","15":"purchasable","16":"product-type-simple"},"_links":{"self":[{"href":"https:\/\/liquidmaster.pl\/en\/wp-json\/wp\/v2\/product\/1806717","targetHints":{"allow":["GET"]}}],"collection":[{"href":"https:\/\/liquidmaster.pl\/en\/wp-json\/wp\/v2\/product"}],"about":[{"href":"https:\/\/liquidmaster.pl\/en\/wp-json\/wp\/v2\/types\/product"}],"replies":[{"embeddable":true,"href":"https:\/\/liquidmaster.pl\/en\/wp-json\/wp\/v2\/comments?post=1806717"}],"wp:featuredmedia":[{"embeddable":true,"href":"https:\/\/liquidmaster.pl\/en\/wp-json\/wp\/v2\/media\/1849662"}],"wp:attachment":[{"href":"https:\/\/liquidmaster.pl\/en\/wp-json\/wp\/v2\/media?parent=1806717"}],"wp:term":[{"taxonomy":"product_brand","embeddable":true,"href":"https:\/\/liquidmaster.pl\/en\/wp-json\/wp\/v2\/product_brand?post=1806717"},{"taxonomy":"product_cat","embeddable":true,"href":"https:\/\/liquidmaster.pl\/en\/wp-json\/wp\/v2\/product_cat?post=1806717"},{"taxonomy":"product_tag","embeddable":true,"href":"https:\/\/liquidmaster.pl\/en\/wp-json\/wp\/v2\/product_tag?post=1806717"}],"curies":[{"name":"wp","href":"https:\/\/api.w.org\/{rel}","templated":true}]}}