{"id":1806713,"date":"2025-03-28T17:14:04","date_gmt":"2025-03-28T15:14:04","guid":{"rendered":"https:\/\/liquidmaster.pl\/gtechniq-c1-crystal-lacquer-50ml-powloka-ochronna\/"},"modified":"2026-04-19T03:25:40","modified_gmt":"2026-04-19T01:25:40","slug":"gtechniq-c1-crystal-lacquer-50ml-powloka-ochronna","status":"publish","type":"product","link":"https:\/\/liquidmaster.pl\/en\/gtechniq-c1-crystal-lacquer-50ml-powloka-ochronna\/","title":{"rendered":"Gtechniq C1 Crystal Lacquer 50ml \u2013 protective coating"},"content":{"rendered":"<p>C1 is extremely easy to apply. This is an ideal coating for people with less experience or those looking for coatings that are durable and easy to apply.<\/p>\n<p>Thanks to its high gloss durability, C1 Crystal Lacquer provides a functional car paint surface and, if applied by an Accredited Gtechniq Detailer, is covered by a 5-year warranty.<\/p>\n<p>C1 creates a crystalline coating that is hard - thanks to this property, it effectively prevents minor scratches resulting from poor washing techniques on relatively soft car paints.<\/p>\n<p>Which capacity should I choose?<br \/>\n30ml \u2013 recommended for cars with the dimensions of Audi A6, BMW 5, Mercedes E-Class or smaller<br \/>\n50ml \u2013 recommended for cars larger than Audi A6, BMW 5, Mercedes E-Class<br \/>\n250ml \u2013 non-standard large-size vehicles (planes, boats, tractors)<\/p>\n<p>Thanks to its properties, C1 is perfect for matte varnishes.<\/p>\n<p>Usage:<\/p>\n<li>Apply only at temperatures above 5\u00b0C, indoors, out of direct sunlight<\/li>\n<li>Make sure the surface is cool, dry and out of direct sunlight<\/li>\n<li>Always use gloves when applying to avoid contact with the skin<\/li>\n<li>Apply the product to the applicator<\/li>\n<li>Close the bottle and set aside, do not hold it in your hand as this may accelerate the crystallization of the product<\/li>\n<li>Change the applicator after 3-4 uses, on surfaces no larger than half of the car hood. If you don&#039;t do this, you will feel that the coating becomes dull and it will be very difficult to reach it<\/li>\n<li>The coating reacts immediately with the protected surface. The reaction speed depends on temperature and humidity - at normal temperature and humidity approx. 50%, we recommend polishing between 30-60 seconds after application<\/li>\n<li>It may be necessary to re-polish to remove excess. We recommend using two fibers. Note that you are only collecting the excess<\/li>\n<li>Avoid applying pressure when polishing, as it may cause scratches and remove the product<\/li>\n<li>Be careful to alternate MF1 pages so as not to &quot;clog&quot; it with C1, otherwise problems with reaching the product may occur<\/li>\n<li>If you miss an element and do not remove the excess, polish the element and repeat the application C1<\/li>\n<p>Capacity 50 ml<\/p>","protected":false},"excerpt":{"rendered":"<p>C1 jest niezwykle \u0142atwa w aplikacji. Jest to idealna pow\u0142oka dla os\u00f3b z mniejszym do\u015bwiadczaniem, lub poszukuj\u0105cych pow\u0142ok, kt\u00f3re s\u0105 trwa\u0142e i proste do na\u0142o\u017cenia. Dzi\u0119ki wysokiej trwa\u0142o\u015bci po\u0142ysku, C1 Crystal Lacquer stanowi funkcjonaln\u0105 powierzchni\u0119 lakieru samochodowego, a je\u015bli zostanie na\u0142o\u017cony przez Akredytowanego Detailera Gtechniq, obj\u0119ta jest 5-letni\u0105 gwarancj\u0105. C1 tworzy krystaliczn\u0105 pow\u0142ok\u0119, kt\u00f3ra jest&hellip;&nbsp;<a href=\"https:\/\/liquidmaster.pl\/en\/gtechniq-c1-crystal-lacquer-50ml-powloka-ochronna\/\" rel=\"bookmark\">Read More \u00bb<span class=\"screen-reader-text\">Gtechniq C1 Crystal Lacquer 50ml \u2013 protective coating<\/span><\/a><\/p>","protected":false},"featured_media":1849661,"comment_status":"open","ping_status":"open","template":"","meta":{"neve_meta_sidebar":"","neve_meta_container":"","neve_meta_enable_content_width":"","neve_meta_content_width":0,"neve_meta_title_alignment":"","neve_meta_author_avatar":"","neve_post_elements_order":"","neve_meta_disable_header":"","neve_meta_disable_footer":"","neve_meta_disable_title":"","_themeisle_gutenberg_block_has_review":false},"product_brand":[],"product_cat":[733,766,775],"product_tag":[940],"class_list":{"0":"post-1806713","1":"product","2":"type-product","3":"status-publish","4":"has-post-thumbnail","6":"product_cat-na-zewnatrz","7":"product_cat-ochrona-lakieru","8":"product_cat-powloki-ceramiczne","9":"product_tag-gtechniq","11":"first","12":"instock","13":"taxable","14":"shipping-taxable","15":"purchasable","16":"product-type-simple"},"_links":{"self":[{"href":"https:\/\/liquidmaster.pl\/en\/wp-json\/wp\/v2\/product\/1806713","targetHints":{"allow":["GET"]}}],"collection":[{"href":"https:\/\/liquidmaster.pl\/en\/wp-json\/wp\/v2\/product"}],"about":[{"href":"https:\/\/liquidmaster.pl\/en\/wp-json\/wp\/v2\/types\/product"}],"replies":[{"embeddable":true,"href":"https:\/\/liquidmaster.pl\/en\/wp-json\/wp\/v2\/comments?post=1806713"}],"wp:featuredmedia":[{"embeddable":true,"href":"https:\/\/liquidmaster.pl\/en\/wp-json\/wp\/v2\/media\/1849661"}],"wp:attachment":[{"href":"https:\/\/liquidmaster.pl\/en\/wp-json\/wp\/v2\/media?parent=1806713"}],"wp:term":[{"taxonomy":"product_brand","embeddable":true,"href":"https:\/\/liquidmaster.pl\/en\/wp-json\/wp\/v2\/product_brand?post=1806713"},{"taxonomy":"product_cat","embeddable":true,"href":"https:\/\/liquidmaster.pl\/en\/wp-json\/wp\/v2\/product_cat?post=1806713"},{"taxonomy":"product_tag","embeddable":true,"href":"https:\/\/liquidmaster.pl\/en\/wp-json\/wp\/v2\/product_tag?post=1806713"}],"curies":[{"name":"wp","href":"https:\/\/api.w.org\/{rel}","templated":true}]}}