{"id":1806697,"date":"2025-03-28T17:12:42","date_gmt":"2025-03-28T15:12:42","guid":{"rendered":"https:\/\/liquidmaster.pl\/dodo-juice-home-brew-car-wax-kit-zestaw-diy-do-tworzenia-wosku-samochodowego\/"},"modified":"2026-04-21T08:07:08","modified_gmt":"2026-04-21T06:07:08","slug":"dodo-juice-home-brew-car-wax-kit-zestaw-diy-do-tworzenia-wosku-samochodowego","status":"publish","type":"product","link":"https:\/\/liquidmaster.pl\/en\/dodo-juice-home-brew-car-wax-kit-zestaw-diy-do-tworzenia-wosku-samochodowego\/","title":{"rendered":"Dodo Juice Home Brew Car Wax Kit - DIY kit for creating car wax"},"content":{"rendered":"<p>Dodo Juice Home Brew Car Wax Kit \u2013 this is the best gift for a car enthusiast that you can get, apart from buying a car. This simple kit gives anyone the opportunity to create their own wax, name it, and then enjoy the fruits of their labor. Dodo Juice Home Brew Car Wax Kit produces 250 ml of high-quality car wax. No special skills are needed - just a passion for wax!<\/p>\n<p>The kit contains everything needed to produce high-quality Dodo Juice car wax. All the hard work has already been done - the proportions of wax, solvents and special juices have been calculated, measured and prepared in advance. Just mix the contents of the kit, heat it on the stove and mix. The next day you will have a 250 ml jar of high quality carnauba car wax that you can name yourself.<\/p>\n<p>Capacity: 250 ml<\/p>\n<p>\u00a0<\/p><\/p>","protected":false},"excerpt":{"rendered":"<p>Dodo Juice Home Brew Car Wax Kit \u2013 to najlepszy prezent dla entuzjasty motoryzacji, jaki mo\u017cna dosta\u0107, nie licz\u0105c kupna samochodu. Ten prosty zestaw daje ka\u017cdemu mo\u017cliwo\u015b\u0107 stworzenia w\u0142asnego wosku, nazwania go, a nast\u0119pnie cieszenia si\u0119 owocami swojej pracy. Dodo Juice Home Brew Car Wax Kit wytwarza 250 ml wysokiej jako\u015bci wosku do aut. Nie&hellip;&nbsp;<a href=\"https:\/\/liquidmaster.pl\/en\/dodo-juice-home-brew-car-wax-kit-zestaw-diy-do-tworzenia-wosku-samochodowego\/\" rel=\"bookmark\">Read More \u00bb<span class=\"screen-reader-text\">Dodo Juice Home Brew Car Wax Kit - DIY kit for creating car wax<\/span><\/a><\/p>","protected":false},"featured_media":1848133,"comment_status":"open","ping_status":"open","template":"","meta":{"neve_meta_sidebar":"","neve_meta_container":"","neve_meta_enable_content_width":"","neve_meta_content_width":0,"neve_meta_title_alignment":"","neve_meta_author_avatar":"","neve_post_elements_order":"","neve_meta_disable_header":"","neve_meta_disable_footer":"","neve_meta_disable_title":"","_themeisle_gutenberg_block_has_review":false},"product_brand":[],"product_cat":[733,766,788],"product_tag":[288],"class_list":{"0":"post-1806697","1":"product","2":"type-product","3":"status-publish","4":"has-post-thumbnail","6":"product_cat-na-zewnatrz","7":"product_cat-ochrona-lakieru","8":"product_cat-woski","9":"product_tag-dodo-juice","11":"first","12":"instock","13":"taxable","14":"shipping-taxable","15":"purchasable","16":"product-type-simple"},"_links":{"self":[{"href":"https:\/\/liquidmaster.pl\/en\/wp-json\/wp\/v2\/product\/1806697","targetHints":{"allow":["GET"]}}],"collection":[{"href":"https:\/\/liquidmaster.pl\/en\/wp-json\/wp\/v2\/product"}],"about":[{"href":"https:\/\/liquidmaster.pl\/en\/wp-json\/wp\/v2\/types\/product"}],"replies":[{"embeddable":true,"href":"https:\/\/liquidmaster.pl\/en\/wp-json\/wp\/v2\/comments?post=1806697"}],"wp:featuredmedia":[{"embeddable":true,"href":"https:\/\/liquidmaster.pl\/en\/wp-json\/wp\/v2\/media\/1848133"}],"wp:attachment":[{"href":"https:\/\/liquidmaster.pl\/en\/wp-json\/wp\/v2\/media?parent=1806697"}],"wp:term":[{"taxonomy":"product_brand","embeddable":true,"href":"https:\/\/liquidmaster.pl\/en\/wp-json\/wp\/v2\/product_brand?post=1806697"},{"taxonomy":"product_cat","embeddable":true,"href":"https:\/\/liquidmaster.pl\/en\/wp-json\/wp\/v2\/product_cat?post=1806697"},{"taxonomy":"product_tag","embeddable":true,"href":"https:\/\/liquidmaster.pl\/en\/wp-json\/wp\/v2\/product_tag?post=1806697"}],"curies":[{"name":"wp","href":"https:\/\/api.w.org\/{rel}","templated":true}]}}