{"id":1806693,"date":"2025-03-28T17:12:28","date_gmt":"2025-03-28T15:12:28","guid":{"rendered":"https:\/\/liquidmaster.pl\/blend-brothers-eliminator-wheel-cleaner-5l-srodek-do-czyszczenia-kol-i-opon\/"},"modified":"2026-04-19T03:25:36","modified_gmt":"2026-04-19T01:25:36","slug":"blend-brothers-eliminator-wheel-cleaner-5l-srodek-do-czyszczenia-kol-i-opon","status":"publish","type":"product","link":"https:\/\/liquidmaster.pl\/en\/blend-brothers-eliminator-wheel-cleaner-5l-srodek-do-czyszczenia-kol-i-opon\/","title":{"rendered":"Blend Brothers ELIMINATOR Wheel Cleaner 5L \u2013 wheel and tire cleaner"},"content":{"rendered":"<p style=\"box-sizing: border-box; margin: 0px 0px 1em; color: rgb(0, 0, 0); font-family: Rubik, san-serif; font-size: 14px;\">ELIMINATOR \u2013 Wheel and tire cleaner<\/p>\n<p style=\"box-sizing: border-box; margin: 0px 0px 1em; color: rgb(0, 0, 0); font-family: Rubik, san-serif; font-size: 14px;\">ELIMINATOR Wheel &amp; Tire Cleaner is a highly effective, strongly alkaline product created for professional cleaning of rims and tires. Thanks to its intensive formula, it quickly and effectively removes all dirt from cleaned surfaces. Depending on the degree of dirt on the rims, our product can be diluted up to 1:5, which allows you to adjust the cleaning power to your individual needs.<\/p>\n<p style=\"box-sizing: border-box; margin: 0px 0px 1em; color: rgb(0, 0, 0); font-family: Rubik, san-serif; font-size: 14px;\">ELIMINATOR wheel and tire cleaner can be used using the included atomizer or a hand-held foaming device. Before use, test the product on an inconspicuous area of your wheels or tires to ensure it will not cause unwanted effects. Depending on the degree of dirt on the wheels, use the ready-made or diluted product and spray it on the rims.<\/p>\n<p style=\"box-sizing: border-box; margin: 0px 0px 1em; color: rgb(0, 0, 0); font-family: Rubik, san-serif; font-size: 14px;\">Leave the product on the surface to be cleaned for about a minute to effectively dissolve the dirt. If the surface requires intensive cleaning, use a brush or a fine brush, focusing on hard-to-reach places and removing any dirt. Then rinse the rims thoroughly with a strong jet of water to remove any product residue and dry them with a clean, soft cloth. Remember not to allow the product to dry on the surface.<\/p>\n<p style=\"box-sizing: border-box; margin: 0px 0px 1em; color: rgb(0, 0, 0); font-family: Rubik, san-serif; font-size: 14px;\">ELIMINATOR Wheel &amp; Tire Cleaner is a reliable agent for cleaning rims and tires, restoring their original shine and cleanliness. Thanks to this product, your rims will shine from a distance!<\/p>\n<p style=\"box-sizing: border-box; margin: 0px 0px 1em; color: rgb(0, 0, 0); font-family: Rubik, san-serif; font-size: 14px;\">Application instructions:<\/p>\n<li style=\"box-sizing: border-box;\">Before use, test the product on an inconspicuous part of the rim or tire to ensure it does not cause any adverse effects.<\/li>\n<li style=\"box-sizing: border-box;\">Depending on the degree of dirt on the wheels, use the ready-made or diluted product. Spray the surface of rims and tires using the attached atomizer or hand foamer.<\/li>\n<li style=\"box-sizing: border-box;\">Leave the product on the surface to be cleaned for about a minute to effectively dissolve the dirt.<\/li>\n<li style=\"box-sizing: border-box;\">If the surface requires more intensive cleaning, you can use a brush or a fine brush. Remember not to allow the product to dry on the surface.<\/li>\n<li style=\"box-sizing: border-box;\">Rinse the surface thoroughly with a strong stream of water.<\/li>\n<li style=\"box-sizing: border-box;\">Wipe the rims with a clean and soft cloth.<\/li>\n<p style=\"box-sizing: border-box; margin: 0px 0px 1em; color: rgb(0, 0, 0); font-family: Rubik, san-serif; font-size: 14px;\">Capacity 5L<\/p>","protected":false},"excerpt":{"rendered":"<p>ELIMINATOR \u2013 \u015arodek do czyszczenia k\u00f3\u0142 i opon ELIMINATOR Wheel &#038; Tyre Cleaner to wysoce skuteczny, silnie zasadowy produkt stworzony do profesjonalnego czyszczenia felg i opon. Dzi\u0119ki intensywnej formule szybko i skutecznie usuwa wszelkie zabrudzenia z czyszczonych powierzchni. W zale\u017cno\u015bci od stopnia zabrudzenia felg nasz produkt mo\u017cna rozcie\u0144czy\u0107 nawet w proporcji 1:5, co pozwala dostosowa\u0107&hellip;&nbsp;<a href=\"https:\/\/liquidmaster.pl\/en\/blend-brothers-eliminator-wheel-cleaner-5l-srodek-do-czyszczenia-kol-i-opon\/\" rel=\"bookmark\">Read More \u00bb<span class=\"screen-reader-text\">Blend Brothers ELIMINATOR Wheel Cleaner 5L \u2013 wheel and tire cleaner<\/span><\/a><\/p>","protected":false},"featured_media":1849636,"comment_status":"open","ping_status":"open","template":"","meta":{"neve_meta_sidebar":"","neve_meta_container":"","neve_meta_enable_content_width":"","neve_meta_content_width":0,"neve_meta_title_alignment":"","neve_meta_author_avatar":"","neve_post_elements_order":"","neve_meta_disable_header":"","neve_meta_disable_footer":"","neve_meta_disable_title":"","_themeisle_gutenberg_block_has_review":false},"product_brand":[],"product_cat":[745,733,776],"product_tag":[936],"class_list":{"0":"post-1806693","1":"product","2":"type-product","3":"status-publish","4":"has-post-thumbnail","6":"product_cat-kola-i-opony","7":"product_cat-na-zewnatrz","8":"product_cat-zabezpieczanie-felg","9":"product_tag-blend-brothers","11":"first","12":"instock","13":"taxable","14":"shipping-taxable","15":"purchasable","16":"product-type-simple"},"_links":{"self":[{"href":"https:\/\/liquidmaster.pl\/en\/wp-json\/wp\/v2\/product\/1806693","targetHints":{"allow":["GET"]}}],"collection":[{"href":"https:\/\/liquidmaster.pl\/en\/wp-json\/wp\/v2\/product"}],"about":[{"href":"https:\/\/liquidmaster.pl\/en\/wp-json\/wp\/v2\/types\/product"}],"replies":[{"embeddable":true,"href":"https:\/\/liquidmaster.pl\/en\/wp-json\/wp\/v2\/comments?post=1806693"}],"wp:featuredmedia":[{"embeddable":true,"href":"https:\/\/liquidmaster.pl\/en\/wp-json\/wp\/v2\/media\/1849636"}],"wp:attachment":[{"href":"https:\/\/liquidmaster.pl\/en\/wp-json\/wp\/v2\/media?parent=1806693"}],"wp:term":[{"taxonomy":"product_brand","embeddable":true,"href":"https:\/\/liquidmaster.pl\/en\/wp-json\/wp\/v2\/product_brand?post=1806693"},{"taxonomy":"product_cat","embeddable":true,"href":"https:\/\/liquidmaster.pl\/en\/wp-json\/wp\/v2\/product_cat?post=1806693"},{"taxonomy":"product_tag","embeddable":true,"href":"https:\/\/liquidmaster.pl\/en\/wp-json\/wp\/v2\/product_tag?post=1806693"}],"curies":[{"name":"wp","href":"https:\/\/api.w.org\/{rel}","templated":true}]}}