{"id":1806679,"date":"2025-03-28T17:11:01","date_gmt":"2025-03-28T15:11:01","guid":{"rendered":"https:\/\/liquidmaster.pl\/dodo-juice-fibre-reviver-500ml-srodek-do-czyszczenia-tkanin-tapicerki-zamszu-i-dywanow\/"},"modified":"2026-03-13T07:47:57","modified_gmt":"2026-03-13T05:47:57","slug":"dodo-juice-fibre-reviver-500ml-srodek-do-czyszczenia-tkanin-tapicerki-zamszu-i-dywanow","status":"publish","type":"product","link":"https:\/\/liquidmaster.pl\/en\/dodo-juice-fibre-reviver-500ml-srodek-do-czyszczenia-tkanin-tapicerki-zamszu-i-dywanow\/","title":{"rendered":"Dodo Juice Fiber Reviver 500ml - cleaner for fabrics, upholstery, suede and carpets"},"content":{"rendered":"<p>Dodo Juice Fiber Reviver \u2013 a cleaner for fabrics, upholstery, suede and carpets.<\/p>\n<p>Our chemists created Supernatural Leather Cleaner, which won approximately six Auto Express tests in a row and, at the time of writing, remains undefeated to this day.<\/p>\n<p>This, of course, has led to several questions over the years, such as \u201cCan I use Supernatural Leather Cleaner on Alcantara seats?\u201d and \u201cWhat should I use to clean fabric, not leather?\u201d<\/p>\n<p>Well, now we give you the answer in the form of a handy 500 ml spray bottle\u2026 Fiber Reviver.<\/p>\n<p>Skeptics may simply think that we have changed the label and produced the same thing in a different bottle - but this is not true. While both liquids must be clear to avoid staining the surfaces they work on, cleaning leather and vinyl is a completely different process. Less absorbency and little to no chance of dye transfer on leather. Leather upholstery can be scrubbed clean regularly. Unlike leather, fabric is easier to get wet, stained or accidentally bleached.<\/p>\n<p>That&#039;s why we&#039;ve created a new blend (slightly less aggressive than our leather cleaner) to remove dirt while preventing unnecessary damage to sensitive or delicate fabrics. Suede or faux suede in dark colors may be susceptible to bleaching, but when using Fiber Reviver as directed, the risk of inadvertent damage is minimal.<\/p>\n<p>Whether it&#039;s seats, headliner or carpets, Fiber Reviver cleans effectively but gently. Apply it with a spray, avoiding splashing onto surrounding areas, and then rub it in with a neutral-colored lint-free cloth or sponge. For a better effect, rub the product with a soft upholstery brush. Dampen a cloth or sponge and spray the product on it before applying it to the area to be cleaned. Stubborn stains may require the product be applied directly to them.<\/p>\n<p>Work down to crease lines, stitches or natural cracks in the panels. This reduces the risk of leaks.<\/p>\n<p>Then use a clean, damp (discolored, lint-free) cloth to gently absorb any residue, cleaner and dirt. Ready.<\/p>\n<p>To speed up cleaning, you can also use Fiber Reviver with laundry vacuum cleaners by adding a dose to the water tank.<\/p>\n<p>Please note that Fiber Reviver may not be suitable for extreme stains such as paint, petrol, oil, etc. In such cases, more demanding cleaning products or processes may be necessary.<\/p>\n<p>Capacity: 500 ml<\/p>","protected":false},"excerpt":{"rendered":"<p>Dodo Juice Fibre Reviver \u2013 \u015brodek do czyszczenia tkanin, tapicerki, zamszu i dywan\u00f3w. Nasi chemicy stworzyli Supernatural Leather Cleaner, kt\u00f3ry wygra\u0142 oko\u0142o sze\u015bciu test\u00f3w Auto Express z rz\u0119du i, w czasie gdy to piszemy, pozostaje niepokonany do dzi\u015b. To oczywi\u015bcie doprowadzi\u0142o na przestrzeni lat do kilku pyta\u0144, takich jak \u201eCzy mog\u0119 u\u017cy\u0107 Supernatural Leather Cleaner&hellip;&nbsp;<a href=\"https:\/\/liquidmaster.pl\/en\/dodo-juice-fibre-reviver-500ml-srodek-do-czyszczenia-tkanin-tapicerki-zamszu-i-dywanow\/\" rel=\"bookmark\">Read More \u00bb<span class=\"screen-reader-text\">Dodo Juice Fiber Reviver 500ml - cleaner for fabrics, upholstery, suede and carpets<\/span><\/a><\/p>","protected":false},"featured_media":1848121,"comment_status":"open","ping_status":"open","template":"","meta":{"neve_meta_sidebar":"","neve_meta_container":"","neve_meta_enable_content_width":"","neve_meta_content_width":0,"neve_meta_title_alignment":"","neve_meta_author_avatar":"","neve_post_elements_order":"","neve_meta_disable_header":"","neve_meta_disable_footer":"","neve_meta_disable_title":"","_themeisle_gutenberg_block_has_review":false},"product_brand":[],"product_cat":[771,769,768],"product_tag":[288],"class_list":{"0":"post-1806679","1":"product","2":"type-product","3":"status-publish","4":"has-post-thumbnail","6":"product_cat-czyszczenie","7":"product_cat-tapicerka-i-dywaniki","8":"product_cat-wnetrze-auta","9":"product_tag-dodo-juice","10":"pa_promocja-promocje","12":"first","13":"outofstock","14":"taxable","15":"shipping-taxable","16":"purchasable","17":"product-type-simple"},"_links":{"self":[{"href":"https:\/\/liquidmaster.pl\/en\/wp-json\/wp\/v2\/product\/1806679","targetHints":{"allow":["GET"]}}],"collection":[{"href":"https:\/\/liquidmaster.pl\/en\/wp-json\/wp\/v2\/product"}],"about":[{"href":"https:\/\/liquidmaster.pl\/en\/wp-json\/wp\/v2\/types\/product"}],"replies":[{"embeddable":true,"href":"https:\/\/liquidmaster.pl\/en\/wp-json\/wp\/v2\/comments?post=1806679"}],"wp:featuredmedia":[{"embeddable":true,"href":"https:\/\/liquidmaster.pl\/en\/wp-json\/wp\/v2\/media\/1848121"}],"wp:attachment":[{"href":"https:\/\/liquidmaster.pl\/en\/wp-json\/wp\/v2\/media?parent=1806679"}],"wp:term":[{"taxonomy":"product_brand","embeddable":true,"href":"https:\/\/liquidmaster.pl\/en\/wp-json\/wp\/v2\/product_brand?post=1806679"},{"taxonomy":"product_cat","embeddable":true,"href":"https:\/\/liquidmaster.pl\/en\/wp-json\/wp\/v2\/product_cat?post=1806679"},{"taxonomy":"product_tag","embeddable":true,"href":"https:\/\/liquidmaster.pl\/en\/wp-json\/wp\/v2\/product_tag?post=1806679"}],"curies":[{"name":"wp","href":"https:\/\/api.w.org\/{rel}","templated":true}]}}