{"id":1806675,"date":"2025-03-28T17:10:51","date_gmt":"2025-03-28T15:10:51","guid":{"rendered":"https:\/\/liquidmaster.pl\/blend-brothers-bug-bye-bug-remover-1l-srodek-do-usuwania-owadow\/"},"modified":"2026-04-20T08:18:14","modified_gmt":"2026-04-20T06:18:14","slug":"blend-brothers-bug-bye-bug-remover-1l-srodek-do-usuwania-owadow","status":"publish","type":"product","link":"https:\/\/liquidmaster.pl\/en\/blend-brothers-bug-bye-bug-remover-1l-srodek-do-usuwania-owadow\/","title":{"rendered":"Blend Brothers BUG BYE Bug Remover 1L \u2013 insect remover"},"content":{"rendered":"<p>BUG BYE Bug Remover is a preparation for effective removal of insect remains. It works immediately, effectively removing insects from the body surface. Additionally, the product perfectly copes with other organic pollutants, such as bird droppings or tree sap. Regularly cleaning the surface from insects prevents pits from forming on the paint.<\/p>\n<p>Spray the cool car surface with BUG BYE Bug Remover and wait about 3 minutes for the product to work effectively. Remember not to allow the product to dry on the surface of the car. Then rinse the cleaned surface thoroughly with water and proceed to the next cleaning steps. BUG BYE Bug Remover will free your car from insects and other organic dirt. A pristine bodywork without pits and imperfections will be your calling card from now on!<\/p>\n<p>Usage:<\/p>\n<li>Spray the cool surface with the preparation.<\/li>\n<li>Wait about 3 minutes for the product to work effectively. Remember not to allow the product to dry on the surface of the car.<\/li>\n<li>Rinse the cleaned surface thoroughly with water.<\/li>\n<p>Capacity: 1 L<\/p>","protected":false},"excerpt":{"rendered":"<p>BUG BYE Bug Remover to preparat do skutecznego usuwania pozosta\u0142o\u015bci po owadach. Dzia\u0142a natychmiastowo, skutecznie usuwaj\u0105c insekty z powierzchni karoserii. Dodatkowo produkt doskonale radzi sobie z innymi zanieczyszczeniami organicznymi, takimi jak ptasie odchody czy soki drzew. Regularne czyszczenie powierzchni z owad\u00f3w, zapobiega powstawaniu w\u017cer\u00f3w na lakierze. Spryskaj ch\u0142odn\u0105 powierzchni\u0119 samochodu BUG BYE Bug Remover i&hellip;&nbsp;<a href=\"https:\/\/liquidmaster.pl\/en\/blend-brothers-bug-bye-bug-remover-1l-srodek-do-usuwania-owadow\/\" rel=\"bookmark\">Read More \u00bb<span class=\"screen-reader-text\">Blend Brothers BUG BYE Bug Remover 1L \u2013 insect remover<\/span><\/a><\/p>","protected":false},"featured_media":1849624,"comment_status":"open","ping_status":"open","template":"","meta":{"neve_meta_sidebar":"","neve_meta_container":"","neve_meta_enable_content_width":"","neve_meta_content_width":0,"neve_meta_title_alignment":"","neve_meta_author_avatar":"","neve_post_elements_order":"","neve_meta_disable_header":"","neve_meta_disable_footer":"","neve_meta_disable_title":"","_themeisle_gutenberg_block_has_review":false},"product_brand":[],"product_cat":[743,733,754],"product_tag":[936],"class_list":{"0":"post-1806675","1":"product","2":"type-product","3":"status-publish","4":"has-post-thumbnail","6":"product_cat-dekontaminacja","7":"product_cat-na-zewnatrz","8":"product_cat-usuwanie-owadow","9":"product_tag-blend-brothers","11":"first","12":"instock","13":"taxable","14":"shipping-taxable","15":"purchasable","16":"product-type-simple"},"_links":{"self":[{"href":"https:\/\/liquidmaster.pl\/en\/wp-json\/wp\/v2\/product\/1806675","targetHints":{"allow":["GET"]}}],"collection":[{"href":"https:\/\/liquidmaster.pl\/en\/wp-json\/wp\/v2\/product"}],"about":[{"href":"https:\/\/liquidmaster.pl\/en\/wp-json\/wp\/v2\/types\/product"}],"replies":[{"embeddable":true,"href":"https:\/\/liquidmaster.pl\/en\/wp-json\/wp\/v2\/comments?post=1806675"}],"wp:featuredmedia":[{"embeddable":true,"href":"https:\/\/liquidmaster.pl\/en\/wp-json\/wp\/v2\/media\/1849624"}],"wp:attachment":[{"href":"https:\/\/liquidmaster.pl\/en\/wp-json\/wp\/v2\/media?parent=1806675"}],"wp:term":[{"taxonomy":"product_brand","embeddable":true,"href":"https:\/\/liquidmaster.pl\/en\/wp-json\/wp\/v2\/product_brand?post=1806675"},{"taxonomy":"product_cat","embeddable":true,"href":"https:\/\/liquidmaster.pl\/en\/wp-json\/wp\/v2\/product_cat?post=1806675"},{"taxonomy":"product_tag","embeddable":true,"href":"https:\/\/liquidmaster.pl\/en\/wp-json\/wp\/v2\/product_tag?post=1806675"}],"curies":[{"name":"wp","href":"https:\/\/api.w.org\/{rel}","templated":true}]}}