{"id":1806667,"date":"2025-03-28T17:10:28","date_gmt":"2025-03-28T15:10:28","guid":{"rendered":"https:\/\/liquidmaster.pl\/blend-brothers-dual-shock-acid-shampoo-500ml\/"},"modified":"2026-04-20T08:18:12","modified_gmt":"2026-04-20T06:18:12","slug":"blend-brothers-dual-shock-acid-shampoo-500ml","status":"publish","type":"product","link":"https:\/\/liquidmaster.pl\/en\/blend-brothers-dual-shock-acid-shampoo-500ml\/","title":{"rendered":"Blend Brothers DUAL SHOCK Acid Shampoo 500ml"},"content":{"rendered":"<p style=\"box-sizing: border-box; margin: 0px 0px 1em; color: rgb(0, 0, 0); font-family: Rubik, san-serif; font-size: 14px;\">DUAL SHOCK 2in1 Acid Shampoo and Active Foam is an acidic active foam that has a double function. Perfect as a de-icer for ceramic coatings and as a shampoo. Perfectly cleans surfaces protected with ceramic coatings and waxes. Restores their hydrophobic effect.<\/p>\n<p style=\"box-sizing: border-box; margin: 0px 0px 1em; color: rgb(0, 0, 0); font-family: Rubik, san-serif; font-size: 14px;\">DUAL SHOCK 2in1 Acid Shampoo and Active Foam can be used as an active foam for pre-washing or as a shampoo for proper washing. Dilute the product with water in proportions depending on the method of use and the degree of dirt on the surface. The optimal dilution as foam is from 1:10 to 1:30, and as shampoo from 1:300 to 1:100. Apply foam to the surface to be cleaned or use a bucket and a wool or microfiber glove to wash the car. After washing, rinse the surfaces thoroughly with a stream of water.<\/p>\n<p style=\"box-sizing: border-box; margin: 0px 0px 1em; color: rgb(0, 0, 0); font-family: Rubik, san-serif; font-size: 14px;\">DUAL SHOCK 2in1 Acid Sampoo and Active Foam is a product for special tasks. Not only can it be used in different ways depending on your needs, but it will also support the operation of already applied coatings or waxes on your car&#039;s paint!<\/p>\n<p>THE PRODUCT CAN BE DILUTIONED DEPENDING ON YOUR NEEDS:<\/p>\n<ul style=\"padding-right: 0px; padding-left: 0px; box-sizing: border-box; margin: 0px 0px 1em; color: rgb(0, 0, 0); font-family: Rubik, san-serif; font-size: 14px;\">\n<li style=\"box-sizing: border-box; padding-left: 20px; list-style: none; margin: 0px 0px 7px; position: relative;\">as foam in a ratio from 1:10 to 1:30,<\/li>\n<li style=\"box-sizing: border-box; padding-left: 20px; list-style: none; margin: 0px 0px 7px; position: relative;\">as shampoo from 1:300 to 1:100.<\/li>\n<\/ul>\n<p>HOW TO USE:<\/p>\n<li style=\"box-sizing: border-box;\">Dilute the product as recommended.<\/li>\n<li style=\"box-sizing: border-box;\">Apply foam to the surface to be cleaned or use a bucket and a wool or microfiber glove to wash the car.<\/li>\n<li style=\"box-sizing: border-box;\">Rinse the surfaces thoroughly with a stream of water.<\/li>\n<p style=\"box-sizing: border-box; margin: 0px 0px 1em; color: rgb(0, 0, 0); font-family: Rubik, san-serif; font-size: 14px;\">Note: Make sure the product is thoroughly rinsed from the surface!<\/p>\n<p style=\"box-sizing: border-box; margin: 0px 0px 1em; color: rgb(0, 0, 0); font-family: Rubik, san-serif; font-size: 14px;\">Capacity: 1 L<\/p>","protected":false},"excerpt":{"rendered":"<p>DUAL SHOCK 2in1 Acid Shampoo and Acive Foam to kwa\u015bna piana aktywna, kt\u00f3ra pe\u0142ni podw\u00f3jn\u0105 funkcj\u0119. Idealnie sprawdzi si\u0119 jako odtykacz do pow\u0142ok ceramicznych oraz jako szampon. Doskonale czy\u015bci powierzchnie zabezpieczone pow\u0142okami ceramicznymi i woskami. Przywraca ich efekt hydrofobowy. DUAL SHOCK 2in1 Acid Shampoo and Active Foam mo\u017cna u\u017cywa\u0107 jako piany aktywnej do mycia wst\u0119pnego&hellip;&nbsp;<a href=\"https:\/\/liquidmaster.pl\/en\/blend-brothers-dual-shock-acid-shampoo-500ml\/\" rel=\"bookmark\">Read More \u00bb<span class=\"screen-reader-text\">Blend Brothers DUAL SHOCK Acid Shampoo 500ml<\/span><\/a><\/p>","protected":false},"featured_media":1849613,"comment_status":"open","ping_status":"open","template":"","meta":{"neve_meta_sidebar":"","neve_meta_container":"","neve_meta_enable_content_width":"","neve_meta_content_width":0,"neve_meta_title_alignment":"","neve_meta_author_avatar":"","neve_post_elements_order":"","neve_meta_disable_header":"","neve_meta_disable_footer":"","neve_meta_disable_title":"","_themeisle_gutenberg_block_has_review":false},"product_brand":[],"product_cat":[734,733,740],"product_tag":[936],"class_list":{"0":"post-1806667","1":"product","2":"type-product","3":"status-publish","4":"has-post-thumbnail","6":"product_cat-mycie-i-osuszanie","7":"product_cat-na-zewnatrz","8":"product_cat-szampony-mycie-i-osuszanie","9":"product_tag-blend-brothers","11":"first","12":"instock","13":"taxable","14":"shipping-taxable","15":"purchasable","16":"product-type-simple"},"_links":{"self":[{"href":"https:\/\/liquidmaster.pl\/en\/wp-json\/wp\/v2\/product\/1806667","targetHints":{"allow":["GET"]}}],"collection":[{"href":"https:\/\/liquidmaster.pl\/en\/wp-json\/wp\/v2\/product"}],"about":[{"href":"https:\/\/liquidmaster.pl\/en\/wp-json\/wp\/v2\/types\/product"}],"replies":[{"embeddable":true,"href":"https:\/\/liquidmaster.pl\/en\/wp-json\/wp\/v2\/comments?post=1806667"}],"wp:featuredmedia":[{"embeddable":true,"href":"https:\/\/liquidmaster.pl\/en\/wp-json\/wp\/v2\/media\/1849613"}],"wp:attachment":[{"href":"https:\/\/liquidmaster.pl\/en\/wp-json\/wp\/v2\/media?parent=1806667"}],"wp:term":[{"taxonomy":"product_brand","embeddable":true,"href":"https:\/\/liquidmaster.pl\/en\/wp-json\/wp\/v2\/product_brand?post=1806667"},{"taxonomy":"product_cat","embeddable":true,"href":"https:\/\/liquidmaster.pl\/en\/wp-json\/wp\/v2\/product_cat?post=1806667"},{"taxonomy":"product_tag","embeddable":true,"href":"https:\/\/liquidmaster.pl\/en\/wp-json\/wp\/v2\/product_tag?post=1806667"}],"curies":[{"name":"wp","href":"https:\/\/api.w.org\/{rel}","templated":true}]}}