{"id":1806663,"date":"2025-03-28T17:10:24","date_gmt":"2025-03-28T15:10:24","guid":{"rendered":"https:\/\/liquidmaster.pl\/dodo-juice-ferrous-dueller-1l-deironizer-do-czyszczenia-felg\/"},"modified":"2026-03-13T04:22:01","modified_gmt":"2026-03-13T02:22:01","slug":"dodo-juice-ferrous-dueller-1l-deironizer-do-czyszczenia-felg","status":"publish","type":"product","link":"https:\/\/liquidmaster.pl\/en\/dodo-juice-ferrous-dueller-1l-deironizer-do-czyszczenia-felg\/","title":{"rendered":"Dodo Juice Ferrous Dueller 1L - deironizer for cleaning rims"},"content":{"rendered":"<p>Dodo Juice Ferrous Dueller - a product with a neutral pH intended for the safe removal of metallic contaminants from painted surfaces and rims.<\/p>\n<p>Capacity: 1L<\/p>\n<p>\u00a0<\/p><\/p>","protected":false},"excerpt":{"rendered":"<p>Dodo Juice Ferrous Dueller \u2013 produkt o neutralnym pH przeznaczony do bezpiecznego usuwania zanieczyszcze\u0144 pochodzenia metalicznego z powierzchni lakierowanych oraz felg. Pojemno\u015b\u0107: 1 L \u00a0<\/p>","protected":false},"featured_media":1848113,"comment_status":"open","ping_status":"open","template":"","meta":{"neve_meta_sidebar":"","neve_meta_container":"","neve_meta_enable_content_width":"","neve_meta_content_width":0,"neve_meta_title_alignment":"","neve_meta_author_avatar":"","neve_post_elements_order":"","neve_meta_disable_header":"","neve_meta_disable_footer":"","neve_meta_disable_title":"","_themeisle_gutenberg_block_has_review":false},"product_brand":[],"product_cat":[746,745,733],"product_tag":[288],"class_list":{"0":"post-1806663","1":"product","2":"type-product","3":"status-publish","4":"has-post-thumbnail","6":"product_cat-czyszczenie-felg","7":"product_cat-kola-i-opony","8":"product_cat-na-zewnatrz","9":"product_tag-dodo-juice","11":"first","12":"outofstock","13":"taxable","14":"shipping-taxable","15":"purchasable","16":"product-type-simple"},"_links":{"self":[{"href":"https:\/\/liquidmaster.pl\/en\/wp-json\/wp\/v2\/product\/1806663","targetHints":{"allow":["GET"]}}],"collection":[{"href":"https:\/\/liquidmaster.pl\/en\/wp-json\/wp\/v2\/product"}],"about":[{"href":"https:\/\/liquidmaster.pl\/en\/wp-json\/wp\/v2\/types\/product"}],"replies":[{"embeddable":true,"href":"https:\/\/liquidmaster.pl\/en\/wp-json\/wp\/v2\/comments?post=1806663"}],"wp:featuredmedia":[{"embeddable":true,"href":"https:\/\/liquidmaster.pl\/en\/wp-json\/wp\/v2\/media\/1848113"}],"wp:attachment":[{"href":"https:\/\/liquidmaster.pl\/en\/wp-json\/wp\/v2\/media?parent=1806663"}],"wp:term":[{"taxonomy":"product_brand","embeddable":true,"href":"https:\/\/liquidmaster.pl\/en\/wp-json\/wp\/v2\/product_brand?post=1806663"},{"taxonomy":"product_cat","embeddable":true,"href":"https:\/\/liquidmaster.pl\/en\/wp-json\/wp\/v2\/product_cat?post=1806663"},{"taxonomy":"product_tag","embeddable":true,"href":"https:\/\/liquidmaster.pl\/en\/wp-json\/wp\/v2\/product_tag?post=1806663"}],"curies":[{"name":"wp","href":"https:\/\/api.w.org\/{rel}","templated":true}]}}