{"id":1806653,"date":"2025-03-28T17:08:53","date_gmt":"2025-03-28T15:08:53","guid":{"rendered":"https:\/\/liquidmaster.pl\/tenzi-leather-cleaner-700ml\/"},"modified":"2026-04-18T04:38:15","modified_gmt":"2026-04-18T02:38:15","slug":"tenzi-leather-cleaner-700ml","status":"publish","type":"product","link":"https:\/\/liquidmaster.pl\/en\/tenzi-leather-cleaner-700ml\/","title":{"rendered":"Tenzi Leather Cleaner 700ml"},"content":{"rendered":"<p>Ready-to-use, extremely effective agent for cleaning leather surfaces.<\/p>\n<p>It perfectly dissolves even old, deeply embedded dirt, preparing the upholstery for protection. Apply the product to a soft brush, scrub the dirty surface and wipe it with a damp cloth. Before use, test color durability on a small area. The product is not intended for suede, nubuck and oiled leather.<\/p>\n<p>How to use the product:<\/p>\n<p>Vacuum the upholstery to remove sand particles and loose dirt.<br \/>\nTest the color fastness of the product on an invisible surface.<br \/>\nSpray the preparation onto a soft brush or directly onto the surface.<br \/>\nScrub the upholstery thoroughly.<br \/>\nRemove dirt and foam with a damp cloth.<br \/>\nWipe dry with a cloth.<br \/>\nRepeat cleaning if the surface is very dirty.<br \/>\nThe product is not suitable for cleaning suede, nubuck and oiled leather.<\/p>\n<p>Good to know:<\/p>\n<p>Using a sprayer with a foaming strainer makes it easier to control the application of the product.<br \/>\nTest the color fastness of the upholstery to the product on an invisible surface.<br \/>\nRemember to vacuum the surface before cleaning to avoid sand particles damaging the leather.<\/p>\n<p>This is what you need to know:<\/p>\n<p>The product is not suitable for cleaning suede, nubuck and oiled leather.<\/p>","protected":false},"excerpt":{"rendered":"<p>Gotowy do u\u017cycia, niezwykle skuteczny \u015brodek do czyszczenia powierzchni sk\u00f3rzanych. Doskonale rozpuszcza nawet stary, g\u0142\u0119boko wnikni\u0119ty brud przygotowuj\u0105c tapicerk\u0119 do zabezpieczenia. Produkt nale\u017cy nanie\u015b\u0107 na mi\u0119kk\u0105 szczotk\u0119, wyszorowa\u0107 zabrudzon\u0105 powierzchni\u0119 i wytrze\u0107 wilgotn\u0105 szmatk\u0105. Przed u\u017cyciem nale\u017cy przetestowa\u0107 trwa\u0142o\u015b\u0107 kolor\u00f3w na ma\u0142ej powierzchni. Produkt nie jest przeznaczony do zamszu, nubuku i sk\u00f3ry olejowanej. Jak u\u017cywa\u0107&hellip;&nbsp;<a href=\"https:\/\/liquidmaster.pl\/en\/tenzi-leather-cleaner-700ml\/\" rel=\"bookmark\">Read More \u00bb<span class=\"screen-reader-text\">Tenzi Leather Cleaner 700ml<\/span><\/a><\/p>","protected":false},"featured_media":1849594,"comment_status":"open","ping_status":"open","template":"","meta":{"neve_meta_sidebar":"","neve_meta_container":"","neve_meta_enable_content_width":"","neve_meta_content_width":0,"neve_meta_title_alignment":"","neve_meta_author_avatar":"","neve_post_elements_order":"","neve_meta_disable_header":"","neve_meta_disable_footer":"","neve_meta_disable_title":"","_themeisle_gutenberg_block_has_review":false},"product_brand":[],"product_cat":[834,816,768],"product_tag":[368],"class_list":{"0":"post-1806653","1":"product","2":"type-product","3":"status-publish","4":"has-post-thumbnail","6":"product_cat-czyszczenie-skory","7":"product_cat-tapicerka-skorzana","8":"product_cat-wnetrze-auta","9":"product_tag-tenzi","11":"first","12":"instock","13":"taxable","14":"shipping-taxable","15":"purchasable","16":"product-type-simple"},"_links":{"self":[{"href":"https:\/\/liquidmaster.pl\/en\/wp-json\/wp\/v2\/product\/1806653","targetHints":{"allow":["GET"]}}],"collection":[{"href":"https:\/\/liquidmaster.pl\/en\/wp-json\/wp\/v2\/product"}],"about":[{"href":"https:\/\/liquidmaster.pl\/en\/wp-json\/wp\/v2\/types\/product"}],"replies":[{"embeddable":true,"href":"https:\/\/liquidmaster.pl\/en\/wp-json\/wp\/v2\/comments?post=1806653"}],"wp:featuredmedia":[{"embeddable":true,"href":"https:\/\/liquidmaster.pl\/en\/wp-json\/wp\/v2\/media\/1849594"}],"wp:attachment":[{"href":"https:\/\/liquidmaster.pl\/en\/wp-json\/wp\/v2\/media?parent=1806653"}],"wp:term":[{"taxonomy":"product_brand","embeddable":true,"href":"https:\/\/liquidmaster.pl\/en\/wp-json\/wp\/v2\/product_brand?post=1806653"},{"taxonomy":"product_cat","embeddable":true,"href":"https:\/\/liquidmaster.pl\/en\/wp-json\/wp\/v2\/product_cat?post=1806653"},{"taxonomy":"product_tag","embeddable":true,"href":"https:\/\/liquidmaster.pl\/en\/wp-json\/wp\/v2\/product_tag?post=1806653"}],"curies":[{"name":"wp","href":"https:\/\/api.w.org\/{rel}","templated":true}]}}