{"id":1806650,"date":"2025-03-28T17:08:53","date_gmt":"2025-03-28T15:08:53","guid":{"rendered":"https:\/\/liquidmaster.pl\/kovax-proma-x-szlifierka-70x108mm\/"},"modified":"2026-04-18T04:38:15","modified_gmt":"2026-04-18T02:38:15","slug":"kovax-proma-x-szlifierka-70x108mm","status":"publish","type":"product","link":"https:\/\/liquidmaster.pl\/en\/kovax-proma-x-szlifierka-71\/","title":{"rendered":"Kovax PROMA-X Grinder 70x108mm"},"content":{"rendered":"<p>Sanding curves and hard-to-reach areas by machine? With the Proma-X Assilex\/Buflex machine you can sand areas that are difficult to reach with a regular grinder. Think about sanding sills, bumpers, headlights and more. The unique combination with Assilex and Buflex ribbons allows the grinder to be used at every stage of repair - from putty to preparation for polishing!<\/p>\n<p>The ribbon grinder is equipped with a speed control, which allows you to adjust it to the type of material being processed and the level of grinding.<\/p>\n<p>The advantages of a pneumatic ribbon grinder include its high efficiency, precision and the ability to achieve an even sanded surface. Additionally, this tool is relatively light and comfortable to use, which allows you to work longer without fatigue.<\/p>\n<p>A unique and versatile grinder that should not be missing in your workshop<\/p>\n<p>CHARACTERISTICS<\/p>\n<ul>\n<li>Faster preparation process<\/li>\n<li>Easy sanding of curves and edges<\/li>\n<li>Very fast grinding with a uniform finish<\/li>\n<li>Safe sanding and fewer reworks<\/li>\n<li>Precise work thanks to rectangular shapes<\/li>\n<li>Gradations available from K240 to K3000<\/li>\n<li>The entire dry grinding system<\/li>\n<\/ul>\n<p>SPECIFICATION<\/p>\n<ul>\n<li>Catalog number: 910-0660<\/li>\n<li>Air consumption: 350 l\/min<\/li>\n<li>Weight: 0.65 kg<\/li>\n<li>Air pressure: 5-6 bar<\/li>\n<li>Stroke: 3mm<\/li>\n<li>Warranty: 2 years + 1 year after registration<\/li>\n<li>Includes disc 910-0660-1, Assilex spacer 971-0035 and Buflex Dry spacer 971-0061<\/li>\n<\/ul>","protected":false},"excerpt":{"rendered":"<p>Szlifowanie krzywizn i trudno dost\u0119pnych obszar\u00f3w maszynowo? Dzi\u0119ki maszynie Proma-X Assilex\/ Buflex mo\u017cesz szlifowa\u0107 obszary, do kt\u00f3rych trudno dotrze\u0107 zwyk\u0142\u0105 szlifierk\u0105. Pomy\u015bl o szlifowaniu prog\u00f3w, zderzak\u00f3w, reflektor\u00f3w i innych. Wyj\u0105tkowe po\u0142\u0105czenie ze wst\u0119gami Assilex i Buflex umo\u017cliwia zastosowanie szlifierki na ka\u017cdym etapie naprawy \u2013 od szpachl\u00f3wki a\u017c po przygotowanie pod polerowanie! Szlifierka do wst\u0119g jest&hellip;&nbsp;<a href=\"https:\/\/liquidmaster.pl\/en\/kovax-proma-x-szlifierka-71\/\" rel=\"bookmark\">Read More \u00bb<span class=\"screen-reader-text\">Kovax PROMA-X Grinder 70x108mm<\/span><\/a><\/p>","protected":false},"featured_media":1849591,"comment_status":"open","ping_status":"open","template":"","meta":{"neve_meta_sidebar":"","neve_meta_container":"","neve_meta_enable_content_width":"","neve_meta_content_width":0,"neve_meta_title_alignment":"","neve_meta_author_avatar":"","neve_post_elements_order":"","neve_meta_disable_header":"","neve_meta_disable_footer":"","neve_meta_disable_title":"","_themeisle_gutenberg_block_has_review":false},"product_brand":[],"product_cat":[884,748,874],"product_tag":[314],"class_list":{"0":"post-1806650","1":"product","2":"type-product","3":"status-publish","4":"has-post-thumbnail","6":"product_cat-maszyny","7":"product_cat-polerowanie","8":"product_cat-wet-sanding","9":"product_tag-kovax","11":"first","12":"instock","13":"taxable","14":"shipping-taxable","15":"purchasable","16":"product-type-simple"},"_links":{"self":[{"href":"https:\/\/liquidmaster.pl\/en\/wp-json\/wp\/v2\/product\/1806650","targetHints":{"allow":["GET"]}}],"collection":[{"href":"https:\/\/liquidmaster.pl\/en\/wp-json\/wp\/v2\/product"}],"about":[{"href":"https:\/\/liquidmaster.pl\/en\/wp-json\/wp\/v2\/types\/product"}],"replies":[{"embeddable":true,"href":"https:\/\/liquidmaster.pl\/en\/wp-json\/wp\/v2\/comments?post=1806650"}],"wp:featuredmedia":[{"embeddable":true,"href":"https:\/\/liquidmaster.pl\/en\/wp-json\/wp\/v2\/media\/1849591"}],"wp:attachment":[{"href":"https:\/\/liquidmaster.pl\/en\/wp-json\/wp\/v2\/media?parent=1806650"}],"wp:term":[{"taxonomy":"product_brand","embeddable":true,"href":"https:\/\/liquidmaster.pl\/en\/wp-json\/wp\/v2\/product_brand?post=1806650"},{"taxonomy":"product_cat","embeddable":true,"href":"https:\/\/liquidmaster.pl\/en\/wp-json\/wp\/v2\/product_cat?post=1806650"},{"taxonomy":"product_tag","embeddable":true,"href":"https:\/\/liquidmaster.pl\/en\/wp-json\/wp\/v2\/product_tag?post=1806650"}],"curies":[{"name":"wp","href":"https:\/\/api.w.org\/{rel}","templated":true}]}}