{"id":1806649,"date":"2025-03-28T17:08:56","date_gmt":"2025-03-28T15:08:56","guid":{"rendered":"https:\/\/liquidmaster.pl\/dodo-juice-fabricadabra-1l-impregnat-do-tkanin-dachow-cabrio\/"},"modified":"2026-03-13T00:56:00","modified_gmt":"2026-03-12T22:56:00","slug":"dodo-juice-fabricadabra-1l-impregnat-do-tkanin-dachow-cabrio","status":"publish","type":"product","link":"https:\/\/liquidmaster.pl\/en\/dodo-juice-fabricadabra-1l-impregnat-do-tkanin-dachow-cabrio\/","title":{"rendered":"Dodo Juice Fabricadabra 1L - impregnation for fabrics, convertible roofs"},"content":{"rendered":"<p>Dodo Juice Fabricadabra \u2013 impregnation for fabrics, interior upholstery and convertible roofs.<\/p>\n<p>Fabricadabra can be used to protect interior upholstery (to make it more resistant to spills and easier to keep clean) or the fabric\/canvas of a convertible roof.<\/p>\n<p>It gives best results when applied in multiple layers, using a brush or roller, rather than lightly spraying. This is because the fabric and upholstery can be microscopically very uneven, with lots of protruding fibers, pores and air traps. It is better suited for suede materials and dark Alcantara fabrics than solvent-based impregnations, which can whiten the fabric through stronger chemical action.<\/p>\n<p>For seats\/interior upholstery, make sure the surface is as clean as possible. Apply Fabricadabra as a spray (not as effective, risk of splashing onto other surfaces) or with a brush\/roller (recommended method). If applying using the saturation technique, apply it to the entire panel, down to stitch lines, creases or other natural creases in the material. This helps prevent streaks from forming. Leave to dry and then repeat the process. More layers generally mean more water resistance.<\/p>\n<p>For convertible soft tops, make sure the canvas\/fabric is clean. All you need is a low-foaming shampoo or APC (All Purpose Cleaner) for cleaning upholstery or Fiber Reviver. Apply to dry fabric for maximum performance, or apply product to a wet surface for better coverage. Leave to dry and then repeat the process. More layers mean more water resistance. After application, the material should remain dry for 24 hours.<\/p>\n<p>The durability of the coating depends on many factors, mainly the number of layers and use. The driver&#039;s seat will be used more than, for example, the rear seat. If the surface is well prepared and multiple saturation coats are applied, you can expect 3-12 months of protection on interior upholstery and 3-6 months of protection on soft tops (or much longer on garaged cars).<\/p>\n<p>Capacity: 1L<\/p>","protected":false},"excerpt":{"rendered":"<p>Dodo Juice Fabricadabra \u2013 impregnat do tkanin, tapicerki wewn\u0119trznej i dach\u00f3w cabrio. Fabricadabra mo\u017cna stosowa\u0107 do zabezpieczania tapicerki wewn\u0119trznej (aby by\u0142a bardziej odporna na rozlanie p\u0142yn\u00f3w i \u0142atwiejsza do utrzymania w czysto\u015bci) lub tkaniny \/ p\u0142\u00f3tna dachu kabrioletu. Daje najlepsze rezultaty, gdy jest nak\u0142adany w wielu warstwach, za pomoc\u0105 p\u0119dzla lub wa\u0142ka, zamiast lekkiego rozpylania.&hellip;&nbsp;<a href=\"https:\/\/liquidmaster.pl\/en\/dodo-juice-fabricadabra-1l-impregnat-do-tkanin-dachow-cabrio\/\" rel=\"bookmark\">Read More \u00bb<span class=\"screen-reader-text\">Dodo Juice Fabricadabra 1L - impregnation for fabrics, convertible roofs<\/span><\/a><\/p>","protected":false},"featured_media":1848105,"comment_status":"open","ping_status":"open","template":"","meta":{"neve_meta_sidebar":"","neve_meta_container":"","neve_meta_enable_content_width":"","neve_meta_content_width":0,"neve_meta_title_alignment":"","neve_meta_author_avatar":"","neve_post_elements_order":"","neve_meta_disable_header":"","neve_meta_disable_footer":"","neve_meta_disable_title":"","_themeisle_gutenberg_block_has_review":false},"product_brand":[],"product_cat":[848,733,861],"product_tag":[288],"class_list":{"0":"post-1806649","1":"product","2":"type-product","3":"status-publish","4":"has-post-thumbnail","6":"product_cat-dachy-cabrio","7":"product_cat-na-zewnatrz","8":"product_cat-zabezpieczanie-dachow-cabrio","9":"product_tag-dodo-juice","11":"first","12":"outofstock","13":"taxable","14":"shipping-taxable","15":"purchasable","16":"product-type-simple"},"_links":{"self":[{"href":"https:\/\/liquidmaster.pl\/en\/wp-json\/wp\/v2\/product\/1806649","targetHints":{"allow":["GET"]}}],"collection":[{"href":"https:\/\/liquidmaster.pl\/en\/wp-json\/wp\/v2\/product"}],"about":[{"href":"https:\/\/liquidmaster.pl\/en\/wp-json\/wp\/v2\/types\/product"}],"replies":[{"embeddable":true,"href":"https:\/\/liquidmaster.pl\/en\/wp-json\/wp\/v2\/comments?post=1806649"}],"wp:featuredmedia":[{"embeddable":true,"href":"https:\/\/liquidmaster.pl\/en\/wp-json\/wp\/v2\/media\/1848105"}],"wp:attachment":[{"href":"https:\/\/liquidmaster.pl\/en\/wp-json\/wp\/v2\/media?parent=1806649"}],"wp:term":[{"taxonomy":"product_brand","embeddable":true,"href":"https:\/\/liquidmaster.pl\/en\/wp-json\/wp\/v2\/product_brand?post=1806649"},{"taxonomy":"product_cat","embeddable":true,"href":"https:\/\/liquidmaster.pl\/en\/wp-json\/wp\/v2\/product_cat?post=1806649"},{"taxonomy":"product_tag","embeddable":true,"href":"https:\/\/liquidmaster.pl\/en\/wp-json\/wp\/v2\/product_tag?post=1806649"}],"curies":[{"name":"wp","href":"https:\/\/api.w.org\/{rel}","templated":true}]}}