{"id":1806641,"date":"2025-03-28T17:08:29","date_gmt":"2025-03-28T15:08:29","guid":{"rendered":"https:\/\/liquidmaster.pl\/poka-wozek-detailingowy-pod-pad-washer\/"},"modified":"2026-02-12T23:59:55","modified_gmt":"2026-02-12T21:59:55","slug":"poka-wozek-detailingowy-pod-pad-washer","status":"publish","type":"product","link":"https:\/\/liquidmaster.pl\/en\/poka-wozek-detailingowy-pod-pad-washer\/","title":{"rendered":"POKA Detailing Cart for Pad Washer"},"content":{"rendered":"<p>Details<\/p>\n<p>A version of the detailing trolley extended with a special opening for a bucket for cleaning polishing pads. The trolley is intended for professional and amateur detailing studios. We focused on comfort and functionality. Very practical and made of the highest quality materials, it will significantly increase the comfort of your daily work. The right height, innovative solutions and a guarantee of stability are just some of its advantages.<\/p>\n<p>Made of high-quality galvanized steel, precisely crafted, finally powder-coated both inside and out to provide an additional layer of protection against oxidation and damage.<\/p>\n<p>The bucket opening is secured with a reinforced rubber gasket.<\/p>\n<p>\u00a0<\/p>\n<p>Technical data:<\/p>\n<p>\u2013 stroller height 80 cm (easy to move without bending)<\/p>\n<p>\u2013 3 shelves measuring 40x50cm and walls 10.5cm high<\/p>\n<p>\u2013 4 places\/bays for polishing machines<\/p>\n<p>\u2013 5 holes for brushes<\/p>\n<p>\u2013 2 places for mounting bottles<\/p>\n<p>\u2013 4 swivel wheels (55mm) made of high-quality rubber, ensuring stability even on uneven surfaces. 2 Casters with additional brake.<\/p>\n<p>\u00a0<\/p>\n<p>Characteristics:<\/p>\n<p>\u2013 made of high-quality galvanized steel, 1.5 mm thick<\/p>\n<p>\u2013 powder coated<\/p>\n<p>\u00a0<\/p>\n<p>Available colors: black<\/p>","protected":false},"excerpt":{"rendered":"<p>Details Wersja w\u00f3zka detailingowego rozszerzona o specjalny otw\u00f3r na wiadro do czyszczenia pad\u00f3w polerskich. W\u00f3zek przeznaczony jest do profesjonalnych i amatorskich studi\u00f3w detailingowych. Postawili\u015bmy na wygod\u0119 i funkcjonalno\u015b\u0107. Bardzo praktyczny i wykonany z najwy\u017cszej jako\u015bci materia\u0142\u00f3w, znacz\u0105co podniesie komfort Twojej codziennej pracy. Odpowiednia wysoko\u015b\u0107, innowacyjne rozwi\u0105zania i gwarancja stabilno\u015bci to tylko niekt\u00f3re z jego zalet.&hellip;&nbsp;<a href=\"https:\/\/liquidmaster.pl\/en\/poka-wozek-detailingowy-pod-pad-washer\/\" rel=\"bookmark\">Read More \u00bb<span class=\"screen-reader-text\">POKA Detailing Cart for Pad Washer<\/span><\/a><\/p>","protected":false},"featured_media":1849578,"comment_status":"open","ping_status":"open","template":"","meta":{"neve_meta_sidebar":"","neve_meta_container":"","neve_meta_enable_content_width":"","neve_meta_content_width":0,"neve_meta_title_alignment":"","neve_meta_author_avatar":"","neve_post_elements_order":"","neve_meta_disable_header":"","neve_meta_disable_footer":"","neve_meta_disable_title":"","_themeisle_gutenberg_block_has_review":false},"product_brand":[],"product_cat":[757,893,846],"product_tag":[343],"class_list":{"0":"post-1806641","1":"product","2":"type-product","3":"status-publish","4":"has-post-thumbnail","6":"product_cat-akcesoria","7":"product_cat-inne","8":"product_cat-reszta","9":"product_tag-poka-premium","11":"first","12":"instock","13":"taxable","14":"shipping-taxable","15":"purchasable","16":"product-type-simple"},"_links":{"self":[{"href":"https:\/\/liquidmaster.pl\/en\/wp-json\/wp\/v2\/product\/1806641","targetHints":{"allow":["GET"]}}],"collection":[{"href":"https:\/\/liquidmaster.pl\/en\/wp-json\/wp\/v2\/product"}],"about":[{"href":"https:\/\/liquidmaster.pl\/en\/wp-json\/wp\/v2\/types\/product"}],"replies":[{"embeddable":true,"href":"https:\/\/liquidmaster.pl\/en\/wp-json\/wp\/v2\/comments?post=1806641"}],"wp:featuredmedia":[{"embeddable":true,"href":"https:\/\/liquidmaster.pl\/en\/wp-json\/wp\/v2\/media\/1849578"}],"wp:attachment":[{"href":"https:\/\/liquidmaster.pl\/en\/wp-json\/wp\/v2\/media?parent=1806641"}],"wp:term":[{"taxonomy":"product_brand","embeddable":true,"href":"https:\/\/liquidmaster.pl\/en\/wp-json\/wp\/v2\/product_brand?post=1806641"},{"taxonomy":"product_cat","embeddable":true,"href":"https:\/\/liquidmaster.pl\/en\/wp-json\/wp\/v2\/product_cat?post=1806641"},{"taxonomy":"product_tag","embeddable":true,"href":"https:\/\/liquidmaster.pl\/en\/wp-json\/wp\/v2\/product_tag?post=1806641"}],"curies":[{"name":"wp","href":"https:\/\/api.w.org\/{rel}","templated":true}]}}