{"id":1806637,"date":"2025-03-28T17:08:22","date_gmt":"2025-03-28T15:08:22","guid":{"rendered":"https:\/\/liquidmaster.pl\/dodo-juice-dark-matter-500ml-dressing-do-plastikow-i-opon-satynowe-wykonczenie\/"},"modified":"2026-03-13T00:49:58","modified_gmt":"2026-03-12T22:49:58","slug":"dodo-juice-dark-matter-500ml-dressing-do-plastikow-i-opon-satynowe-wykonczenie","status":"publish","type":"product","link":"https:\/\/liquidmaster.pl\/en\/dodo-juice-dark-matter-500ml-dressing-do-plastikow-i-opon-satynowe-wykonczenie\/","title":{"rendered":"Dodo Juice Dark Matter 500ml - dressing for plastics and tires, satin finish"},"content":{"rendered":"<p>Dodo Juice Dark Matter \u2013 a product for the care of external plastic, rubber and black metal elements, as well as tires. It provides a satin and dry-to-touch finish, which means it does not leave streaks after rain. It also does not attract dust like silicone-based products.<\/p>\n<p>Dark Matter nourishes and darkens faded plastics, and the effect lasts for several weeks.<\/p>\n<p>The product can also be used as a tire dressing.<\/p>\n<p>Capacity: 500 ml<\/p>","protected":false},"excerpt":{"rendered":"<p>Dodo Juice Dark Matter \u2013 to produkt do piel\u0119gnacji zewn\u0119trznych element\u00f3w plastikowych i gumowych, metalowych polakierowanych na czarno, a tak\u017ce opon. Zapewnia satynowe i suche w dotyku wyko\u0144czenie, co sprawia, \u017ce nie pozostawia smug po deszczu. Nie przyci\u0105ga tak\u017ce kurzu jak produktu bazuj\u0105ce na silikonie. Dark Matter od\u017cywia i przyciemnia wyblak\u0142e tworzywa sztuczne, a efekt&hellip;&nbsp;<a href=\"https:\/\/liquidmaster.pl\/en\/dodo-juice-dark-matter-500ml-dressing-do-plastikow-i-opon-satynowe-wykonczenie\/\" rel=\"bookmark\">Read More \u00bb<span class=\"screen-reader-text\">Dodo Juice Dark Matter 500ml - dressing for plastics and tires, satin finish<\/span><\/a><\/p>","protected":false},"featured_media":1848098,"comment_status":"open","ping_status":"open","template":"","meta":{"neve_meta_sidebar":"","neve_meta_container":"","neve_meta_enable_content_width":"","neve_meta_content_width":0,"neve_meta_title_alignment":"","neve_meta_author_avatar":"","neve_post_elements_order":"","neve_meta_disable_header":"","neve_meta_disable_footer":"","neve_meta_disable_title":"","_themeisle_gutenberg_block_has_review":false},"product_brand":[],"product_cat":[814,733,815],"product_tag":[288],"class_list":{"0":"post-1806637","1":"product","2":"type-product","3":"status-publish","4":"has-post-thumbnail","6":"product_cat-elementy-gumowe-i-plastikowe","7":"product_cat-na-zewnatrz","8":"product_cat-ochrona-gumy-i-plastikow","9":"product_tag-dodo-juice","11":"first","12":"outofstock","13":"taxable","14":"shipping-taxable","15":"purchasable","16":"product-type-simple"},"_links":{"self":[{"href":"https:\/\/liquidmaster.pl\/en\/wp-json\/wp\/v2\/product\/1806637","targetHints":{"allow":["GET"]}}],"collection":[{"href":"https:\/\/liquidmaster.pl\/en\/wp-json\/wp\/v2\/product"}],"about":[{"href":"https:\/\/liquidmaster.pl\/en\/wp-json\/wp\/v2\/types\/product"}],"replies":[{"embeddable":true,"href":"https:\/\/liquidmaster.pl\/en\/wp-json\/wp\/v2\/comments?post=1806637"}],"wp:featuredmedia":[{"embeddable":true,"href":"https:\/\/liquidmaster.pl\/en\/wp-json\/wp\/v2\/media\/1848098"}],"wp:attachment":[{"href":"https:\/\/liquidmaster.pl\/en\/wp-json\/wp\/v2\/media?parent=1806637"}],"wp:term":[{"taxonomy":"product_brand","embeddable":true,"href":"https:\/\/liquidmaster.pl\/en\/wp-json\/wp\/v2\/product_brand?post=1806637"},{"taxonomy":"product_cat","embeddable":true,"href":"https:\/\/liquidmaster.pl\/en\/wp-json\/wp\/v2\/product_cat?post=1806637"},{"taxonomy":"product_tag","embeddable":true,"href":"https:\/\/liquidmaster.pl\/en\/wp-json\/wp\/v2\/product_tag?post=1806637"}],"curies":[{"name":"wp","href":"https:\/\/api.w.org\/{rel}","templated":true}]}}