{"id":1806635,"date":"2025-03-28T17:08:04","date_gmt":"2025-03-28T15:08:04","guid":{"rendered":"https:\/\/liquidmaster.pl\/poka-podajnik-do-padow-polerskich-165mm-mini\/"},"modified":"2026-04-18T04:38:14","modified_gmt":"2026-04-18T02:38:14","slug":"poka-podajnik-do-padow-polerskich-165mm-mini","status":"publish","type":"product","link":"https:\/\/liquidmaster.pl\/en\/poka-podajnik-do-padow-polerskich-165mm-mini\/","title":{"rendered":"POKA Dispenser for Polishing Pads 165mm mini"},"content":{"rendered":"<p>High-quality metal dispenser for polishing pads with a diameter of up to 165 mm. Made of the best quality and technological structural steel covered with a thick layer of zinc, protecting against rust and corrosion. The hanger was finally painted on both sides with high-quality powder paint with a fine structure that provides protection against scratches and fading. A hanger protected in this way will serve us for many years, even in the most difficult conditions.<\/p>\n<p>Precisely made, thanks to advanced CNC technology, it has no sharp edges or ends. The feeder is safe to use.<\/p>\n<p>Suitable for polishing pads with a diameter of up to 165 mm. The front cutout allows you to take polishing pads even from the middle of the feeder.<\/p>\n<p>Characteristic:<br \/>\n1. Made of 1.5 mm thick sheet metal<br \/>\n2. Galvanized layer - protecting against rust and corrosion<br \/>\n3. Powder coated - protection against scratches and fading<br \/>\n4. Adapted to polishing pads with a diameter of 165 mm<\/p>\n<p>Black colour<\/p>\n<p>Dimensions:<br \/>\nLength: 17 cm<br \/>\nHeight: 15 cm<\/p>\n<p>* The product does not contain mounting elements <\/p>","protected":false},"excerpt":{"rendered":"<p>Wysokiej jako\u015bci, metalowy podajnik na pady polerskie o \u015brednicy do 165 mm. Wykonany z najlepszych jako\u015bciowo i technologicznie stali konstrukcyjnych pokrytych grub\u0105 warstw\u0105 cynku, chroni\u0105c\u0105 przed rdz\u0105 oraz korozj\u0105. Wieszak finalnie zosta\u0142 dwustronnie polakierowany wysokiej jako\u015bci farb\u0105 proszkow\u0105 o drobniej strukturze zapewniaj\u0105cej ochron\u0119 przed zarysowaniami oraz p\u0142owieniem. Tak zabezpieczony wieszak pos\u0142u\u017cy nam przez wiele lat&hellip;&nbsp;<a href=\"https:\/\/liquidmaster.pl\/en\/poka-podajnik-do-padow-polerskich-165mm-mini\/\" rel=\"bookmark\">Read More \u00bb<span class=\"screen-reader-text\">POKA Dispenser for Polishing Pads 165mm mini<\/span><\/a><\/p>","protected":false},"featured_media":1849568,"comment_status":"open","ping_status":"open","template":"","meta":{"neve_meta_sidebar":"","neve_meta_container":"","neve_meta_enable_content_width":"","neve_meta_content_width":0,"neve_meta_title_alignment":"","neve_meta_author_avatar":"","neve_post_elements_order":"","neve_meta_disable_header":"","neve_meta_disable_footer":"","neve_meta_disable_title":"","_themeisle_gutenberg_block_has_review":false},"product_brand":[],"product_cat":[757,893,846],"product_tag":[343],"class_list":{"0":"post-1806635","1":"product","2":"type-product","3":"status-publish","4":"has-post-thumbnail","6":"product_cat-akcesoria","7":"product_cat-inne","8":"product_cat-reszta","9":"product_tag-poka-premium","11":"first","12":"instock","13":"taxable","14":"shipping-taxable","15":"purchasable","16":"product-type-simple"},"_links":{"self":[{"href":"https:\/\/liquidmaster.pl\/en\/wp-json\/wp\/v2\/product\/1806635","targetHints":{"allow":["GET"]}}],"collection":[{"href":"https:\/\/liquidmaster.pl\/en\/wp-json\/wp\/v2\/product"}],"about":[{"href":"https:\/\/liquidmaster.pl\/en\/wp-json\/wp\/v2\/types\/product"}],"replies":[{"embeddable":true,"href":"https:\/\/liquidmaster.pl\/en\/wp-json\/wp\/v2\/comments?post=1806635"}],"wp:featuredmedia":[{"embeddable":true,"href":"https:\/\/liquidmaster.pl\/en\/wp-json\/wp\/v2\/media\/1849568"}],"wp:attachment":[{"href":"https:\/\/liquidmaster.pl\/en\/wp-json\/wp\/v2\/media?parent=1806635"}],"wp:term":[{"taxonomy":"product_brand","embeddable":true,"href":"https:\/\/liquidmaster.pl\/en\/wp-json\/wp\/v2\/product_brand?post=1806635"},{"taxonomy":"product_cat","embeddable":true,"href":"https:\/\/liquidmaster.pl\/en\/wp-json\/wp\/v2\/product_cat?post=1806635"},{"taxonomy":"product_tag","embeddable":true,"href":"https:\/\/liquidmaster.pl\/en\/wp-json\/wp\/v2\/product_tag?post=1806635"}],"curies":[{"name":"wp","href":"https:\/\/api.w.org\/{rel}","templated":true}]}}