{"id":1806623,"date":"2025-03-28T17:06:53","date_gmt":"2025-03-28T15:06:53","guid":{"rendered":"https:\/\/liquidmaster.pl\/kovax-toleblock-qm\/"},"modified":"2026-04-19T03:25:25","modified_gmt":"2026-04-19T01:25:25","slug":"kovax-toleblock-qm","status":"publish","type":"product","link":"https:\/\/liquidmaster.pl\/en\/kovax-toleblock-qm\/","title":{"rendered":"Kovax Toleblock QM"},"content":{"rendered":"<p>A rubber block for use with Kovax tolecut papers allows you to remove various types of inclusions and other imperfections from painted elements. Thanks to the use of an adhesive system, it allows for a perfect surface finish. The oval block allows for grinding in hard-to-reach places and unusual shapes.<\/p>\n<p>Dimensions: 42mm x 28mm x H69mm<\/p>","protected":false},"excerpt":{"rendered":"<p>Klocek gumowy do stosowania z papierami Kovax tolecut pozwala na usuwanie r\u00f3\u017cnego rodzaju wtr\u0105ce\u0144 i innym niedoskona\u0142o\u015bci z polakierowanych element\u00f3w. Dzi\u0119ki zastosowaniu systemu klejowego pozwala na idealne wyko\u0144czenie powierzchni. Owalny klocek pozwala na szlifowanie w trudno dost\u0119pnych miejscach oraz nietypowych kszta\u0142tach. Wymiary: 42mm x 28mm x H69mm<\/p>","protected":false},"featured_media":1849554,"comment_status":"open","ping_status":"open","template":"","meta":{"neve_meta_sidebar":"","neve_meta_container":"","neve_meta_enable_content_width":"","neve_meta_content_width":0,"neve_meta_title_alignment":"","neve_meta_author_avatar":"","neve_post_elements_order":"","neve_meta_disable_header":"","neve_meta_disable_footer":"","neve_meta_disable_title":"","_themeisle_gutenberg_block_has_review":false},"product_brand":[],"product_cat":[757,748,874],"product_tag":[314],"class_list":{"0":"post-1806623","1":"product","2":"type-product","3":"status-publish","4":"has-post-thumbnail","6":"product_cat-akcesoria","7":"product_cat-polerowanie","8":"product_cat-wet-sanding","9":"product_tag-kovax","11":"first","12":"instock","13":"taxable","14":"shipping-taxable","15":"purchasable","16":"product-type-simple"},"_links":{"self":[{"href":"https:\/\/liquidmaster.pl\/en\/wp-json\/wp\/v2\/product\/1806623","targetHints":{"allow":["GET"]}}],"collection":[{"href":"https:\/\/liquidmaster.pl\/en\/wp-json\/wp\/v2\/product"}],"about":[{"href":"https:\/\/liquidmaster.pl\/en\/wp-json\/wp\/v2\/types\/product"}],"replies":[{"embeddable":true,"href":"https:\/\/liquidmaster.pl\/en\/wp-json\/wp\/v2\/comments?post=1806623"}],"wp:featuredmedia":[{"embeddable":true,"href":"https:\/\/liquidmaster.pl\/en\/wp-json\/wp\/v2\/media\/1849554"}],"wp:attachment":[{"href":"https:\/\/liquidmaster.pl\/en\/wp-json\/wp\/v2\/media?parent=1806623"}],"wp:term":[{"taxonomy":"product_brand","embeddable":true,"href":"https:\/\/liquidmaster.pl\/en\/wp-json\/wp\/v2\/product_brand?post=1806623"},{"taxonomy":"product_cat","embeddable":true,"href":"https:\/\/liquidmaster.pl\/en\/wp-json\/wp\/v2\/product_cat?post=1806623"},{"taxonomy":"product_tag","embeddable":true,"href":"https:\/\/liquidmaster.pl\/en\/wp-json\/wp\/v2\/product_tag?post=1806623"}],"curies":[{"name":"wp","href":"https:\/\/api.w.org\/{rel}","templated":true}]}}