{"id":1806617,"date":"2025-03-28T17:06:29","date_gmt":"2025-03-28T15:06:29","guid":{"rendered":"https:\/\/liquidmaster.pl\/ez-grip-plastic-razor-blades-1szt-dwustronne-bezpieczne-ostrze-plastikowe\/"},"modified":"2026-04-18T04:38:11","modified_gmt":"2026-04-18T02:38:11","slug":"ez-grip-plastic-razor-blades-1szt-dwustronne-bezpieczne-ostrze-plastikowe","status":"publish","type":"product","link":"https:\/\/liquidmaster.pl\/en\/ez-grip-plastic-razor-blades-1szt-dwustronne-bezpieczne-ostrze-plastikowe\/","title":{"rendered":"EZ Grip Plastic Razor Blades 1 pc \u2013 double-sided safe plastic blade"},"content":{"rendered":"<p>EZ Grip Plastic Razor Blades are a plastic double-sided blade. This plastic knife performs the same tasks for which you used metal razor blades. With one important difference\u2026 It&#039;s much safer!<\/p>\n<p>Unlike metal razor blades, the EZ Grip Plastic Razor Blade will not damage surfaces such as paint or glass when removing stickers, bird droppings, tree sap and other sticky materials. When it comes to removing an old registration sticker or sticker from a vehicle&#039;s window, most people reach for an old-fashioned steel razor blade. But what if you need to remove a sticker from irregular or chrome surfaces? The steel blade of the razor is too sharp and too risky.<\/p>\n<p>EZ-Grip Plastic Razor Blades are made of hot-injection molded plastic, which provides strength and stiffness to the blades. This plastic offers increased vertical and horizontal stability. It is characterized by a low coefficient of friction and is resistant to many chemicals and solvents. For better gliding of the blade, especially on delicate elements such as car paint, it should be used with lubricant or quick detailer.<\/p>\n<p>Remember, EZ-Grip Plastic Razor Blades are double-sided!\u00a0<\/p>\n<p>Quantity: One plastic blade. The holder intended for it is sold separately.<\/p>","protected":false},"excerpt":{"rendered":"<p>EZ Grip Plastic Razor Blades\u00a0to plastikowe dwustronne ostrze. Ten plastikowy no\u017cyk wykonuje te same zadania, do kt\u00f3rych do tej pory u\u017cywa\u0142e\u015b metalowych \u017cyletek. Z jedn\u0105 istotn\u0105 r\u00f3\u017cnic\u0105&#8230; Jest o wiele bardziej bezpieczne! W przeciwie\u0144stwie do metalowych \u017cyletek produkt EZ Grip Plastic Razor Blade nie uszkodzi takich powierzchni jak lakier czy szk\u0142o, podczas usuwania naklejek, ptasich&hellip;&nbsp;<a href=\"https:\/\/liquidmaster.pl\/en\/ez-grip-plastic-razor-blades-1szt-dwustronne-bezpieczne-ostrze-plastikowe\/\" rel=\"bookmark\">Read More \u00bb<span class=\"screen-reader-text\">EZ Grip Plastic Razor Blades 1 pc \u2013 double-sided safe plastic blade<\/span><\/a><\/p>","protected":false},"featured_media":1849544,"comment_status":"open","ping_status":"open","template":"","meta":{"neve_meta_sidebar":"","neve_meta_container":"","neve_meta_enable_content_width":"","neve_meta_content_width":0,"neve_meta_title_alignment":"","neve_meta_author_avatar":"","neve_post_elements_order":"","neve_meta_disable_header":"","neve_meta_disable_footer":"","neve_meta_disable_title":"","_themeisle_gutenberg_block_has_review":false},"product_brand":[],"product_cat":[1111,886,887,879],"product_tag":[291],"class_list":{"0":"post-1806617","1":"product","2":"type-product","3":"status-publish","4":"has-post-thumbnail","6":"product_cat-aplikacja-folii","7":"product_cat-narzedzia-do-oklejania","8":"product_cat-noze-i-ostrza","9":"product_cat-oklejanie","10":"product_tag-ez-grip","12":"first","13":"outofstock","14":"taxable","15":"shipping-taxable","16":"purchasable","17":"product-type-simple"},"_links":{"self":[{"href":"https:\/\/liquidmaster.pl\/en\/wp-json\/wp\/v2\/product\/1806617","targetHints":{"allow":["GET"]}}],"collection":[{"href":"https:\/\/liquidmaster.pl\/en\/wp-json\/wp\/v2\/product"}],"about":[{"href":"https:\/\/liquidmaster.pl\/en\/wp-json\/wp\/v2\/types\/product"}],"replies":[{"embeddable":true,"href":"https:\/\/liquidmaster.pl\/en\/wp-json\/wp\/v2\/comments?post=1806617"}],"wp:featuredmedia":[{"embeddable":true,"href":"https:\/\/liquidmaster.pl\/en\/wp-json\/wp\/v2\/media\/1849544"}],"wp:attachment":[{"href":"https:\/\/liquidmaster.pl\/en\/wp-json\/wp\/v2\/media?parent=1806617"}],"wp:term":[{"taxonomy":"product_brand","embeddable":true,"href":"https:\/\/liquidmaster.pl\/en\/wp-json\/wp\/v2\/product_brand?post=1806617"},{"taxonomy":"product_cat","embeddable":true,"href":"https:\/\/liquidmaster.pl\/en\/wp-json\/wp\/v2\/product_cat?post=1806617"},{"taxonomy":"product_tag","embeddable":true,"href":"https:\/\/liquidmaster.pl\/en\/wp-json\/wp\/v2\/product_tag?post=1806617"}],"curies":[{"name":"wp","href":"https:\/\/api.w.org\/{rel}","templated":true}]}}