{"id":1806607,"date":"2025-03-28T17:06:05","date_gmt":"2025-03-28T15:06:05","guid":{"rendered":"https:\/\/liquidmaster.pl\/pure-chemie-sour-foam-5l-kwasna-piana-aktywna\/"},"modified":"2026-04-21T08:19:21","modified_gmt":"2026-04-21T06:19:21","slug":"pure-chemie-sour-foam-5l-kwasna-piana-aktywna","status":"publish","type":"product","link":"https:\/\/liquidmaster.pl\/en\/pure-chemie-sour-foam-5l-kwasna-piana-aktywna\/","title":{"rendered":"Pure Chemie Sour Foam 5L \u2013 sour active foam"},"content":{"rendered":"<p>Pure Chemie Sour Foam \u2013 is an advanced acidic preparation intended for use as active foam or preliminary spraying. Innovative ingredients easily break down the structure of dirt and facilitate its removal from the cleaned surface. A large amount of foam removes up to 90% impurities by gravity, making it perfect for touchless washing. The product does not leave any deposits or streaks. The acidic reaction ensures the safety of protective coatings and waxes, and additionally has anti-clogging properties and restores hydrophobicity.<\/p>\n<p style=\"box-sizing: border-box; margin: 0px 0px 1em; color: rgb(0, 0, 0); font-family: Rubik, san-serif; font-size: 14px;\">\u00a0<\/p>\n<p style=\"box-sizing: border-box; margin: 0px 0px 1em; color: rgb(0, 0, 0); font-family: Rubik, san-serif; font-size: 14px;\">Usage:<\/p>\n<p style=\"box-sizing: border-box; margin: 0px 0px 1em; color: rgb(0, 0, 0); font-family: Rubik, san-serif; font-size: 14px;\">ATTENTION! Never apply the product to a hot car. Before first use, test the product in an inconspicuous place.<\/p>\n<li style=\"box-sizing: border-box;\">Apply the foam \/ spray from the bottom to the top of the car, leave for approx. 3 minutes, and then rinse thoroughly with a pressure washer.<\/li>\n<li style=\"box-sizing: border-box;\">In case of heavy soiling, remove residues with a glove or sponge.<\/li>\n<li style=\"box-sizing: border-box;\">Dry the car thoroughly.<\/li>\n<p style=\"box-sizing: border-box; margin: 0px 0px 1em; color: rgb(0, 0, 0); font-family: Rubik, san-serif; font-size: 14px;\">dilution:<\/p>\n<ul style=\"box-sizing: border-box; margin: 0px 0px 1em; padding-right: 0px; padding-left: 0px; color: rgb(0, 0, 0); font-family: Rubik, san-serif; font-size: 14px;\">\n<li style=\"box-sizing: border-box; padding-left: 20px; list-style: none; margin: 0px 0px 7px; position: relative;\">1:8 - lance spray<\/li>\n<li style=\"box-sizing: border-box; padding-left: 20px; list-style: none; margin: 0px 0px 7px; position: relative;\">1:10 - piano<\/li>\n<li style=\"box-sizing: border-box; padding-left: 20px; list-style: none; margin: 0px 0px 7px; position: relative;\">1:40 - hand washing<\/li>\n<\/ul>\n<p style=\"box-sizing: border-box; margin: 0px 0px 1em; color: rgb(0, 0, 0); font-family: Rubik, san-serif; font-size: 14px;\">Capacity: 5L<\/p>","protected":false},"excerpt":{"rendered":"<p>Pure Chemie Sour Foam\u00a0\u2013 to zaawansowany preparat o odczynie kwa\u015bnym, kt\u00f3ry przeznaczony jest do stosowania jako piana aktywna lub oprysk wst\u0119pny. Innowacyjne sk\u0142adniki z \u0142atwo\u015bci\u0105 rozbijaj\u0105 struktur\u0119 zabrudze\u0144 i u\u0142atwiaj\u0105 ich usuwanie z czyszczonej powierzchni. Spora ilo\u015b\u0107 piany, grawitacyjnie usuwa do 90% zanieczyszcze\u0144, dzi\u0119ki czemu \u015bwietnie nadaje si\u0119 do mycia bezdotykowego. Produkt nie pozostawia osad\u00f3w&hellip;&nbsp;<a href=\"https:\/\/liquidmaster.pl\/en\/pure-chemie-sour-foam-5l-kwasna-piana-aktywna\/\" rel=\"bookmark\">Read More \u00bb<span class=\"screen-reader-text\">Pure Chemie Sour Foam 5L \u2013 sour active foam<\/span><\/a><\/p>","protected":false},"featured_media":1849530,"comment_status":"open","ping_status":"open","template":"","meta":{"neve_meta_sidebar":"","neve_meta_container":"","neve_meta_enable_content_width":"","neve_meta_content_width":0,"neve_meta_title_alignment":"","neve_meta_author_avatar":"","neve_post_elements_order":"","neve_meta_disable_header":"","neve_meta_disable_footer":"","neve_meta_disable_title":"","_themeisle_gutenberg_block_has_review":false},"product_brand":[],"product_cat":[734,733,753],"product_tag":[349],"class_list":{"0":"post-1806607","1":"product","2":"type-product","3":"status-publish","4":"has-post-thumbnail","6":"product_cat-mycie-i-osuszanie","7":"product_cat-na-zewnatrz","8":"product_cat-piany-aktywne-i-pianownice","9":"product_tag-pure-chemie","11":"first","12":"instock","13":"taxable","14":"shipping-taxable","15":"purchasable","16":"product-type-simple"},"_links":{"self":[{"href":"https:\/\/liquidmaster.pl\/en\/wp-json\/wp\/v2\/product\/1806607","targetHints":{"allow":["GET"]}}],"collection":[{"href":"https:\/\/liquidmaster.pl\/en\/wp-json\/wp\/v2\/product"}],"about":[{"href":"https:\/\/liquidmaster.pl\/en\/wp-json\/wp\/v2\/types\/product"}],"replies":[{"embeddable":true,"href":"https:\/\/liquidmaster.pl\/en\/wp-json\/wp\/v2\/comments?post=1806607"}],"wp:featuredmedia":[{"embeddable":true,"href":"https:\/\/liquidmaster.pl\/en\/wp-json\/wp\/v2\/media\/1849530"}],"wp:attachment":[{"href":"https:\/\/liquidmaster.pl\/en\/wp-json\/wp\/v2\/media?parent=1806607"}],"wp:term":[{"taxonomy":"product_brand","embeddable":true,"href":"https:\/\/liquidmaster.pl\/en\/wp-json\/wp\/v2\/product_brand?post=1806607"},{"taxonomy":"product_cat","embeddable":true,"href":"https:\/\/liquidmaster.pl\/en\/wp-json\/wp\/v2\/product_cat?post=1806607"},{"taxonomy":"product_tag","embeddable":true,"href":"https:\/\/liquidmaster.pl\/en\/wp-json\/wp\/v2\/product_tag?post=1806607"}],"curies":[{"name":"wp","href":"https:\/\/api.w.org\/{rel}","templated":true}]}}