{"id":1806595,"date":"2025-03-28T17:04:50","date_gmt":"2025-03-28T15:04:50","guid":{"rendered":"https:\/\/liquidmaster.pl\/detailing-house-naklejka-na-wiadro-plukanie-fun\/"},"modified":"2026-04-18T04:38:07","modified_gmt":"2026-04-18T02:38:07","slug":"detailing-house-naklejka-na-wiadro-plukanie-fun","status":"publish","type":"product","link":"https:\/\/liquidmaster.pl\/en\/detailing-house-naklejka-na-wiadro-plukanie-fun\/","title":{"rendered":"Detailing House Bucket Sticker Rinsing FUN"},"content":{"rendered":"<p>A unique sticker for marking buckets intended for rinsing the vehicle. The sticker is made of high-quality water-resistant materials, which guarantees its durability. Expressive letters and clear graphics with a touch of humor guarantee quick and easy recognition of the bucket&#039;s purpose.<\/p>\n<p>Diameter: 20 cm<\/p>","protected":false},"excerpt":{"rendered":"<p>Unikalna naklejka do oznaczania wiader przeznaczonych do p\u0142ukania pojazdu. Naklejka jest wykonana z wysokiej jako\u015bci materia\u0142\u00f3w odpornych na wod\u0119, co gwarantuje jej trwa\u0142o\u015b\u0107. Wyraziste litery i klarowna grafika z odrobin\u0105 humoru gwarantuj\u0105 szybkie i \u0142atwe rozpoznanie przeznaczenia wiadra. \u015arednica: 20 cm<\/p>","protected":false},"featured_media":1849516,"comment_status":"open","ping_status":"open","template":"","meta":{"neve_meta_sidebar":"","neve_meta_container":"","neve_meta_enable_content_width":"","neve_meta_content_width":0,"neve_meta_title_alignment":"","neve_meta_author_avatar":"","neve_post_elements_order":"","neve_meta_disable_header":"","neve_meta_disable_footer":"","neve_meta_disable_title":"","_themeisle_gutenberg_block_has_review":false},"product_brand":[],"product_cat":[757,862,811],"product_tag":[286],"class_list":{"0":"post-1806595","1":"product","2":"type-product","3":"status-publish","4":"has-post-thumbnail","6":"product_cat-akcesoria","7":"product_cat-gadzety","8":"product_cat-pozostale-akcesoria","9":"product_tag-detailing-house","11":"first","12":"instock","13":"taxable","14":"shipping-taxable","15":"purchasable","16":"product-type-simple"},"_links":{"self":[{"href":"https:\/\/liquidmaster.pl\/en\/wp-json\/wp\/v2\/product\/1806595","targetHints":{"allow":["GET"]}}],"collection":[{"href":"https:\/\/liquidmaster.pl\/en\/wp-json\/wp\/v2\/product"}],"about":[{"href":"https:\/\/liquidmaster.pl\/en\/wp-json\/wp\/v2\/types\/product"}],"replies":[{"embeddable":true,"href":"https:\/\/liquidmaster.pl\/en\/wp-json\/wp\/v2\/comments?post=1806595"}],"wp:featuredmedia":[{"embeddable":true,"href":"https:\/\/liquidmaster.pl\/en\/wp-json\/wp\/v2\/media\/1849516"}],"wp:attachment":[{"href":"https:\/\/liquidmaster.pl\/en\/wp-json\/wp\/v2\/media?parent=1806595"}],"wp:term":[{"taxonomy":"product_brand","embeddable":true,"href":"https:\/\/liquidmaster.pl\/en\/wp-json\/wp\/v2\/product_brand?post=1806595"},{"taxonomy":"product_cat","embeddable":true,"href":"https:\/\/liquidmaster.pl\/en\/wp-json\/wp\/v2\/product_cat?post=1806595"},{"taxonomy":"product_tag","embeddable":true,"href":"https:\/\/liquidmaster.pl\/en\/wp-json\/wp\/v2\/product_tag?post=1806595"}],"curies":[{"name":"wp","href":"https:\/\/api.w.org\/{rel}","templated":true}]}}