{"id":1806589,"date":"2025-03-28T17:04:28","date_gmt":"2025-03-28T15:04:28","guid":{"rendered":"https:\/\/liquidmaster.pl\/detailing-house-naklejka-na-wiadro-mycie-fun\/"},"modified":"2026-04-18T04:38:06","modified_gmt":"2026-04-18T02:38:06","slug":"detailing-house-naklejka-na-wiadro-mycie-fun","status":"publish","type":"product","link":"https:\/\/liquidmaster.pl\/en\/detailing-house-naklejka-na-wiadro-mycie-fun\/","title":{"rendered":"Detailing House Sticker For Washing Bucket FUN"},"content":{"rendered":"<p>A durable sticker, specially designed to mark the bucket intended for the vehicle washing process. Its waterproof surface makes it perfect for detailing environments. Expressive letters and clear graphics with a touch of humor guarantee quick and easy recognition of the bucket&#039;s purpose.<\/p>\n<p>Diameter: 20 cm<\/p>","protected":false},"excerpt":{"rendered":"<p>Wytrzyma\u0142a naklejka, zaprojektowana specjalnie do oznaczenia wiadra przeznaczonego do procesu mycia pojazdu. Jej wodoodporna powierzchnia sprawia, \u017ce \u015bwietnie sprawdza si\u0119 w \u015brodowisku detailingowym. Wyraziste litery i klarowna grafika z odrobin\u0105 humoru gwarantuj\u0105 szybkie i \u0142atwe rozpoznanie przeznaczenia wiadra. \u015arednica: 20 cm<\/p>","protected":false},"featured_media":1849506,"comment_status":"open","ping_status":"open","template":"","meta":{"neve_meta_sidebar":"","neve_meta_container":"","neve_meta_enable_content_width":"","neve_meta_content_width":0,"neve_meta_title_alignment":"","neve_meta_author_avatar":"","neve_post_elements_order":"","neve_meta_disable_header":"","neve_meta_disable_footer":"","neve_meta_disable_title":"","_themeisle_gutenberg_block_has_review":false},"product_brand":[],"product_cat":[757,862,811],"product_tag":[286],"class_list":{"0":"post-1806589","1":"product","2":"type-product","3":"status-publish","4":"has-post-thumbnail","6":"product_cat-akcesoria","7":"product_cat-gadzety","8":"product_cat-pozostale-akcesoria","9":"product_tag-detailing-house","11":"first","12":"instock","13":"taxable","14":"shipping-taxable","15":"purchasable","16":"product-type-simple"},"_links":{"self":[{"href":"https:\/\/liquidmaster.pl\/en\/wp-json\/wp\/v2\/product\/1806589","targetHints":{"allow":["GET"]}}],"collection":[{"href":"https:\/\/liquidmaster.pl\/en\/wp-json\/wp\/v2\/product"}],"about":[{"href":"https:\/\/liquidmaster.pl\/en\/wp-json\/wp\/v2\/types\/product"}],"replies":[{"embeddable":true,"href":"https:\/\/liquidmaster.pl\/en\/wp-json\/wp\/v2\/comments?post=1806589"}],"wp:featuredmedia":[{"embeddable":true,"href":"https:\/\/liquidmaster.pl\/en\/wp-json\/wp\/v2\/media\/1849506"}],"wp:attachment":[{"href":"https:\/\/liquidmaster.pl\/en\/wp-json\/wp\/v2\/media?parent=1806589"}],"wp:term":[{"taxonomy":"product_brand","embeddable":true,"href":"https:\/\/liquidmaster.pl\/en\/wp-json\/wp\/v2\/product_brand?post=1806589"},{"taxonomy":"product_cat","embeddable":true,"href":"https:\/\/liquidmaster.pl\/en\/wp-json\/wp\/v2\/product_cat?post=1806589"},{"taxonomy":"product_tag","embeddable":true,"href":"https:\/\/liquidmaster.pl\/en\/wp-json\/wp\/v2\/product_tag?post=1806589"}],"curies":[{"name":"wp","href":"https:\/\/api.w.org\/{rel}","templated":true}]}}