{"id":1806585,"date":"2025-03-28T17:04:22","date_gmt":"2025-03-28T15:04:22","guid":{"rendered":"https:\/\/liquidmaster.pl\/dodo-juice-bold-spice-100ml-odswiezacz-powietrza-zapach-do-samochodu-w-sprayu\/"},"modified":"2026-03-12T07:47:57","modified_gmt":"2026-03-12T05:47:57","slug":"dodo-juice-bold-spice-100ml-odswiezacz-powietrza-zapach-do-samochodu-w-sprayu","status":"publish","type":"product","link":"https:\/\/liquidmaster.pl\/en\/dodo-juice-bold-spice-100ml-odswiezacz-powietrza-zapach-do-samochodu-w-sprayu\/","title":{"rendered":"Dodo Juice Bold Spice 100ml - air freshener, spray car fragrance"},"content":{"rendered":"<p>Dodo Juice Bold Spice \u2013 berry car fragrance.<\/p>\n<p>Spray air freshener with the same scent as Blue Velvet wax. Notes of berries and dark fruits. A refined aroma that is neither too sweet nor obvious.<\/p>\n<p>Easy to use. Just spray it under the front seats or on the carpet. A few sprays will keep your car smelling fresh for several days. A 100 ml bottle is enough for about 20-30 applications.<\/p>\n<p>Capacity: 100 ml<\/p>","protected":false},"excerpt":{"rendered":"<p>Dodo Juice Bold Spice \u2013 jagodowy zapach do samochodu. Od\u015bwie\u017cacz powietrza w sprayu o tym samym zapachu, co wosk Blue Velvet. Nuty jag\u00f3d i ciemnych owoc\u00f3w. Wyrafinowany aromat, kt\u00f3ry nie jest ani zbyt s\u0142odki, ani oczywisty. \u0141atwy w u\u017cyciu. Po prostu spryskaj go pod przednimi siedzeniami lub na dywanik. Kilka pry\u015bni\u0119\u0107 sprawi, \u017ce Tw\u00f3j samoch\u00f3d&hellip;&nbsp;<a href=\"https:\/\/liquidmaster.pl\/en\/dodo-juice-bold-spice-100ml-odswiezacz-powietrza-zapach-do-samochodu-w-sprayu\/\" rel=\"bookmark\">Read More \u00bb<span class=\"screen-reader-text\">Dodo Juice Bold Spice 100ml - air freshener, spray car fragrance<\/span><\/a><\/p>","protected":false},"featured_media":1848064,"comment_status":"open","ping_status":"open","template":"","meta":{"neve_meta_sidebar":"","neve_meta_container":"","neve_meta_enable_content_width":"","neve_meta_content_width":0,"neve_meta_title_alignment":"","neve_meta_author_avatar":"","neve_post_elements_order":"","neve_meta_disable_header":"","neve_meta_disable_footer":"","neve_meta_disable_title":"","_themeisle_gutenberg_block_has_review":false},"product_brand":[],"product_cat":[801,802,768],"product_tag":[288],"class_list":{"0":"post-1806585","1":"product","2":"type-product","3":"status-publish","4":"has-post-thumbnail","6":"product_cat-odswiezacze-powietrza","7":"product_cat-perfumy-i-spraye","8":"product_cat-wnetrze-auta","9":"product_tag-dodo-juice","11":"first","12":"outofstock","13":"taxable","14":"shipping-taxable","15":"purchasable","16":"product-type-simple"},"_links":{"self":[{"href":"https:\/\/liquidmaster.pl\/en\/wp-json\/wp\/v2\/product\/1806585","targetHints":{"allow":["GET"]}}],"collection":[{"href":"https:\/\/liquidmaster.pl\/en\/wp-json\/wp\/v2\/product"}],"about":[{"href":"https:\/\/liquidmaster.pl\/en\/wp-json\/wp\/v2\/types\/product"}],"replies":[{"embeddable":true,"href":"https:\/\/liquidmaster.pl\/en\/wp-json\/wp\/v2\/comments?post=1806585"}],"wp:featuredmedia":[{"embeddable":true,"href":"https:\/\/liquidmaster.pl\/en\/wp-json\/wp\/v2\/media\/1848064"}],"wp:attachment":[{"href":"https:\/\/liquidmaster.pl\/en\/wp-json\/wp\/v2\/media?parent=1806585"}],"wp:term":[{"taxonomy":"product_brand","embeddable":true,"href":"https:\/\/liquidmaster.pl\/en\/wp-json\/wp\/v2\/product_brand?post=1806585"},{"taxonomy":"product_cat","embeddable":true,"href":"https:\/\/liquidmaster.pl\/en\/wp-json\/wp\/v2\/product_cat?post=1806585"},{"taxonomy":"product_tag","embeddable":true,"href":"https:\/\/liquidmaster.pl\/en\/wp-json\/wp\/v2\/product_tag?post=1806585"}],"curies":[{"name":"wp","href":"https:\/\/api.w.org\/{rel}","templated":true}]}}