{"id":1806563,"date":"2025-03-28T17:02:28","date_gmt":"2025-03-28T15:02:28","guid":{"rendered":"https:\/\/liquidmaster.pl\/hyper-ceramic-detailer-1l-quick-detailer-z-kwarcem-sio2\/"},"modified":"2026-04-18T04:38:03","modified_gmt":"2026-04-18T02:38:03","slug":"hyper-ceramic-detailer-1l-quick-detailer-z-kwarcem-sio2","status":"publish","type":"product","link":"https:\/\/liquidmaster.pl\/en\/hyper-ceramic-detailer-1l-quick-detailer-z-kwarcem-sio2\/","title":{"rendered":"Hyper Ceramic Detailer 1L \u2013 quick detailer with SiO2 quartz"},"content":{"rendered":"<p>HYPER CERAMIC DETAILER \u2013 Incredible shine, slipperiness and lasting hydrophobicity<br \/>\nWant your paintwork to shine like never before and be effectively protected from dirt? HYPER CERAMIC DETAILER is an innovative product that takes car care to the next level. Thanks to silica polymers (SiO\u2082), it gives the paintwork incredible color depth, extreme slipperiness, and durable hydrophobicity that lasts up to 12 weeks!<\/p>\n<p>Why choose HYPER CERAMIC DETAILER?<\/p>\n<ul>\n<li>Spectacular look \u2013 Emphasizes the depth of the paint and creates a mirror effect.<\/li>\n<li>Slipperiness at the level of ceramic coatings \u2013 Provides excellent tactile sensations.<\/li>\n<li>Excellent hydrophobicity \u2013 Effectively repels water, dust and other contaminants, making car washing easier.<\/li>\n<li>Versatility \u2013 Ideal for the care of ceramic, hybrid, elastomeric, graphene and wax coatings.<\/li>\n<li>Long-lasting protection \u2013 Creates an invisible protective barrier, maintaining the effect for up to 12 weeks.<\/li>\n<\/ul>\n<p>How to use HYPER CERAMIC DETAILER?<\/p>\n<li>Spray the product 2-3 times onto a microfiber cloth or directly onto the bodywork.<\/li>\n<li>Spread evenly over the surface.<\/li>\n<li>Wait 30-60 seconds for the product to bond with the paint.<\/li>\n<li>Polish with a clean microfiber cloth for perfect shine and smoothness.<\/li>\n<p>Tip: Regular use of HYPER CERAMIC DETAILER helps maintain the perfect appearance of your paintwork and extends the durability of previously applied protective coatings. It&#039;s also ideal for a quick paint refresh before events and shows.<\/p>\n<p>Capacity: 1L<\/p>","protected":false},"excerpt":{"rendered":"<p>HYPER CERAMIC DETAILER \u2013 Niesamowity blask, \u015blisko\u015b\u0107 i trwa\u0142a hydrofobowo\u015b\u0107 Chcesz, aby Tw\u00f3j lakier l\u015bni\u0142 jak nigdy dot\u0105d i by\u0142 skutecznie chroniony przed zabrudzeniami? HYPER CERAMIC DETAILER to innowacyjny produkt, kt\u00f3ry wynosi piel\u0119gnacj\u0119 auta na nowy poziom. Dzi\u0119ki zawarto\u015bci polimer\u00f3w krzemionkowych (SiO\u2082) nadaje lakierowi niesamowit\u0105 g\u0142\u0119bi\u0119 koloru, ekstremaln\u0105 \u015blisko\u015b\u0107 oraz trwa\u0142\u0105 hydrofobowo\u015b\u0107, kt\u00f3ra utrzymuje si\u0119&hellip;&nbsp;<a href=\"https:\/\/liquidmaster.pl\/en\/hyper-ceramic-detailer-1l-quick-detailer-z-kwarcem-sio2\/\" rel=\"bookmark\">Read More \u00bb<span class=\"screen-reader-text\">Hyper Ceramic Detailer 1L \u2013 quick detailer with SiO2 quartz<\/span><\/a><\/p>","protected":false},"featured_media":1849469,"comment_status":"open","ping_status":"open","template":"","meta":{"neve_meta_sidebar":"","neve_meta_container":"","neve_meta_enable_content_width":"","neve_meta_content_width":0,"neve_meta_title_alignment":"","neve_meta_author_avatar":"","neve_post_elements_order":"","neve_meta_disable_header":"","neve_meta_disable_footer":"","neve_meta_disable_title":"","_themeisle_gutenberg_block_has_review":false},"product_brand":[],"product_cat":[733,766,767],"product_tag":[593],"class_list":{"0":"post-1806563","1":"product","2":"type-product","3":"status-publish","4":"has-post-thumbnail","6":"product_cat-na-zewnatrz","7":"product_cat-ochrona-lakieru","8":"product_cat-quick-detailery","9":"product_tag-hyper","11":"first","12":"instock","13":"taxable","14":"shipping-taxable","15":"purchasable","16":"product-type-simple"},"_links":{"self":[{"href":"https:\/\/liquidmaster.pl\/en\/wp-json\/wp\/v2\/product\/1806563","targetHints":{"allow":["GET"]}}],"collection":[{"href":"https:\/\/liquidmaster.pl\/en\/wp-json\/wp\/v2\/product"}],"about":[{"href":"https:\/\/liquidmaster.pl\/en\/wp-json\/wp\/v2\/types\/product"}],"replies":[{"embeddable":true,"href":"https:\/\/liquidmaster.pl\/en\/wp-json\/wp\/v2\/comments?post=1806563"}],"wp:featuredmedia":[{"embeddable":true,"href":"https:\/\/liquidmaster.pl\/en\/wp-json\/wp\/v2\/media\/1849469"}],"wp:attachment":[{"href":"https:\/\/liquidmaster.pl\/en\/wp-json\/wp\/v2\/media?parent=1806563"}],"wp:term":[{"taxonomy":"product_brand","embeddable":true,"href":"https:\/\/liquidmaster.pl\/en\/wp-json\/wp\/v2\/product_brand?post=1806563"},{"taxonomy":"product_cat","embeddable":true,"href":"https:\/\/liquidmaster.pl\/en\/wp-json\/wp\/v2\/product_cat?post=1806563"},{"taxonomy":"product_tag","embeddable":true,"href":"https:\/\/liquidmaster.pl\/en\/wp-json\/wp\/v2\/product_tag?post=1806563"}],"curies":[{"name":"wp","href":"https:\/\/api.w.org\/{rel}","templated":true}]}}