{"id":1806546,"date":"2025-03-28T17:01:01","date_gmt":"2025-03-28T15:01:01","guid":{"rendered":"https:\/\/liquidmaster.pl\/dodo-juice-supernatural-micro-prime-250ml-cleaner-przed-aplikacja-wosku\/"},"modified":"2026-04-18T04:27:55","modified_gmt":"2026-04-18T02:27:55","slug":"dodo-juice-supernatural-micro-prime-250ml-cleaner-przed-aplikacja-wosku","status":"publish","type":"product","link":"https:\/\/liquidmaster.pl\/en\/dodo-juice-supernatural-micro-prime-250ml-cleaner-przed-aplikacja-wosku\/","title":{"rendered":"Dodo Juice Supernatural Micro Prime 250ml - cleaner before wax application"},"content":{"rendered":"<p>Dodo Juice Supernatural Micro Prime - combines the unique technology of Dodo Juice micro-abrasive ingredients with advanced chemical cleaning agents and oils designed to restore shine and shine to all types of painted surfaces. Dodo Juice Supernatural Micro Prime can be used to remove imperfections from the paint surface, such as light swirls and water spots, and can also be used as a pre-wax cleaner before applying your favorite wax or sealant.<\/p>\n<p>Professional detailers know that not all varnishes are the same and each of them requires a different type of processing and the use of different agents to obtain the perfect effect. Dodo Juice Supernatural Micro Prime works great on both soft and hard nail polishes. Additionally, even on very soft varnishes there is no fear of leaving micro-scratches or holograms.<\/p>\n<p>Capacity: 250 ml<\/p>","protected":false},"excerpt":{"rendered":"<p>Dodo Juice Supernatural Micro Prime \u2013 \u0142\u0105czy unikaln\u0105 technologi\u0119 mikro\u015bciernych sk\u0142adnik\u00f3w Dodo Juice z zaawansowanymi chemicznie \u015brodkami czyszcz\u0105cymi i olejkami stworzonymi, by przywraca\u0107 blask i po\u0142ysk wszelkim rodzajom lakierowanych powierzchni. Dodo Juice Supernatural Micro Prime mo\u017ce by\u0107 u\u017cyty do usuni\u0119cia niedoskona\u0142o\u015bci z powierzchni lakieru, takich jak lekkie swirle i zacieki z wody, a tak\u017ce mo\u017ce&hellip;&nbsp;<a href=\"https:\/\/liquidmaster.pl\/en\/dodo-juice-supernatural-micro-prime-250ml-cleaner-przed-aplikacja-wosku\/\" rel=\"bookmark\">Read More \u00bb<span class=\"screen-reader-text\">Dodo Juice Supernatural Micro Prime 250ml - cleaner before wax application<\/span><\/a><\/p>","protected":false},"featured_media":1848034,"comment_status":"open","ping_status":"open","template":"","meta":{"neve_meta_sidebar":"","neve_meta_container":"","neve_meta_enable_content_width":"","neve_meta_content_width":0,"neve_meta_title_alignment":"","neve_meta_author_avatar":"","neve_post_elements_order":"","neve_meta_disable_header":"","neve_meta_disable_footer":"","neve_meta_disable_title":"","_themeisle_gutenberg_block_has_review":false},"product_brand":[],"product_cat":[820,733,808],"product_tag":[288],"class_list":{"0":"post-1806546","1":"product","2":"type-product","3":"status-publish","4":"has-post-thumbnail","6":"product_cat-cleanery-pre-wax","7":"product_cat-na-zewnatrz","8":"product_cat-przygotowanie-lakieru","9":"product_tag-dodo-juice","11":"first","12":"instock","13":"taxable","14":"shipping-taxable","15":"purchasable","16":"product-type-simple"},"_links":{"self":[{"href":"https:\/\/liquidmaster.pl\/en\/wp-json\/wp\/v2\/product\/1806546","targetHints":{"allow":["GET"]}}],"collection":[{"href":"https:\/\/liquidmaster.pl\/en\/wp-json\/wp\/v2\/product"}],"about":[{"href":"https:\/\/liquidmaster.pl\/en\/wp-json\/wp\/v2\/types\/product"}],"replies":[{"embeddable":true,"href":"https:\/\/liquidmaster.pl\/en\/wp-json\/wp\/v2\/comments?post=1806546"}],"wp:featuredmedia":[{"embeddable":true,"href":"https:\/\/liquidmaster.pl\/en\/wp-json\/wp\/v2\/media\/1848034"}],"wp:attachment":[{"href":"https:\/\/liquidmaster.pl\/en\/wp-json\/wp\/v2\/media?parent=1806546"}],"wp:term":[{"taxonomy":"product_brand","embeddable":true,"href":"https:\/\/liquidmaster.pl\/en\/wp-json\/wp\/v2\/product_brand?post=1806546"},{"taxonomy":"product_cat","embeddable":true,"href":"https:\/\/liquidmaster.pl\/en\/wp-json\/wp\/v2\/product_cat?post=1806546"},{"taxonomy":"product_tag","embeddable":true,"href":"https:\/\/liquidmaster.pl\/en\/wp-json\/wp\/v2\/product_tag?post=1806546"}],"curies":[{"name":"wp","href":"https:\/\/api.w.org\/{rel}","templated":true}]}}