{"id":1806537,"date":"2025-03-28T17:00:29","date_gmt":"2025-03-28T15:00:29","guid":{"rendered":"https:\/\/liquidmaster.pl\/benbow-wozek-na-wiadro\/"},"modified":"2026-04-18T04:37:58","modified_gmt":"2026-04-18T02:37:58","slug":"benbow-wozek-na-wiadro","status":"publish","type":"product","link":"https:\/\/liquidmaster.pl\/en\/benbow-000788-wielofunkcyjny-wozek-mobilny-na-wiadro-detailingowe\/","title":{"rendered":"BenBow 000788 \u2013 multifunctional mobile cart for a detailing bucket"},"content":{"rendered":"<p>The bucket trolley is equipped with four durable wheels that ensure its stability even when the bucket is completely full. The trolley is additionally equipped with three screw-on clamps that ensure that the attached bucket does not move and remains in the position in which it was originally placed. The trolley is made of durable plastic, easily supporting the weight of a bucket filled with water. The whole is complemented by black and red colors, standing out against the background of gray everyday life.<\/p>","protected":false},"excerpt":{"rendered":"<p>W\u00f3zek na wiadro zosta\u0142 wyposa\u017cony w cztery wytrzyma\u0142e k\u00f3\u0142ka, kt\u00f3re zapewniaj\u0105 mu stabilno\u015b\u0107 nawet z wiadrem wype\u0142nionym w ca\u0142o\u015bci. W\u00f3zek dodatkowo zosta\u0142 wyposa\u017cony w trzy zakr\u0119cane zaciski sprawiaj\u0105ce, \u017ce zamocowane wiadro nie przesuwa si\u0119 i pozostaje ca\u0142y czas w takiej pozycji w jakiej zosta\u0142o pierwotnie umieszczone. W\u00f3zek zosta\u0142 wykonany z wytrzyma\u0142ego tworzywa sztuczne, bez problemu&hellip;&nbsp;<a href=\"https:\/\/liquidmaster.pl\/en\/benbow-000788-wielofunkcyjny-wozek-mobilny-na-wiadro-detailingowe\/\" rel=\"bookmark\">Read More \u00bb<span class=\"screen-reader-text\">BenBow 000788 \u2013 multifunctional mobile cart for a detailing bucket<\/span><\/a><\/p>","protected":false},"featured_media":1849432,"comment_status":"open","ping_status":"open","template":"","meta":{"neve_meta_sidebar":"","neve_meta_container":"","neve_meta_enable_content_width":"","neve_meta_content_width":0,"neve_meta_title_alignment":"","neve_meta_author_avatar":"","neve_post_elements_order":"","neve_meta_disable_header":"","neve_meta_disable_footer":"","neve_meta_disable_title":"","_themeisle_gutenberg_block_has_review":false},"product_brand":[],"product_cat":[757,893,846],"product_tag":[268],"class_list":{"0":"post-1806537","1":"product","2":"type-product","3":"status-publish","4":"has-post-thumbnail","6":"product_cat-akcesoria","7":"product_cat-inne","8":"product_cat-reszta","9":"product_tag-benbow","11":"first","12":"instock","13":"taxable","14":"shipping-taxable","15":"purchasable","16":"product-type-simple"},"_links":{"self":[{"href":"https:\/\/liquidmaster.pl\/en\/wp-json\/wp\/v2\/product\/1806537","targetHints":{"allow":["GET"]}}],"collection":[{"href":"https:\/\/liquidmaster.pl\/en\/wp-json\/wp\/v2\/product"}],"about":[{"href":"https:\/\/liquidmaster.pl\/en\/wp-json\/wp\/v2\/types\/product"}],"replies":[{"embeddable":true,"href":"https:\/\/liquidmaster.pl\/en\/wp-json\/wp\/v2\/comments?post=1806537"}],"wp:featuredmedia":[{"embeddable":true,"href":"https:\/\/liquidmaster.pl\/en\/wp-json\/wp\/v2\/media\/1849432"}],"wp:attachment":[{"href":"https:\/\/liquidmaster.pl\/en\/wp-json\/wp\/v2\/media?parent=1806537"}],"wp:term":[{"taxonomy":"product_brand","embeddable":true,"href":"https:\/\/liquidmaster.pl\/en\/wp-json\/wp\/v2\/product_brand?post=1806537"},{"taxonomy":"product_cat","embeddable":true,"href":"https:\/\/liquidmaster.pl\/en\/wp-json\/wp\/v2\/product_cat?post=1806537"},{"taxonomy":"product_tag","embeddable":true,"href":"https:\/\/liquidmaster.pl\/en\/wp-json\/wp\/v2\/product_tag?post=1806537"}],"curies":[{"name":"wp","href":"https:\/\/api.w.org\/{rel}","templated":true}]}}