{"id":1806533,"date":"2025-03-28T17:00:29","date_gmt":"2025-03-28T15:00:29","guid":{"rendered":"https:\/\/liquidmaster.pl\/benbow-classic-012-black-pianownica-pneumatyczna\/"},"modified":"2026-02-12T15:52:02","modified_gmt":"2026-02-12T13:52:02","slug":"benbow-classic-012-black-pianownica-pneumatyczna","status":"publish","type":"product","link":"https:\/\/liquidmaster.pl\/en\/benbow-classic-000012-black-pianownica-pneumatyczna\/","title":{"rendered":"Benbow Classic 000012 Black &#8211; pianownica pneumatyczna"},"content":{"rendered":"<p>Pistolet pianowy BenBow Classic przetwarza szampon lub inne kosmetyki samochodowe w aktywn\u0105 warstw\u0119 piany na lakierze pojazdu. Model Classic jest niedrog\u0105 alternatyw\u0105 dla pistoletu do piany BenBow Premium. Piana jest nieco grubsza i ci\u0119\u017csza, dlatego czas aplikacji jest nieco kr\u00f3tszy.<\/p>\n<p>\u00a0<\/p>\n<p>Nazwa: Classic 012 Black pianownica pneumatyczna 2 dysze<br \/>\nKod produktu: 000012<br \/>\nWaga: 1,02\u00a0 kg<br \/>\nZbiornik na p\u0142yn: 1 litr<\/p>","protected":false},"excerpt":{"rendered":"<p>Pistolet pianowy BenBow Classic przetwarza szampon lub inne kosmetyki samochodowe w aktywn\u0105 warstw\u0119 piany na lakierze pojazdu. Model Classic jest niedrog\u0105 alternatyw\u0105 dla pistoletu do piany BenBow Premium. Piana jest nieco grubsza i ci\u0119\u017csza, dlatego czas aplikacji jest nieco kr\u00f3tszy. \u00a0 Nazwa: Classic 012 Black pianownica pneumatyczna 2 dysze Kod produktu: 000012 Waga: 1,02\u00a0 kg&hellip;&nbsp;<a href=\"https:\/\/liquidmaster.pl\/en\/benbow-classic-000012-black-pianownica-pneumatyczna\/\" rel=\"bookmark\">Read More \u00bb<span class=\"screen-reader-text\">Benbow Classic 000012 Black &#8211; pianownica pneumatyczna<\/span><\/a><\/p>","protected":false},"featured_media":1849428,"comment_status":"open","ping_status":"open","template":"","meta":{"neve_meta_sidebar":"","neve_meta_container":"","neve_meta_enable_content_width":"","neve_meta_content_width":0,"neve_meta_title_alignment":"","neve_meta_author_avatar":"","neve_post_elements_order":"","neve_meta_disable_header":"","neve_meta_disable_footer":"","neve_meta_disable_title":"","_themeisle_gutenberg_block_has_review":false},"product_brand":[],"product_cat":[757,811],"product_tag":[268],"class_list":{"0":"post-1806533","1":"product","2":"type-product","3":"status-publish","4":"has-post-thumbnail","6":"product_cat-akcesoria","7":"product_cat-pozostale-akcesoria","8":"product_tag-benbow","10":"first","11":"outofstock","12":"taxable","13":"shipping-taxable","14":"purchasable","15":"product-type-simple"},"_links":{"self":[{"href":"https:\/\/liquidmaster.pl\/en\/wp-json\/wp\/v2\/product\/1806533","targetHints":{"allow":["GET"]}}],"collection":[{"href":"https:\/\/liquidmaster.pl\/en\/wp-json\/wp\/v2\/product"}],"about":[{"href":"https:\/\/liquidmaster.pl\/en\/wp-json\/wp\/v2\/types\/product"}],"replies":[{"embeddable":true,"href":"https:\/\/liquidmaster.pl\/en\/wp-json\/wp\/v2\/comments?post=1806533"}],"wp:featuredmedia":[{"embeddable":true,"href":"https:\/\/liquidmaster.pl\/en\/wp-json\/wp\/v2\/media\/1849428"}],"wp:attachment":[{"href":"https:\/\/liquidmaster.pl\/en\/wp-json\/wp\/v2\/media?parent=1806533"}],"wp:term":[{"taxonomy":"product_brand","embeddable":true,"href":"https:\/\/liquidmaster.pl\/en\/wp-json\/wp\/v2\/product_brand?post=1806533"},{"taxonomy":"product_cat","embeddable":true,"href":"https:\/\/liquidmaster.pl\/en\/wp-json\/wp\/v2\/product_cat?post=1806533"},{"taxonomy":"product_tag","embeddable":true,"href":"https:\/\/liquidmaster.pl\/en\/wp-json\/wp\/v2\/product_tag?post=1806533"}],"curies":[{"name":"wp","href":"https:\/\/api.w.org\/{rel}","templated":true}]}}