{"id":1806529,"date":"2025-03-28T17:00:05","date_gmt":"2025-03-28T15:00:05","guid":{"rendered":"https:\/\/liquidmaster.pl\/benbow-classic-005-adapter-pneumatyczny\/"},"modified":"2026-04-18T04:37:57","modified_gmt":"2026-04-18T02:37:57","slug":"benbow-classic-005-adapter-pneumatyczny","status":"publish","type":"product","link":"https:\/\/liquidmaster.pl\/en\/benbow-000005-classic-adapter-pneumatyczny-do-odkurzacza\/","title":{"rendered":"Benbow 000005 Classic \u2013 Air Adapter for Vacuum Cleaner"},"content":{"rendered":"<p>BenBow 000005 Classic \u2013 Adapter pneumatyczny do odkurzacza<br \/>\nProfesjonalny adapter czyszcz\u0105cy wykorzystuj\u0105cy spr\u0119\u017cone powietrze do skutecznego usuwania zanieczyszcze\u0144 z wn\u0119trza pojazdu i nie tylko. Idealny do pracy na sucho i mokro \u2013 bez u\u017cycia chemii.<\/p>\n<p>The most important features:<\/p>\n<ul>\n<li>Silny efekt cyklonu: Skutecznie usuwa piasek, sier\u015b\u0107, py\u0142 i trudne zabrudzenia<\/li>\n<li>Do odkurzaczy: Kompatybilny z wi\u0119kszo\u015bci\u0105 tradycyjnych modeli<\/li>\n<li>Wszechstronne zastosowanie: Do czyszczenia tapicerki, nawiew\u00f3w, uszczelek, dywan\u00f3w, mat, wn\u0119trz drzwi<\/li>\n<li>Prosty w obs\u0142udze: Szybkoz\u0142\u0105cze i wygodny uchwyt pistoletowy u\u0142atwiaj\u0105 prac\u0119<\/li>\n<li>Trwa\u0142o\u015b\u0107: Korpus ze stali nierdzewnej, odporne tworzywa, metalowy spust z regulacj\u0105 mocy<\/li>\n<li>Ekologiczny: Czy\u015bci bez potrzeby stosowania detergent\u00f3w<\/li>\n<\/ul>\n<p>Sprawdza si\u0119 w profesjonalnych studiach detailingowych, warsztatach i myjniach. Dzia\u0142a przy ci\u015bnieniu do 6,2 bara. Nadaje si\u0119 tak\u017ce do odsysania piany aktywnej lub resztek chemii przy u\u017cyciu odkurzacza na mokro.<\/p>","protected":false},"excerpt":{"rendered":"<p>BenBow 000005 Classic \u2013 Adapter pneumatyczny do odkurzacza Profesjonalny adapter czyszcz\u0105cy wykorzystuj\u0105cy spr\u0119\u017cone powietrze do skutecznego usuwania zanieczyszcze\u0144 z wn\u0119trza pojazdu i nie tylko. Idealny do pracy na sucho i mokro \u2013 bez u\u017cycia chemii. Najwa\u017cniejsze cechy: Silny efekt cyklonu: Skutecznie usuwa piasek, sier\u015b\u0107, py\u0142 i trudne zabrudzenia Do odkurzaczy: Kompatybilny z wi\u0119kszo\u015bci\u0105 tradycyjnych modeli&hellip;&nbsp;<a href=\"https:\/\/liquidmaster.pl\/en\/benbow-000005-classic-adapter-pneumatyczny-do-odkurzacza\/\" rel=\"bookmark\">Read More \u00bb<span class=\"screen-reader-text\">Benbow 000005 Classic \u2013 Air Adapter for Vacuum Cleaner<\/span><\/a><\/p>","protected":false},"featured_media":1849419,"comment_status":"open","ping_status":"open","template":"","meta":{"neve_meta_sidebar":"","neve_meta_container":"","neve_meta_enable_content_width":"","neve_meta_content_width":0,"neve_meta_title_alignment":"","neve_meta_author_avatar":"","neve_post_elements_order":"","neve_meta_disable_header":"","neve_meta_disable_footer":"","neve_meta_disable_title":"","_themeisle_gutenberg_block_has_review":false},"product_brand":[],"product_cat":[757,942,846],"product_tag":[268],"class_list":{"0":"post-1806529","1":"product","2":"type-product","3":"status-publish","4":"has-post-thumbnail","6":"product_cat-akcesoria","7":"product_cat-pneumatyczne-pistolety-czyszczace","8":"product_cat-reszta","9":"product_tag-benbow","11":"first","12":"instock","13":"taxable","14":"shipping-taxable","15":"purchasable","16":"product-type-simple"},"_links":{"self":[{"href":"https:\/\/liquidmaster.pl\/en\/wp-json\/wp\/v2\/product\/1806529","targetHints":{"allow":["GET"]}}],"collection":[{"href":"https:\/\/liquidmaster.pl\/en\/wp-json\/wp\/v2\/product"}],"about":[{"href":"https:\/\/liquidmaster.pl\/en\/wp-json\/wp\/v2\/types\/product"}],"replies":[{"embeddable":true,"href":"https:\/\/liquidmaster.pl\/en\/wp-json\/wp\/v2\/comments?post=1806529"}],"wp:featuredmedia":[{"embeddable":true,"href":"https:\/\/liquidmaster.pl\/en\/wp-json\/wp\/v2\/media\/1849419"}],"wp:attachment":[{"href":"https:\/\/liquidmaster.pl\/en\/wp-json\/wp\/v2\/media?parent=1806529"}],"wp:term":[{"taxonomy":"product_brand","embeddable":true,"href":"https:\/\/liquidmaster.pl\/en\/wp-json\/wp\/v2\/product_brand?post=1806529"},{"taxonomy":"product_cat","embeddable":true,"href":"https:\/\/liquidmaster.pl\/en\/wp-json\/wp\/v2\/product_cat?post=1806529"},{"taxonomy":"product_tag","embeddable":true,"href":"https:\/\/liquidmaster.pl\/en\/wp-json\/wp\/v2\/product_tag?post=1806529"}],"curies":[{"name":"wp","href":"https:\/\/api.w.org\/{rel}","templated":true}]}}