{"id":1806527,"date":"2025-03-28T17:00:05","date_gmt":"2025-03-28T15:00:05","guid":{"rendered":"https:\/\/liquidmaster.pl\/benbow-classic-004-pistolet-czyszczacy-z-tuba-ze-szczotka\/"},"modified":"2026-04-21T08:19:06","modified_gmt":"2026-04-21T06:19:06","slug":"benbow-classic-004-pistolet-czyszczacy-z-tuba-ze-szczotka","status":"publish","type":"product","link":"https:\/\/liquidmaster.pl\/en\/benbow-000004-classic-pistolet-czyszczacy-z-tuba-metalowa\/","title":{"rendered":"Benbow 000004 Classic \u2013 cleaning gun with metal tube"},"content":{"rendered":"<p>Pistolet pior\u0105cy Benbow Metal 004<br \/>\nSolidny pistolet czyszcz\u0105cy z dozownikiem, przeznaczony do szybkiego i dok\u0142adnego usuwania zabrudze\u0144 z wn\u0119trza oraz karoserii pojazdu. Dzia\u0142a na spr\u0119\u017cone powietrze, wytwarzaj\u0105c wiruj\u0105cy strumie\u0144 spienionego roztworu, kt\u00f3ry skutecznie dociera nawet do trudno dost\u0119pnych miejsc.<\/p>\n<p>Advantages:<\/p>\n<ul>\n<li>Do pracy z wod\u0105 lub \u015brodkiem czyszcz\u0105cym<\/li>\n<li>Skuteczny w czyszczeniu nawiew\u00f3w, tapicerki, dywanik\u00f3w, plastik\u00f3w i trudno usuwalnych zabrudze\u0144<\/li>\n<li>Wiruj\u0105cy rdze\u0144 w dyszy zapewnia intensywne i precyzyjne czyszczenie<\/li>\n<li>Bia\u0142a, wytrzyma\u0142a tuba \u2013 bezpieczna dla delikatnych powierzchni<\/li>\n<li>Ekonomiczne zu\u017cycie wody i chemii \u2013 przyjazne dla \u015brodowiska<\/li>\n<\/ul>\n<p>Doskona\u0142y wyb\u00f3r dla profesjonalist\u00f3w i os\u00f3b szukaj\u0105cych skutecznego narz\u0119dzia do detailingu.<\/p>","protected":false},"excerpt":{"rendered":"<p>Pistolet pior\u0105cy Benbow Metal 004 Solidny pistolet czyszcz\u0105cy z dozownikiem, przeznaczony do szybkiego i dok\u0142adnego usuwania zabrudze\u0144 z wn\u0119trza oraz karoserii pojazdu. Dzia\u0142a na spr\u0119\u017cone powietrze, wytwarzaj\u0105c wiruj\u0105cy strumie\u0144 spienionego roztworu, kt\u00f3ry skutecznie dociera nawet do trudno dost\u0119pnych miejsc. Zalety: Do pracy z wod\u0105 lub \u015brodkiem czyszcz\u0105cym Skuteczny w czyszczeniu nawiew\u00f3w, tapicerki, dywanik\u00f3w, plastik\u00f3w i&hellip;&nbsp;<a href=\"https:\/\/liquidmaster.pl\/en\/benbow-000004-classic-pistolet-czyszczacy-z-tuba-metalowa\/\" rel=\"bookmark\">Read More \u00bb<span class=\"screen-reader-text\">Benbow 000004 Classic \u2013 cleaning gun with metal tube<\/span><\/a><\/p>","protected":false},"featured_media":1849418,"comment_status":"open","ping_status":"open","template":"","meta":{"neve_meta_sidebar":"","neve_meta_container":"","neve_meta_enable_content_width":"","neve_meta_content_width":0,"neve_meta_title_alignment":"","neve_meta_author_avatar":"","neve_post_elements_order":"","neve_meta_disable_header":"","neve_meta_disable_footer":"","neve_meta_disable_title":"","_themeisle_gutenberg_block_has_review":false},"product_brand":[],"product_cat":[757,942,846],"product_tag":[268],"class_list":{"0":"post-1806527","1":"product","2":"type-product","3":"status-publish","4":"has-post-thumbnail","6":"product_cat-akcesoria","7":"product_cat-pneumatyczne-pistolety-czyszczace","8":"product_cat-reszta","9":"product_tag-benbow","11":"first","12":"instock","13":"taxable","14":"shipping-taxable","15":"purchasable","16":"product-type-simple"},"_links":{"self":[{"href":"https:\/\/liquidmaster.pl\/en\/wp-json\/wp\/v2\/product\/1806527","targetHints":{"allow":["GET"]}}],"collection":[{"href":"https:\/\/liquidmaster.pl\/en\/wp-json\/wp\/v2\/product"}],"about":[{"href":"https:\/\/liquidmaster.pl\/en\/wp-json\/wp\/v2\/types\/product"}],"replies":[{"embeddable":true,"href":"https:\/\/liquidmaster.pl\/en\/wp-json\/wp\/v2\/comments?post=1806527"}],"wp:featuredmedia":[{"embeddable":true,"href":"https:\/\/liquidmaster.pl\/en\/wp-json\/wp\/v2\/media\/1849418"}],"wp:attachment":[{"href":"https:\/\/liquidmaster.pl\/en\/wp-json\/wp\/v2\/media?parent=1806527"}],"wp:term":[{"taxonomy":"product_brand","embeddable":true,"href":"https:\/\/liquidmaster.pl\/en\/wp-json\/wp\/v2\/product_brand?post=1806527"},{"taxonomy":"product_cat","embeddable":true,"href":"https:\/\/liquidmaster.pl\/en\/wp-json\/wp\/v2\/product_cat?post=1806527"},{"taxonomy":"product_tag","embeddable":true,"href":"https:\/\/liquidmaster.pl\/en\/wp-json\/wp\/v2\/product_tag?post=1806527"}],"curies":[{"name":"wp","href":"https:\/\/api.w.org\/{rel}","templated":true}]}}