{"id":1806521,"date":"2025-03-28T16:58:57","date_gmt":"2025-03-28T14:58:57","guid":{"rendered":"https:\/\/liquidmaster.pl\/dodo-juice-supernatural-glaze-100ml-dressing-do-opon-i-plastikow-zewnetrznych\/"},"modified":"2026-04-18T04:27:54","modified_gmt":"2026-04-18T02:27:54","slug":"dodo-juice-supernatural-glaze-100ml-dressing-do-opon-i-plastikow-zewnetrznych","status":"publish","type":"product","link":"https:\/\/liquidmaster.pl\/en\/dodo-juice-supernatural-glaze-100ml-dressing-do-opon-i-plastikow-zewnetrznych\/","title":{"rendered":"Dodo Juice Supernatural Glaze 100ml - dressing for tires and external plastics"},"content":{"rendered":"<p data-placeholder=\"T\u0142umaczenie\" dir=\"ltr\">If you are looking for a glossier tire finish, something to enhance the plastic\/rubber exterior finish then Supernatural Glaze is what you have been looking for.<\/p>\n<p data-placeholder=\"T\u0142umaczenie\" dir=\"ltr\">It leaves a dry, satin finish on all hard surfaces and is easy to apply.<\/p>\n<p data-placeholder=\"T\u0142umaczenie\" dir=\"ltr\">Tire durability up to several weeks. And it doesn&#039;t matter whether it has a rough or smooth texture; Supernatural Glaze is easy to apply and provides a perfect, attractive finish.<\/p>\n<p data-placeholder=\"T\u0142umaczenie\" dir=\"ltr\">Please note this product is not a varnish or wax... apply it to tires, vinyl.<\/p>","protected":false},"excerpt":{"rendered":"<p>Je\u015bli szukasz bardziej b\u0142yszcz\u0105cego wyko\u0144czenia opony, czego\u015b, co wzmocni plastikowe\/gumowe wyko\u0144czenie zewn\u0119trzne to Supernatural Glaze jest tym, czego szuka\u0142e\u015b. Pozostawia suche, satynowe wyko\u0144czenie na wszystkich twardych powierzchniach i jest \u0142atwy w aplikacji. Wytrzyma\u0142o\u015b\u0107 na oponach do kilku tygodni. I nie ma znaczenia, czy ma szorstk\u0105 czy g\u0142adk\u0105 tekstur\u0119; Supernatural Glaze \u0142atwo si\u0119 nak\u0142ada i zapewnia&hellip;&nbsp;<a href=\"https:\/\/liquidmaster.pl\/en\/dodo-juice-supernatural-glaze-100ml-dressing-do-opon-i-plastikow-zewnetrznych\/\" rel=\"bookmark\">Read More \u00bb<span class=\"screen-reader-text\">Dodo Juice Supernatural Glaze 100ml - dressing for tires and external plastics<\/span><\/a><\/p>","protected":false},"featured_media":1848015,"comment_status":"open","ping_status":"open","template":"","meta":{"neve_meta_sidebar":"","neve_meta_container":"","neve_meta_enable_content_width":"","neve_meta_content_width":0,"neve_meta_title_alignment":"","neve_meta_author_avatar":"","neve_post_elements_order":"","neve_meta_disable_header":"","neve_meta_disable_footer":"","neve_meta_disable_title":"","_themeisle_gutenberg_block_has_review":false},"product_brand":[],"product_cat":[814,733,815],"product_tag":[288],"class_list":{"0":"post-1806521","1":"product","2":"type-product","3":"status-publish","4":"has-post-thumbnail","6":"product_cat-elementy-gumowe-i-plastikowe","7":"product_cat-na-zewnatrz","8":"product_cat-ochrona-gumy-i-plastikow","9":"product_tag-dodo-juice","11":"first","12":"instock","13":"taxable","14":"shipping-taxable","15":"purchasable","16":"product-type-simple"},"_links":{"self":[{"href":"https:\/\/liquidmaster.pl\/en\/wp-json\/wp\/v2\/product\/1806521","targetHints":{"allow":["GET"]}}],"collection":[{"href":"https:\/\/liquidmaster.pl\/en\/wp-json\/wp\/v2\/product"}],"about":[{"href":"https:\/\/liquidmaster.pl\/en\/wp-json\/wp\/v2\/types\/product"}],"replies":[{"embeddable":true,"href":"https:\/\/liquidmaster.pl\/en\/wp-json\/wp\/v2\/comments?post=1806521"}],"wp:featuredmedia":[{"embeddable":true,"href":"https:\/\/liquidmaster.pl\/en\/wp-json\/wp\/v2\/media\/1848015"}],"wp:attachment":[{"href":"https:\/\/liquidmaster.pl\/en\/wp-json\/wp\/v2\/media?parent=1806521"}],"wp:term":[{"taxonomy":"product_brand","embeddable":true,"href":"https:\/\/liquidmaster.pl\/en\/wp-json\/wp\/v2\/product_brand?post=1806521"},{"taxonomy":"product_cat","embeddable":true,"href":"https:\/\/liquidmaster.pl\/en\/wp-json\/wp\/v2\/product_cat?post=1806521"},{"taxonomy":"product_tag","embeddable":true,"href":"https:\/\/liquidmaster.pl\/en\/wp-json\/wp\/v2\/product_tag?post=1806521"}],"curies":[{"name":"wp","href":"https:\/\/api.w.org\/{rel}","templated":true}]}}