{"id":1806511,"date":"2025-03-28T16:58:27","date_gmt":"2025-03-28T14:58:27","guid":{"rendered":"https:\/\/liquidmaster.pl\/flex-aku-vc-6-l-mc-18-0-odkurzacz-akumulatorowy\/"},"modified":"2026-04-20T08:17:44","modified_gmt":"2026-04-20T06:17:44","slug":"flex-aku-vc-6-l-mc-18-0-odkurzacz-akumulatorowy","status":"publish","type":"product","link":"https:\/\/liquidmaster.pl\/en\/flex-aku-vc-6-l-mc-180-odkurzacz-akumulatorowy\/","title":{"rendered":"Flex AKU VC 6 L MC 18.0 \u2013 battery vacuum cleaner"},"content":{"rendered":"<p>VC 6 L MC 18.0 \u2013 Flex cordless vacuum cleaner<\/p>\n<p>CHARACTERISTICS<\/p>\n<ul>\n<li>Very compact, handy and light vacuum cleaner with carrying strap for mobile use. Fits any vehicle thanks to its compact design<\/li>\n<li>Blowing function<\/li>\n<li>The powerful turbine provides high suction power and high vacuum, resulting in excellent suction<\/li>\n<li>When filter cleaning is activated manually, the filter is cleaned by a directed blast of air<\/li>\n<li>Optimized cleaning and increased container filling level thanks to the flat fan filter<\/li>\n<li>Storage of accessories via integrated holders on the suction head<\/li>\n<li>With a compact \u00d8 32 mm hose, 0.5 m long, extendable to 2.5 m. Very handy, the vacuum cleaner can be easily transported<\/li>\n<li>Easy-to-assemble chassis available as an accessory<\/li>\n<li>Powerful vacuum cleaner for professional use during final assembly, vehicle cleaning, etc. Easy connection of power tools with the FLEX clip system for suction work<\/li>\n<li>Perfect for cleaning work in offices, warehouses, workshops and vehicles<\/li>\n<li>Eco mode extends the battery operating time to 30 minutes at a maximum vacuum pressure of 12,000 Pa<\/li>\n<li>FLEX battery system: suitable for all 18.0V batteries<\/li>\n<\/ul>\n<p>TECHNICAL DATA<\/p>\n<ul>\n<li>Supply voltage: 18V<\/li>\n<li>Battery type: Li-ion<\/li>\n<li>Supported batteries: 2.5 \/ 5.0 Ah<\/li>\n<li>Max. air flow: 1400 l\/min<\/li>\n<li>Max. vacuum: 12000 Pa<\/li>\n<li>Dust container capacity: 6 l<\/li>\n<li>Filter area: 3000 cm\u00b2<\/li>\n<li>Dimensions (L x W x H): 240 x 200 x 400 mm<\/li>\n<li>Weight including accessories without battery: 3.3 kg<\/li>\n<\/ul>\n<p>EQUIPMENT<\/p>\n<ul>\n<li>suction hose with a diameter of 32 mm x 0.5-2.5 m,<\/li>\n<li>class L fan filter,<\/li>\n<li>L class non woven filter bag,<\/li>\n<li>hand pipe,<\/li>\n<li>crack nozzle,<\/li>\n<li>round brush,<\/li>\n<li>carpet nozzle,<\/li>\n<li>shoulder strap<\/li>\n<li>Does not include charger or batteries<\/li>\n<li>Model VC 6 L MC 18.0<\/li>\n<\/ul>","protected":false},"excerpt":{"rendered":"<p>Odkurzacz akumulatorowy VC 6 L MC 18.0 &#8211; Flex CECHY Bardzo kompaktowy, por\u0119czny i lekki odkurzacz z paskiem do przenoszenia do u\u017cytku mobilnego. Pasuje do ka\u017cdego pojazdu dzi\u0119ki kompaktowej konstrukcji Funkcja wydmuchu Mocna turbina zapewnia wysok\u0105 moc ssania i wysokie podci\u015bnienie, co powoduje doskona\u0142e ssanie Gdy czyszczenie filtra jest aktywowane r\u0119cznie, filtr jest czyszczony przez&hellip;&nbsp;<a href=\"https:\/\/liquidmaster.pl\/en\/flex-aku-vc-6-l-mc-180-odkurzacz-akumulatorowy\/\" rel=\"bookmark\">Read More \u00bb<span class=\"screen-reader-text\">Flex AKU VC 6 L MC 18.0 \u2013 battery vacuum cleaner<\/span><\/a><\/p>","protected":false},"featured_media":1849395,"comment_status":"open","ping_status":"open","template":"","meta":{"neve_meta_sidebar":"","neve_meta_container":"","neve_meta_enable_content_width":"","neve_meta_content_width":0,"neve_meta_title_alignment":"","neve_meta_author_avatar":"","neve_post_elements_order":"","neve_meta_disable_header":"","neve_meta_disable_footer":"","neve_meta_disable_title":"","_themeisle_gutenberg_block_has_review":false},"product_brand":[],"product_cat":[757,865,918,846],"product_tag":[292],"class_list":{"0":"post-1806511","1":"product","2":"type-product","3":"status-publish","4":"has-post-thumbnail","6":"product_cat-akcesoria","7":"product_cat-odkurzacze","8":"product_cat-odkurzacze-piorace","9":"product_cat-reszta","10":"product_tag-flex","12":"first","13":"outofstock","14":"taxable","15":"shipping-taxable","16":"purchasable","17":"product-type-simple"},"_links":{"self":[{"href":"https:\/\/liquidmaster.pl\/en\/wp-json\/wp\/v2\/product\/1806511","targetHints":{"allow":["GET"]}}],"collection":[{"href":"https:\/\/liquidmaster.pl\/en\/wp-json\/wp\/v2\/product"}],"about":[{"href":"https:\/\/liquidmaster.pl\/en\/wp-json\/wp\/v2\/types\/product"}],"replies":[{"embeddable":true,"href":"https:\/\/liquidmaster.pl\/en\/wp-json\/wp\/v2\/comments?post=1806511"}],"wp:featuredmedia":[{"embeddable":true,"href":"https:\/\/liquidmaster.pl\/en\/wp-json\/wp\/v2\/media\/1849395"}],"wp:attachment":[{"href":"https:\/\/liquidmaster.pl\/en\/wp-json\/wp\/v2\/media?parent=1806511"}],"wp:term":[{"taxonomy":"product_brand","embeddable":true,"href":"https:\/\/liquidmaster.pl\/en\/wp-json\/wp\/v2\/product_brand?post=1806511"},{"taxonomy":"product_cat","embeddable":true,"href":"https:\/\/liquidmaster.pl\/en\/wp-json\/wp\/v2\/product_cat?post=1806511"},{"taxonomy":"product_tag","embeddable":true,"href":"https:\/\/liquidmaster.pl\/en\/wp-json\/wp\/v2\/product_tag?post=1806511"}],"curies":[{"name":"wp","href":"https:\/\/api.w.org\/{rel}","templated":true}]}}