{"id":1806509,"date":"2025-03-28T16:58:27","date_gmt":"2025-03-28T14:58:27","guid":{"rendered":"https:\/\/liquidmaster.pl\/flex-ore-3-150-ec-szlifierka-mimosrodowa\/"},"modified":"2026-04-20T08:17:43","modified_gmt":"2026-04-20T06:17:43","slug":"flex-ore-3-150-ec-szlifierka-mimosrodowa","status":"publish","type":"product","link":"https:\/\/liquidmaster.pl\/en\/flex-ore-3-150-ec-szlifierka-mimosrodowa\/","title":{"rendered":"Flex ORE 3-150 EC \u2013 Random orbital sander"},"content":{"rendered":"<p style=\"margin: 0pt; text-align: justify;\">ORE 3-150 EC \u2013 Flex eccentric sander<\/p>\n<p style=\"margin: 0pt; text-align: justify;\">\u00a0<\/p>\n<p style=\"margin: 0pt; text-align: justify;\">CHARACTERISTICS<\/p>\n<ul>\n<li style=\"margin: 0pt; text-align: justify;\">Brushless motor with higher efficiency and longer life<\/li>\n<li style=\"margin: 0pt; text-align: justify;\">Grinding speed dependent on material thanks to adjustable speed<\/li>\n<li style=\"margin: 0pt; text-align: justify;\">Effective dust extraction thanks to integrated self-extraction for dust-free operation with the filter cartridge<\/li>\n<li style=\"margin: 0pt; text-align: justify;\">Ergonomic, handy cap with a soft grip ensures a safe hold and good guidance<\/li>\n<li style=\"margin: 0pt; text-align: justify;\">Impact-resistant filter insert with replaceable PES filter allows easy dust removal or filter cleaning for maximum life<\/li>\n<li style=\"margin: 0pt; text-align: justify;\">The PES filter insert with cyclone function ensures dust-free and economical operation<\/li>\n<li style=\"margin: 0pt; text-align: justify;\">Handy 150 mm eccentric sander with the best ergonomics and special balance for low-vibration work. As a result, the work does not cause fatigue and is friendly to the joints<\/li>\n<li style=\"margin: 0pt; text-align: justify;\">Possibility to connect external dust extraction using \u00d8 27 mm, adapter SAD-C 27 AS or antistatic suction hose SH 27x4m AS (379.395)<\/li>\n<li style=\"margin: 0pt; text-align: justify;\">Velcro sanding pads available in three hardnesses: soft, soft, hard<\/li>\n<li style=\"margin: 0pt; text-align: justify;\">Velcro sanding pad with multi-hole system for optimal extraction, suitable for all standard abrasives \u00d8 150<\/li>\n<li style=\"margin: 0pt; text-align: justify;\">Equipped with a disc brake, which means there are no grinding marks on the piece and no need for expensive post-processing<\/li>\n<li style=\"margin: 0pt; text-align: justify;\">Well suited for overhead work<\/li>\n<\/ul>\n<p style=\"margin: 0pt; text-align: justify;\">TECHNICAL DATA<\/p>\n<ul>\n<li style=\"margin: 0pt; text-align: justify;\">Power input \u2013 400 Watt<\/li>\n<li style=\"margin: 0pt; text-align: justify;\">Idle speed \u2013 6000 -10000 \/ min<\/li>\n<li style=\"margin: 0pt; text-align: justify;\">Idle speed \u2013 12000 \u2013 20000 \/min<\/li>\n<li style=\"margin: 0pt; text-align: justify;\">Stroke \u2013 3.0 mm<\/li>\n<li style=\"margin: 0pt; text-align: justify;\">Grinding disc \u2013 \u00d8 150 mm<\/li>\n<li style=\"margin: 0pt; text-align: justify;\">Tool mounting \u2013 Velcro<\/li>\n<li style=\"margin: 0pt; text-align: justify;\">Dust extraction connection \u2013 \u00d8 27 mm<\/li>\n<li style=\"margin: 0pt; text-align: justify;\">Dimensions (length x width x height) \u2013 230 x 150 x 125 mm<\/li>\n<li style=\"margin: 0pt; text-align: justify;\">Cable length \u2013 4m<\/li>\n<li style=\"margin: 0pt; text-align: justify;\">Weight \u2013 1.65 kg<\/li>\n<\/ul>\n<p style=\"margin: 0pt; text-align: justify;\">EQUIPMENT<\/p>\n<ul>\n<li style=\"margin: 0pt; text-align: justify;\">1 Velcro sanding disc<\/li>\n<li style=\"margin: 0pt; text-align: justify;\">1 PES microfilter cassette<\/li>\n<li style=\"margin: 0pt; text-align: justify;\">1 hexagonal socket wrench SW 5<\/li>\n<li style=\"margin: 0pt; text-align: justify;\">Model ORE 3-150 EC<\/li>\n<\/ul>","protected":false},"excerpt":{"rendered":"<p>Szlifierka mimo\u015brodowa ORE 3-150 EC &#8211; Flex \u00a0 CECHY Silnik bezszczotkowy o wy\u017cszej wydajno\u015bci i d\u0142u\u017cszej \u017cywotno\u015bci Pr\u0119dko\u015b\u0107 szlifowania zale\u017cna od materia\u0142u dzi\u0119ki regulowanej pr\u0119dko\u015bci Skuteczne odsysanie py\u0142u dzi\u0119ki zintegrowanemu samoodsysaniu dla bezpy\u0142owej pracy z wk\u0142adem filtra Ergonomiczna, por\u0119czna nasadka z mi\u0119kkim uchwytem zapewnia bezpieczne trzymanie i dobre prowadzenie Odporny na uderzenia wk\u0142ad filtra z&hellip;&nbsp;<a href=\"https:\/\/liquidmaster.pl\/en\/flex-ore-3-150-ec-szlifierka-mimosrodowa\/\" rel=\"bookmark\">Read More \u00bb<span class=\"screen-reader-text\">Flex ORE 3-150 EC \u2013 Random orbital sander<\/span><\/a><\/p>","protected":false},"featured_media":1849392,"comment_status":"open","ping_status":"open","template":"","meta":{"neve_meta_sidebar":"","neve_meta_container":"","neve_meta_enable_content_width":"","neve_meta_content_width":0,"neve_meta_title_alignment":"","neve_meta_author_avatar":"","neve_post_elements_order":"","neve_meta_disable_header":"","neve_meta_disable_footer":"","neve_meta_disable_title":"","_themeisle_gutenberg_block_has_review":false},"product_brand":[],"product_cat":[884,748,874],"product_tag":[292],"class_list":{"0":"post-1806509","1":"product","2":"type-product","3":"status-publish","4":"has-post-thumbnail","6":"product_cat-maszyny","7":"product_cat-polerowanie","8":"product_cat-wet-sanding","9":"product_tag-flex","11":"first","12":"instock","13":"taxable","14":"shipping-taxable","15":"purchasable","16":"product-type-simple"},"_links":{"self":[{"href":"https:\/\/liquidmaster.pl\/en\/wp-json\/wp\/v2\/product\/1806509","targetHints":{"allow":["GET"]}}],"collection":[{"href":"https:\/\/liquidmaster.pl\/en\/wp-json\/wp\/v2\/product"}],"about":[{"href":"https:\/\/liquidmaster.pl\/en\/wp-json\/wp\/v2\/types\/product"}],"replies":[{"embeddable":true,"href":"https:\/\/liquidmaster.pl\/en\/wp-json\/wp\/v2\/comments?post=1806509"}],"wp:featuredmedia":[{"embeddable":true,"href":"https:\/\/liquidmaster.pl\/en\/wp-json\/wp\/v2\/media\/1849392"}],"wp:attachment":[{"href":"https:\/\/liquidmaster.pl\/en\/wp-json\/wp\/v2\/media?parent=1806509"}],"wp:term":[{"taxonomy":"product_brand","embeddable":true,"href":"https:\/\/liquidmaster.pl\/en\/wp-json\/wp\/v2\/product_brand?post=1806509"},{"taxonomy":"product_cat","embeddable":true,"href":"https:\/\/liquidmaster.pl\/en\/wp-json\/wp\/v2\/product_cat?post=1806509"},{"taxonomy":"product_tag","embeddable":true,"href":"https:\/\/liquidmaster.pl\/en\/wp-json\/wp\/v2\/product_tag?post=1806509"}],"curies":[{"name":"wp","href":"https:\/\/api.w.org\/{rel}","templated":true}]}}