{"id":1806507,"date":"2025-03-28T16:58:27","date_gmt":"2025-03-28T14:58:27","guid":{"rendered":"https:\/\/liquidmaster.pl\/flex-ore-2-125-ec-szlifierka-mimosrodowa\/"},"modified":"2026-04-18T04:37:52","modified_gmt":"2026-04-18T02:37:52","slug":"flex-ore-2-125-ec-szlifierka-mimosrodowa","status":"publish","type":"product","link":"https:\/\/liquidmaster.pl\/en\/flex-ore-2-125-ec-szlifierka-mimosrodowa\/","title":{"rendered":"Flex ORE 2-125 EC \u2013 Random orbital sander"},"content":{"rendered":"<p>ORE 2-125 EC \u2013 Flex eccentric sander<\/p>\n<p>CHARACTERISTICS<\/p>\n<ul>\n<li>Light, one-handed compact eccentric sander, ergonomic with low vibration level, guarantees easy work without straining the joints<\/li>\n<li>Brushless motor<\/li>\n<li>Grinding speed adapted to the material thanks to electronic 4-speed speed regulation<\/li>\n<li>Ergonomically designed, handy Softgrip housing ensures a firm grip and good guidance<\/li>\n<li>Effective dust collection thanks to integrated self-extraction for dust-free operation with the filter<\/li>\n<\/ul>\n<p>TECHNICAL DATA<\/p>\n<ul>\n<li>Power input 260 Watts<\/li>\n<li>Speed idling. 8000 \u2013 12000 min<\/li>\n<li>Stroke 2.0 mm<\/li>\n<li>Sanding disc \u00d8 125 mm<\/li>\n<li>Velcro tool attachment<\/li>\n<li>Dust extraction connection \u00d8 27 mm<\/li>\n<li>Cable length 4.0 m<\/li>\n<li>Dimensions (L x H) 156 x 121 mm<\/li>\n<li>Weight without base 1.2 kg<\/li>\n<\/ul>\n<p>EQUIPMENT<\/p>\n<ul>\n<li>1x Velcro sanding disc<\/li>\n<li>1x PES microfilter<\/li>\n<li>Model ORE 2-125 EC<\/li>\n<\/ul>","protected":false},"excerpt":{"rendered":"<p>Szlifierka mimo\u015brodowa ORE 2-125 EC &#8211; Flex CECHY Lekka, jednor\u0119czna kompaktowa szlifierka mimo\u015brodowa, ergonomiczna o niskim poziomie wibracji, gwarantuje lekk\u0105 prac\u0119 bez obci\u0105\u017cania staw\u00f3w Bezszczotkowy silnik Pr\u0119dko\u015b\u0107 szlifowania dostosowana do materia\u0142u dzi\u0119ki elektronicznej 4-stopniowej regulacji pr\u0119dko\u015bci Ergonomicznie zaprojektowana, por\u0119czna obudowa Softgrip zapewnia pewny chwyt i dobre prowadzenie Skuteczne odpylanie dzi\u0119ki zintegrowanemu samoodsysaniu dla bezpy\u0142owej pracy&hellip;&nbsp;<a href=\"https:\/\/liquidmaster.pl\/en\/flex-ore-2-125-ec-szlifierka-mimosrodowa\/\" rel=\"bookmark\">Read More \u00bb<span class=\"screen-reader-text\">Flex ORE 2-125 EC \u2013 Random orbital sander<\/span><\/a><\/p>","protected":false},"featured_media":1849383,"comment_status":"open","ping_status":"open","template":"","meta":{"neve_meta_sidebar":"","neve_meta_container":"","neve_meta_enable_content_width":"","neve_meta_content_width":0,"neve_meta_title_alignment":"","neve_meta_author_avatar":"","neve_post_elements_order":"","neve_meta_disable_header":"","neve_meta_disable_footer":"","neve_meta_disable_title":"","_themeisle_gutenberg_block_has_review":false},"product_brand":[],"product_cat":[884,748,874],"product_tag":[292],"class_list":{"0":"post-1806507","1":"product","2":"type-product","3":"status-publish","4":"has-post-thumbnail","6":"product_cat-maszyny","7":"product_cat-polerowanie","8":"product_cat-wet-sanding","9":"product_tag-flex","11":"first","12":"instock","13":"taxable","14":"shipping-taxable","15":"purchasable","16":"product-type-simple"},"_links":{"self":[{"href":"https:\/\/liquidmaster.pl\/en\/wp-json\/wp\/v2\/product\/1806507","targetHints":{"allow":["GET"]}}],"collection":[{"href":"https:\/\/liquidmaster.pl\/en\/wp-json\/wp\/v2\/product"}],"about":[{"href":"https:\/\/liquidmaster.pl\/en\/wp-json\/wp\/v2\/types\/product"}],"replies":[{"embeddable":true,"href":"https:\/\/liquidmaster.pl\/en\/wp-json\/wp\/v2\/comments?post=1806507"}],"wp:featuredmedia":[{"embeddable":true,"href":"https:\/\/liquidmaster.pl\/en\/wp-json\/wp\/v2\/media\/1849383"}],"wp:attachment":[{"href":"https:\/\/liquidmaster.pl\/en\/wp-json\/wp\/v2\/media?parent=1806507"}],"wp:term":[{"taxonomy":"product_brand","embeddable":true,"href":"https:\/\/liquidmaster.pl\/en\/wp-json\/wp\/v2\/product_brand?post=1806507"},{"taxonomy":"product_cat","embeddable":true,"href":"https:\/\/liquidmaster.pl\/en\/wp-json\/wp\/v2\/product_cat?post=1806507"},{"taxonomy":"product_tag","embeddable":true,"href":"https:\/\/liquidmaster.pl\/en\/wp-json\/wp\/v2\/product_tag?post=1806507"}],"curies":[{"name":"wp","href":"https:\/\/api.w.org\/{rel}","templated":true}]}}