{"id":1806505,"date":"2025-03-28T16:58:22","date_gmt":"2025-03-28T14:58:22","guid":{"rendered":"https:\/\/liquidmaster.pl\/dodo-juice-supernatural-carnauba-glaze-500ml-quick-detailer-na-bazie-carnauby\/"},"modified":"2026-03-12T07:29:55","modified_gmt":"2026-03-12T05:29:55","slug":"dodo-juice-supernatural-carnauba-glaze-500ml-quick-detailer-na-bazie-carnauby","status":"publish","type":"product","link":"https:\/\/liquidmaster.pl\/en\/dodo-juice-supernatural-carnauba-glaze-500ml-quick-detailer-na-bazie-carnauby\/","title":{"rendered":"Dodo Juice Supernatural Carnauba Glaze 500ml - quick detailer based on Carnauba"},"content":{"rendered":"<p>Quik Detailer based on the highest quality carnauba wax.<\/p>\n<p>For those who want a natural quick detailer, Dodo created this QD based on the highest quality ingredients, does not contain silicone, gently cleans the panel, leaves behind an amazing shine and a thin layer of natural carnauba wax.<\/p>\n<p>Designed for quick refreshment of cars covered with natural waxes to improve the appearance and strengthen wax protection.<\/p>\n<p>Capacity 500ml<\/p>","protected":false},"excerpt":{"rendered":"<p>Quik Detailer na bazie najwy\u017cszej jako\u015bci wosku Carnauba. Dla tych, kt\u00f3rzy chc\u0105 naturalny szybki Detailer, Dodo stworzy\u0142 ten QD na bazie najwy\u017cszej jako\u015bci sk\u0142adnik\u00f3w, nie zawiera silikonu, delikatnie czyszcz\u0105c panel pozostawia po sobie niesamowity po\u0142ysk oraz cienk\u0105 warstw\u0119 naturalnego wosku Carnauba. Przeznaczony do szybkiego od\u015bwie\u017cenia aut pokrytych naturalnymi woskami w celu poprawy wygl\u0105du oraz wzmocnienia&hellip;&nbsp;<a href=\"https:\/\/liquidmaster.pl\/en\/dodo-juice-supernatural-carnauba-glaze-500ml-quick-detailer-na-bazie-carnauby\/\" rel=\"bookmark\">Read More \u00bb<span class=\"screen-reader-text\">Dodo Juice Supernatural Carnauba Glaze 500ml - quick detailer based on Carnauba<\/span><\/a><\/p>","protected":false},"featured_media":1848008,"comment_status":"open","ping_status":"open","template":"","meta":{"neve_meta_sidebar":"","neve_meta_container":"","neve_meta_enable_content_width":"","neve_meta_content_width":0,"neve_meta_title_alignment":"","neve_meta_author_avatar":"","neve_post_elements_order":"","neve_meta_disable_header":"","neve_meta_disable_footer":"","neve_meta_disable_title":"","_themeisle_gutenberg_block_has_review":false},"product_brand":[],"product_cat":[733,766,767],"product_tag":[288],"class_list":{"0":"post-1806505","1":"product","2":"type-product","3":"status-publish","4":"has-post-thumbnail","6":"product_cat-na-zewnatrz","7":"product_cat-ochrona-lakieru","8":"product_cat-quick-detailery","9":"product_tag-dodo-juice","11":"first","12":"outofstock","13":"taxable","14":"shipping-taxable","15":"purchasable","16":"product-type-simple"},"_links":{"self":[{"href":"https:\/\/liquidmaster.pl\/en\/wp-json\/wp\/v2\/product\/1806505","targetHints":{"allow":["GET"]}}],"collection":[{"href":"https:\/\/liquidmaster.pl\/en\/wp-json\/wp\/v2\/product"}],"about":[{"href":"https:\/\/liquidmaster.pl\/en\/wp-json\/wp\/v2\/types\/product"}],"replies":[{"embeddable":true,"href":"https:\/\/liquidmaster.pl\/en\/wp-json\/wp\/v2\/comments?post=1806505"}],"wp:featuredmedia":[{"embeddable":true,"href":"https:\/\/liquidmaster.pl\/en\/wp-json\/wp\/v2\/media\/1848008"}],"wp:attachment":[{"href":"https:\/\/liquidmaster.pl\/en\/wp-json\/wp\/v2\/media?parent=1806505"}],"wp:term":[{"taxonomy":"product_brand","embeddable":true,"href":"https:\/\/liquidmaster.pl\/en\/wp-json\/wp\/v2\/product_brand?post=1806505"},{"taxonomy":"product_cat","embeddable":true,"href":"https:\/\/liquidmaster.pl\/en\/wp-json\/wp\/v2\/product_cat?post=1806505"},{"taxonomy":"product_tag","embeddable":true,"href":"https:\/\/liquidmaster.pl\/en\/wp-json\/wp\/v2\/product_tag?post=1806505"}],"curies":[{"name":"wp","href":"https:\/\/api.w.org\/{rel}","templated":true}]}}