{"id":1806503,"date":"2025-03-28T16:58:04","date_gmt":"2025-03-28T14:58:04","guid":{"rendered":"https:\/\/liquidmaster.pl\/flex-bw-180-ec-detailing-set-dmuchawa-akumulatorowa\/"},"modified":"2026-04-18T04:37:52","modified_gmt":"2026-04-18T02:37:52","slug":"flex-bw-180-ec-detailing-set-dmuchawa-akumulatorowa","status":"publish","type":"product","link":"https:\/\/liquidmaster.pl\/en\/flex-bw-180-ec-detailing-set-dmuchawa-akumulatorowa\/","title":{"rendered":"FLEX BW 18.0-EC Detailing Set \u2013 cordless blower"},"content":{"rendered":"<p>Dmuchawa akumulatorowa BW 18.0-EC Detailing Set &#8211; Flex<\/p>\n<p>CECHY<\/p>\n<ul>\n<li>Elektroniczny system zarz\u0105dzania energi\u0105 (EMS) chroni maszyn\u0119, przed\u0142u\u017ca \u017cywotno\u015b\u0107 i zwi\u0119ksza wydajno\u015b\u0107<\/li>\n<li>Bezszczotkowy silnik w dmuchawie BW 18.0-EC Detailing Set o wysokiej wydajno\u015bci i du\u017cej \u017cywotno\u015bci<\/li>\n<li>Regulacja obj\u0119to\u015bci powietrza na 3 poziomach<\/li>\n<li>Kompaktowa, por\u0119czna i lekka konstrukcja<\/li>\n<li>Ergonomicznie ukszta\u0142towana mi\u0119kka r\u0105czka z w\u0142\u0105cznikiem \/ wy\u0142\u0105cznikiem i blokada do ci\u0105g\u0142ej pracy Idealny do trudno dost\u0119pnych miejsc<\/li>\n<li>Z p\u0142ask\u0105 dysz\u0105 do wielkopowierzchniowego usuwania istniej\u0105cych pozosta\u0142o\u015bci wody z maski silnika, dachu, szyb itp. Dysza mo\u017ce by\u0107 obracana o 360\u00b0 do pracy w poziomie i w pionie<\/li>\n<li>Z dysz\u0105 redukcyjn\u0105 do ukierunkowanego wydmuchiwania p\u0119kni\u0119\u0107 i kraw\u0119dzi<\/li>\n<li>Idealna tak\u017ce do trudno dost\u0119pnych miejsc<\/li>\n<li>Oszcz\u0119dno\u015b\u0107 miejsca dzi\u0119ki demontowanej rurze i dyszy dmuchawy<\/li>\n<li>Z adapterem i odpowiednimi dyszami redukcyjnymi do pompowania, na przyk\u0142ad dmuchanych materacy<\/li>\n<li>Wszechstronna i elastyczna: mo\u017cliwo\u015b\u0107 wielu zastosowa\u0144 dzi\u0119ki czterem r\u00f3\u017cnym nasadkom. Nadaje si\u0119 do szybkiego i \u0142atwego usuwania suchych li\u015bci z teren\u00f3w posesji<\/li>\n<li>Wy\u015bwietlacz LED wskazuj\u0105cy aktualn\u0105 pojemno\u015b\u0107 akumulatora<\/li>\n<li>System akumulator\u00f3w FLEX: Praca ze wszystkimi pojemno\u015bciami akumulator\u00f3w 18V. Dostawa bez akumulator\u00f3w, \u0142adowarki.<\/li>\n<\/ul>\n<p>DANE TECHNICZNE<\/p>\n<ul>\n<li>Pr\u0119dko\u015b\u0107 Obrotowa Biegu Ja\u0142owego\u00a0 &#8211;\u00a0 10 600 \/ 14 200 \/ 18 000 min<\/li>\n<li>Waga\u00a0 &#8211;\u00a0 \u00a01,2 kg [bez baterii]<\/li>\n<li>Napi\u0119cie Akumulatora\u00a0 &#8211;\u00a0 \u00a018V<\/li>\n<li>Pojemno\u015b\u0107 Akumulatora\u00a0 &#8211;\u00a0 \u00a02,5 Ah lub 5,0 Ah<\/li>\n<li>Max. Pr\u0119dko\u015b\u0107 Powietrza\u00a0 &#8211;\u00a0 \u00a080 m\/sek<\/li>\n<li>Max. Nat\u0119\u017cenie Przep\u0142ywu Powietrza\u00a0 &#8211;\u00a0 \u00a03,11 m\u00b3\/min<\/li>\n<li>Wymiary d\u0142. x szer. x wys.\u00a0 \u00a0 740 x 80 x 235 mm<\/li>\n<\/ul>\n<p>WYPOSA\u017bENIE<\/p>\n<ul>\n<li>2 dysze detailingowe (p\u0142aska i redukcyjna_<\/li>\n<li>1\u00d7 Rura przed\u0142u\u017caj\u0105ca<\/li>\n<li>1\u00d7 Filtr ss\u0105cy<\/li>\n<li>nie zawiera \u0142adowarki i akumulatora<\/li>\n<li>Model BW 18.0-EC Detailing Set<\/li>\n<\/ul>\n","protected":false},"excerpt":{"rendered":"<p>Dmuchawa akumulatorowa BW 18.0-EC Detailing Set &#8211; Flex CECHY Elektroniczny system zarz\u0105dzania energi\u0105 (EMS) chroni maszyn\u0119, przed\u0142u\u017ca \u017cywotno\u015b\u0107 i zwi\u0119ksza wydajno\u015b\u0107 Bezszczotkowy silnik w dmuchawie BW 18.0-EC Detailing Set o wysokiej wydajno\u015bci i du\u017cej \u017cywotno\u015bci Regulacja obj\u0119to\u015bci powietrza na 3 poziomach Kompaktowa, por\u0119czna i lekka konstrukcja Ergonomicznie ukszta\u0142towana mi\u0119kka r\u0105czka z w\u0142\u0105cznikiem \/ wy\u0142\u0105cznikiem i&hellip;&nbsp;<a href=\"https:\/\/liquidmaster.pl\/en\/flex-bw-180-ec-detailing-set-dmuchawa-akumulatorowa\/\" rel=\"bookmark\">Read More \u00bb<span class=\"screen-reader-text\">FLEX BW 18.0-EC Detailing Set \u2013 cordless blower<\/span><\/a><\/p>","protected":false},"featured_media":1849382,"comment_status":"open","ping_status":"open","template":"","meta":{"neve_meta_sidebar":"","neve_meta_container":"","neve_meta_enable_content_width":"","neve_meta_content_width":0,"neve_meta_title_alignment":"","neve_meta_author_avatar":"","neve_post_elements_order":"","neve_meta_disable_header":"","neve_meta_disable_footer":"","neve_meta_disable_title":"","_themeisle_gutenberg_block_has_review":false},"product_brand":[],"product_cat":[734,733,821],"product_tag":[292],"class_list":{"0":"post-1806503","1":"product","2":"type-product","3":"status-publish","4":"has-post-thumbnail","6":"product_cat-mycie-i-osuszanie","7":"product_cat-na-zewnatrz","8":"product_cat-wspomaganie-osuszania","9":"product_tag-flex","11":"first","12":"instock","13":"taxable","14":"shipping-taxable","15":"purchasable","16":"product-type-simple"},"_links":{"self":[{"href":"https:\/\/liquidmaster.pl\/en\/wp-json\/wp\/v2\/product\/1806503","targetHints":{"allow":["GET"]}}],"collection":[{"href":"https:\/\/liquidmaster.pl\/en\/wp-json\/wp\/v2\/product"}],"about":[{"href":"https:\/\/liquidmaster.pl\/en\/wp-json\/wp\/v2\/types\/product"}],"replies":[{"embeddable":true,"href":"https:\/\/liquidmaster.pl\/en\/wp-json\/wp\/v2\/comments?post=1806503"}],"wp:featuredmedia":[{"embeddable":true,"href":"https:\/\/liquidmaster.pl\/en\/wp-json\/wp\/v2\/media\/1849382"}],"wp:attachment":[{"href":"https:\/\/liquidmaster.pl\/en\/wp-json\/wp\/v2\/media?parent=1806503"}],"wp:term":[{"taxonomy":"product_brand","embeddable":true,"href":"https:\/\/liquidmaster.pl\/en\/wp-json\/wp\/v2\/product_brand?post=1806503"},{"taxonomy":"product_cat","embeddable":true,"href":"https:\/\/liquidmaster.pl\/en\/wp-json\/wp\/v2\/product_cat?post=1806503"},{"taxonomy":"product_tag","embeddable":true,"href":"https:\/\/liquidmaster.pl\/en\/wp-json\/wp\/v2\/product_tag?post=1806503"}],"curies":[{"name":"wp","href":"https:\/\/api.w.org\/{rel}","templated":true}]}}