{"id":1806491,"date":"2025-03-28T16:56:48","date_gmt":"2025-03-28T14:56:48","guid":{"rendered":"https:\/\/liquidmaster.pl\/santoemma-sabrina-sw15-ssawka-do-dywanow-profesjonalny-odkurzacz-pioracy\/"},"modified":"2026-03-20T06:10:00","modified_gmt":"2026-03-20T04:10:00","slug":"santoemma-sabrina-sw15-ssawka-do-dywanow-profesjonalny-odkurzacz-pioracy","status":"publish","type":"product","link":"https:\/\/liquidmaster.pl\/en\/santoemma-sabrina-sw15-ssawka-do-dywanow-profesjonalny-odkurzacz-pioracy\/","title":{"rendered":"Santoemma Sabrina SW15 + Ssawka Do Dywan\u00f3w &#8211; profesjonalny odkurzacz pior\u0105cy"},"content":{"rendered":"<p>Odkurzacz ekstrakcyjny Santoemma Sabrina SW15<br \/>\nSabrina SW15 with a carpet nozzle is an excellent device whose parameters beat the competition in this price range. Washing small carpets, rugs and upholstery with this device is pure pleasure. The dirt is well removed and the washed fabric is less soaked. The engine of this small machine works in larger machines such as Sabrina maxi, Brush or the Elit Silent machine. Now a nozzle for carpets and ABS upholstery included.<\/p>\n<p>The most popular competitor device is Puzzi 200, which has 2 spray bars.<\/p>\n<p>Perfectly removes water from washed materials.\u00a0<\/p>\n<p>The High Waterlift system allows you to collect a very large amount of water used during the washing process in a short time.\u00a0<br \/>\nThe spray pressure of 4 bar and the use of 0.6 liters of water per minute mean that with such a powerful turbine, there is very little moisture left after washing.\u00a0<\/p>\n<p>The suction cups are one element<\/p>\n<p>The nozzles dedicated to this machine - for carpets or upholstery - are made of one element, which means that when rinsing, the nozzle does not get the so-called left air. After applying the suction nozzle to the surface to be washed, the entire suction force is directed towards this surface. Competitor&#039;s suction cup designs are often two-piece and bolted together.<\/p>\n<p>Durable housing\u00a0<\/p>\n<p>The body of the machine is made of durable ABS, which is exposed to damage during frequent transport.\u00a0\u00a0<\/p>\n<p>Order processing time \u2013 up to 3 business days.<\/p>\n<p>\u00a0<\/p>","protected":false},"excerpt":{"rendered":"<p>Odkurzacz ekstrakcyjny Santoemma Sabrina SW15 Sabrina SW15 ze ssawk\u0105 do dywan\u00f3w to doskona\u0142e urz\u0105dzenie, kt\u00f3re parametrami wygrywa z konkurencj\u0105 w tym zakresie cenowym. Pranie ma\u0142ych dywan\u00f3w, wyk\u0142adzin czy tapicerek tym urz\u0105dzeniem to czysta przyjemno\u015b\u0107. Brud jest dobrze \u015bci\u0105gni\u0119ty a prany materia\u0142 mniej przemoczony. Silnik tej ma\u0142ej maszyny pracuje w maszynach wi\u0119kszych takich jak Sabrina maxi,&hellip;&nbsp;<a href=\"https:\/\/liquidmaster.pl\/en\/santoemma-sabrina-sw15-ssawka-do-dywanow-profesjonalny-odkurzacz-pioracy\/\" rel=\"bookmark\">Read More \u00bb<span class=\"screen-reader-text\">Santoemma Sabrina SW15 + Ssawka Do Dywan\u00f3w &#8211; profesjonalny odkurzacz pior\u0105cy<\/span><\/a><\/p>","protected":false},"featured_media":1849368,"comment_status":"open","ping_status":"open","template":"","meta":{"neve_meta_sidebar":"","neve_meta_container":"","neve_meta_enable_content_width":"","neve_meta_content_width":0,"neve_meta_title_alignment":"","neve_meta_author_avatar":"","neve_post_elements_order":"","neve_meta_disable_header":"","neve_meta_disable_footer":"","neve_meta_disable_title":"","_themeisle_gutenberg_block_has_review":false},"product_brand":[],"product_cat":[757,865,918,846],"product_tag":[937],"class_list":{"0":"post-1806491","1":"product","2":"type-product","3":"status-publish","4":"has-post-thumbnail","6":"product_cat-akcesoria","7":"product_cat-odkurzacze","8":"product_cat-odkurzacze-piorace","9":"product_cat-reszta","10":"product_tag-santoemma","12":"first","13":"outofstock","14":"taxable","15":"shipping-taxable","16":"purchasable","17":"product-type-simple"},"_links":{"self":[{"href":"https:\/\/liquidmaster.pl\/en\/wp-json\/wp\/v2\/product\/1806491","targetHints":{"allow":["GET"]}}],"collection":[{"href":"https:\/\/liquidmaster.pl\/en\/wp-json\/wp\/v2\/product"}],"about":[{"href":"https:\/\/liquidmaster.pl\/en\/wp-json\/wp\/v2\/types\/product"}],"replies":[{"embeddable":true,"href":"https:\/\/liquidmaster.pl\/en\/wp-json\/wp\/v2\/comments?post=1806491"}],"wp:featuredmedia":[{"embeddable":true,"href":"https:\/\/liquidmaster.pl\/en\/wp-json\/wp\/v2\/media\/1849368"}],"wp:attachment":[{"href":"https:\/\/liquidmaster.pl\/en\/wp-json\/wp\/v2\/media?parent=1806491"}],"wp:term":[{"taxonomy":"product_brand","embeddable":true,"href":"https:\/\/liquidmaster.pl\/en\/wp-json\/wp\/v2\/product_brand?post=1806491"},{"taxonomy":"product_cat","embeddable":true,"href":"https:\/\/liquidmaster.pl\/en\/wp-json\/wp\/v2\/product_cat?post=1806491"},{"taxonomy":"product_tag","embeddable":true,"href":"https:\/\/liquidmaster.pl\/en\/wp-json\/wp\/v2\/product_tag?post=1806491"}],"curies":[{"name":"wp","href":"https:\/\/api.w.org\/{rel}","templated":true}]}}