{"id":1806483,"date":"2025-03-28T16:56:26","date_gmt":"2025-03-28T14:56:26","guid":{"rendered":"https:\/\/liquidmaster.pl\/detailing-house-szczotka-miedziana\/"},"modified":"2026-04-18T04:37:50","modified_gmt":"2026-04-18T02:37:50","slug":"detailing-house-szczotka-miedziana","status":"publish","type":"product","link":"https:\/\/liquidmaster.pl\/en\/detailing-house-szczotka-miedziana\/","title":{"rendered":"Detailing House Copper Brush"},"content":{"rendered":"<p>Professional copper brush for vacuuming and combing car and furniture upholstery. More delicate than a metal brush, it allows you to vacuum delicate materials without scratching.\u00a0<br \/>\n\u00a0<br \/>\nA professional brush for vacuuming furniture and car upholstery. The long handle makes work faster and easier.\u00a0<\/p>\n<p>The brush allows you to extract dust deep in the seats. Its use allows you to significantly reduce the consumption of chemicals and shorten the rinsing process<\/p>\n<p>Note: Do not use on ceiling linings.<\/p>","protected":false},"excerpt":{"rendered":"<p>Profesjonalna szczotka miedziana do odkurzania i rozczesywania tapicerki samochodowej jak i meblowej. Delikatniejsza od szczotki metalowej pozwala odkurzy\u0107 delikatne materia\u0142y bez zarysowa\u0144.\u00a0 \u00a0 Profesjonalna szczotka do wspomagania odkurzania tapicerek meblowych oraz samochodowych. D\u0142uga r\u0105czka przyspiesza i u\u0142atwia prac\u0119.\u00a0 Szczotka pozwala na wydobycie g\u0142\u0119boko zalegaj\u0105cego w siedzeniach kurzu. Jej u\u017cycie pozwala znacznie zmniejszy\u0107 zu\u017cycie \u015brodk\u00f3w chemicznych&hellip;&nbsp;<a href=\"https:\/\/liquidmaster.pl\/en\/detailing-house-szczotka-miedziana\/\" rel=\"bookmark\">Read More \u00bb<span class=\"screen-reader-text\">Detailing House Copper Brush<\/span><\/a><\/p>","protected":false},"featured_media":1849355,"comment_status":"open","ping_status":"open","template":"","meta":{"neve_meta_sidebar":"","neve_meta_container":"","neve_meta_enable_content_width":"","neve_meta_content_width":0,"neve_meta_title_alignment":"","neve_meta_author_avatar":"","neve_post_elements_order":"","neve_meta_disable_header":"","neve_meta_disable_footer":"","neve_meta_disable_title":"","_themeisle_gutenberg_block_has_review":false},"product_brand":[],"product_cat":[757,851,777],"product_tag":[286],"class_list":{"0":"post-1806483","1":"product","2":"type-product","3":"status-publish","4":"has-post-thumbnail","6":"product_cat-akcesoria","7":"product_cat-do-tapicerki","8":"product_cat-szczotki-i-pedzelki","9":"product_tag-detailing-house","11":"first","12":"instock","13":"taxable","14":"shipping-taxable","15":"purchasable","16":"product-type-simple"},"_links":{"self":[{"href":"https:\/\/liquidmaster.pl\/en\/wp-json\/wp\/v2\/product\/1806483","targetHints":{"allow":["GET"]}}],"collection":[{"href":"https:\/\/liquidmaster.pl\/en\/wp-json\/wp\/v2\/product"}],"about":[{"href":"https:\/\/liquidmaster.pl\/en\/wp-json\/wp\/v2\/types\/product"}],"replies":[{"embeddable":true,"href":"https:\/\/liquidmaster.pl\/en\/wp-json\/wp\/v2\/comments?post=1806483"}],"wp:featuredmedia":[{"embeddable":true,"href":"https:\/\/liquidmaster.pl\/en\/wp-json\/wp\/v2\/media\/1849355"}],"wp:attachment":[{"href":"https:\/\/liquidmaster.pl\/en\/wp-json\/wp\/v2\/media?parent=1806483"}],"wp:term":[{"taxonomy":"product_brand","embeddable":true,"href":"https:\/\/liquidmaster.pl\/en\/wp-json\/wp\/v2\/product_brand?post=1806483"},{"taxonomy":"product_cat","embeddable":true,"href":"https:\/\/liquidmaster.pl\/en\/wp-json\/wp\/v2\/product_cat?post=1806483"},{"taxonomy":"product_tag","embeddable":true,"href":"https:\/\/liquidmaster.pl\/en\/wp-json\/wp\/v2\/product_tag?post=1806483"}],"curies":[{"name":"wp","href":"https:\/\/api.w.org\/{rel}","templated":true}]}}