{"id":1806477,"date":"2025-03-28T16:56:04","date_gmt":"2025-03-28T14:56:04","guid":{"rendered":"https:\/\/liquidmaster.pl\/koch-chemie-refresh-kokpit-500ml\/"},"modified":"2026-04-18T04:37:49","modified_gmt":"2026-04-18T02:37:49","slug":"koch-chemie-refresh-kokpit-500ml","status":"publish","type":"product","link":"https:\/\/liquidmaster.pl\/en\/koch-chemie-refresh-kokpit-500ml\/","title":{"rendered":"Koch Chemie Refresh Kokpit 500ml"},"content":{"rendered":"<p>Cleans, cares for and preserves all plastic elements in the car interior. Gives a long-lasting, fresh look. Protects against new dirt and UV radiation.<\/p>\n<p>Recommended use: Spray the product onto a soft sponge. Apply evenly and wait until completely dry. Polish with a soft cloth. Do not apply to the steering wheel or pedals (danger of slipping). Repeat the procedure with very absorbent surfaces<\/p>","protected":false},"excerpt":{"rendered":"<p>Czy\u015bci, piel\u0119gnuje i\u00a0 konserwuje wszelkie elementy z\u00a0 tworzyw sztucznych we wn\u0119trzu samochodu. Nadaje d\u0142ugo utrzymuj\u0105cy si\u0119, \u015bwie\u017cy wygl\u0105d. Chroni przed nowym brudem oraz promieniowaniem UV. Zalecane zastosowanie: Natryskiwa\u0107 produkt na mi\u0119kk\u0105 g\u0105bk\u0119. Nak\u0142ada\u0107 r\u00f3wnomiernie i\u00a0 odczeka\u0107 do ca\u0142kowitego wyschni\u0119cia. Polerowa\u0107 mi\u0119kk\u0105 \u015bciereczk\u0105. Nie nak\u0142ada\u0107 na ko\u0142o kierownicy i peda\u0142y (niebezpiecze\u0144stwo po\u015blizgu). Powt\u00f3rz procedur\u0119 z bardzo&hellip;&nbsp;<a href=\"https:\/\/liquidmaster.pl\/en\/koch-chemie-refresh-kokpit-500ml\/\" rel=\"bookmark\">Read More \u00bb<span class=\"screen-reader-text\">Koch Chemie Refresh Kokpit 500ml<\/span><\/a><\/p>","protected":false},"featured_media":1849351,"comment_status":"open","ping_status":"open","template":"","meta":{"neve_meta_sidebar":"","neve_meta_container":"","neve_meta_enable_content_width":"","neve_meta_content_width":0,"neve_meta_title_alignment":"","neve_meta_author_avatar":"","neve_post_elements_order":"","neve_meta_disable_header":"","neve_meta_disable_footer":"","neve_meta_disable_title":"","_themeisle_gutenberg_block_has_review":false},"product_brand":[],"product_cat":[796,795,768],"product_tag":[313],"class_list":{"0":"post-1806477","1":"product","2":"type-product","3":"status-publish","4":"has-post-thumbnail","6":"product_cat-ochrona-plastikow-wewnetrznych","7":"product_cat-plastiki-wewnetrzne","8":"product_cat-wnetrze-auta","9":"product_tag-koch-chemie","10":"pa_promocja-promocje","12":"first","13":"outofstock","14":"taxable","15":"shipping-taxable","16":"purchasable","17":"product-type-simple"},"_links":{"self":[{"href":"https:\/\/liquidmaster.pl\/en\/wp-json\/wp\/v2\/product\/1806477","targetHints":{"allow":["GET"]}}],"collection":[{"href":"https:\/\/liquidmaster.pl\/en\/wp-json\/wp\/v2\/product"}],"about":[{"href":"https:\/\/liquidmaster.pl\/en\/wp-json\/wp\/v2\/types\/product"}],"replies":[{"embeddable":true,"href":"https:\/\/liquidmaster.pl\/en\/wp-json\/wp\/v2\/comments?post=1806477"}],"wp:featuredmedia":[{"embeddable":true,"href":"https:\/\/liquidmaster.pl\/en\/wp-json\/wp\/v2\/media\/1849351"}],"wp:attachment":[{"href":"https:\/\/liquidmaster.pl\/en\/wp-json\/wp\/v2\/media?parent=1806477"}],"wp:term":[{"taxonomy":"product_brand","embeddable":true,"href":"https:\/\/liquidmaster.pl\/en\/wp-json\/wp\/v2\/product_brand?post=1806477"},{"taxonomy":"product_cat","embeddable":true,"href":"https:\/\/liquidmaster.pl\/en\/wp-json\/wp\/v2\/product_cat?post=1806477"},{"taxonomy":"product_tag","embeddable":true,"href":"https:\/\/liquidmaster.pl\/en\/wp-json\/wp\/v2\/product_tag?post=1806477"}],"curies":[{"name":"wp","href":"https:\/\/api.w.org\/{rel}","templated":true}]}}