{"id":1806475,"date":"2025-03-28T16:56:04","date_gmt":"2025-03-28T14:56:04","guid":{"rendered":"https:\/\/liquidmaster.pl\/koch-chemie-multi-interior-cleaner-750ml\/"},"modified":"2026-04-18T04:37:48","modified_gmt":"2026-04-18T02:37:48","slug":"koch-chemie-multi-interior-cleaner-750ml","status":"publish","type":"product","link":"https:\/\/liquidmaster.pl\/en\/koch-chemie-multi-interior-cleaner-751\/","title":{"rendered":"Koch Chemie Multi Interior Cleaner 750ml"},"content":{"rendered":"<p>Thoroughly and gently removes heavy dirt from upholstered seats, fabric covers, headliners, carpets, plastic finishing elements, etc. Provides a fresh scent.<\/p>\n<p>Recommended use: Spray on dirty parts and leave for a short while. Then wipe with a cloth or soft brush. Reapply using fresh water and a clean cloth.<\/p>","protected":false},"excerpt":{"rendered":"<p>Dok\u0142adnie i delikatnie usuwa ci\u0119\u017ckie zabrudzenia z tapicerowanych siedze\u0144, pokrowc\u00f3w z tkaniny, podsufitek, dywanik\u00f3w, plastikowych element\u00f3w wyko\u0144czeniowych itp. Zapewnia \u015bwie\u017cy zapach. Zalecane zastosowanie: Spryskaj zabrudzone cz\u0119\u015bci i pozostaw na kr\u00f3tk\u0105 chwil\u0119. Nast\u0119pnie wytrzyj \u015bciereczk\u0105 lub mi\u0119kk\u0105 szczotk\u0105. Pon\u00f3w przy u\u017cyciu \u015bwie\u017cej wody i czystej szmatki.<\/p>","protected":false},"featured_media":1849348,"comment_status":"open","ping_status":"open","template":"","meta":{"neve_meta_sidebar":"","neve_meta_container":"","neve_meta_enable_content_width":"","neve_meta_content_width":0,"neve_meta_title_alignment":"","neve_meta_author_avatar":"","neve_post_elements_order":"","neve_meta_disable_header":"","neve_meta_disable_footer":"","neve_meta_disable_title":"","_themeisle_gutenberg_block_has_review":false},"product_brand":[],"product_cat":[804,795,768],"product_tag":[313],"class_list":{"0":"post-1806475","1":"product","2":"type-product","3":"status-publish","4":"has-post-thumbnail","6":"product_cat-czyszczenie-plastikow-wewnetrznych","7":"product_cat-plastiki-wewnetrzne","8":"product_cat-wnetrze-auta","9":"product_tag-koch-chemie","10":"pa_promocja-promocje","12":"first","13":"instock","14":"taxable","15":"shipping-taxable","16":"purchasable","17":"product-type-simple"},"_links":{"self":[{"href":"https:\/\/liquidmaster.pl\/en\/wp-json\/wp\/v2\/product\/1806475","targetHints":{"allow":["GET"]}}],"collection":[{"href":"https:\/\/liquidmaster.pl\/en\/wp-json\/wp\/v2\/product"}],"about":[{"href":"https:\/\/liquidmaster.pl\/en\/wp-json\/wp\/v2\/types\/product"}],"replies":[{"embeddable":true,"href":"https:\/\/liquidmaster.pl\/en\/wp-json\/wp\/v2\/comments?post=1806475"}],"wp:featuredmedia":[{"embeddable":true,"href":"https:\/\/liquidmaster.pl\/en\/wp-json\/wp\/v2\/media\/1849348"}],"wp:attachment":[{"href":"https:\/\/liquidmaster.pl\/en\/wp-json\/wp\/v2\/media?parent=1806475"}],"wp:term":[{"taxonomy":"product_brand","embeddable":true,"href":"https:\/\/liquidmaster.pl\/en\/wp-json\/wp\/v2\/product_brand?post=1806475"},{"taxonomy":"product_cat","embeddable":true,"href":"https:\/\/liquidmaster.pl\/en\/wp-json\/wp\/v2\/product_cat?post=1806475"},{"taxonomy":"product_tag","embeddable":true,"href":"https:\/\/liquidmaster.pl\/en\/wp-json\/wp\/v2\/product_tag?post=1806475"}],"curies":[{"name":"wp","href":"https:\/\/api.w.org\/{rel}","templated":true}]}}