{"id":1806467,"date":"2025-03-28T16:55:12","date_gmt":"2025-03-28T14:55:12","guid":{"rendered":"https:\/\/liquidmaster.pl\/funky-witch-tarminator-tar-and-glue-remover-215ml-srodek-do-usuwania-smoly-zywic-i-klejow\/"},"modified":"2026-04-18T04:37:47","modified_gmt":"2026-04-18T02:37:47","slug":"funky-witch-tarminator-tar-and-glue-remover-215ml-srodek-do-usuwania-smoly-zywic-i-klejow","status":"publish","type":"product","link":"https:\/\/liquidmaster.pl\/en\/funky-witch-tarminator-tar-and-glue-remover-215ml-srodek-do-usuwania-smoly-zywic-i-klejow\/","title":{"rendered":"Funky Witch Tarminator Tar and Glue Remover 215ml \u2013 tar, resin and glue remover"},"content":{"rendered":"<p>Tarminator is a means of removing the most difficult dirt from our car&#039;s paint, such as resin, glue or tar. Surfaces particularly exposed to this type of dirt are the lower parts of the body, i.e. sills and door bottoms. The advanced formula of the product is responsible for its speed of action, making working with the product quick and easy. The composition of the product has been composed so that the product is safe to use. Remember to always test the product in an inconspicuous place before using it.<\/p>\n<p>Usage:<\/p>\n<li>Shake the bottle before use.<\/li>\n<li>Never apply in the sun or on hot surfaces.<\/li>\n<li>After application, leave the product for approx. 3-10 minutes, but be careful not to let the product dry out.<\/li>\n<li>Rinse with plenty of water and wipe with a microfiber if necessary.<\/li>\n<li>Finally, wash the cleaned surface with shampoo.<\/li>\n<p>Capacity: 215 ml<\/p>","protected":false},"excerpt":{"rendered":"<p>Tarminator to \u015brodek, dzi\u0119ki kt\u00f3remu pozb\u0119dziemy si\u0119 z lakieru naszego samochodu najtrudniejszych zabrudze\u0144 takich jak \u017cywica, klej czy smo\u0142a. Powierzchnie szczeg\u00f3lnie nara\u017cone na ten typ zabrudze\u0144 to dolne partie nadwozia, czyli progi i do\u0142y drzwi. Zaawansowana formu\u0142a produktu odpowiada za jego szybko\u015b\u0107 dzia\u0142ania, dzi\u0119ki czemu praca z produktem jest szybka i \u0142atwa. Sk\u0142ad produktu zosta\u0142&hellip;&nbsp;<a href=\"https:\/\/liquidmaster.pl\/en\/funky-witch-tarminator-tar-and-glue-remover-215ml-srodek-do-usuwania-smoly-zywic-i-klejow\/\" rel=\"bookmark\">Read More \u00bb<span class=\"screen-reader-text\">Funky Witch Tarminator Tar and Glue Remover 215ml \u2013 tar, resin and glue remover<\/span><\/a><\/p>","protected":false},"featured_media":1849331,"comment_status":"open","ping_status":"open","template":"","meta":{"neve_meta_sidebar":"","neve_meta_container":"","neve_meta_enable_content_width":"","neve_meta_content_width":0,"neve_meta_title_alignment":"","neve_meta_author_avatar":"","neve_post_elements_order":"","neve_meta_disable_header":"","neve_meta_disable_footer":"","neve_meta_disable_title":"","_themeisle_gutenberg_block_has_review":false},"product_brand":[],"product_cat":[743,733,793],"product_tag":[298],"class_list":{"0":"post-1806467","1":"product","2":"type-product","3":"status-publish","4":"has-post-thumbnail","6":"product_cat-dekontaminacja","7":"product_cat-na-zewnatrz","8":"product_cat-usuwanie-smoly-i-kleju","9":"product_tag-funky-witch","10":"pa_promocja-promocje","12":"first","13":"instock","14":"taxable","15":"shipping-taxable","16":"purchasable","17":"product-type-simple"},"_links":{"self":[{"href":"https:\/\/liquidmaster.pl\/en\/wp-json\/wp\/v2\/product\/1806467","targetHints":{"allow":["GET"]}}],"collection":[{"href":"https:\/\/liquidmaster.pl\/en\/wp-json\/wp\/v2\/product"}],"about":[{"href":"https:\/\/liquidmaster.pl\/en\/wp-json\/wp\/v2\/types\/product"}],"replies":[{"embeddable":true,"href":"https:\/\/liquidmaster.pl\/en\/wp-json\/wp\/v2\/comments?post=1806467"}],"wp:featuredmedia":[{"embeddable":true,"href":"https:\/\/liquidmaster.pl\/en\/wp-json\/wp\/v2\/media\/1849331"}],"wp:attachment":[{"href":"https:\/\/liquidmaster.pl\/en\/wp-json\/wp\/v2\/media?parent=1806467"}],"wp:term":[{"taxonomy":"product_brand","embeddable":true,"href":"https:\/\/liquidmaster.pl\/en\/wp-json\/wp\/v2\/product_brand?post=1806467"},{"taxonomy":"product_cat","embeddable":true,"href":"https:\/\/liquidmaster.pl\/en\/wp-json\/wp\/v2\/product_cat?post=1806467"},{"taxonomy":"product_tag","embeddable":true,"href":"https:\/\/liquidmaster.pl\/en\/wp-json\/wp\/v2\/product_tag?post=1806467"}],"curies":[{"name":"wp","href":"https:\/\/api.w.org\/{rel}","templated":true}]}}