{"id":1806457,"date":"2025-03-28T16:54:24","date_gmt":"2025-03-28T14:54:24","guid":{"rendered":"https:\/\/liquidmaster.pl\/koch-chemie-speed-glass-cleaner-750ml-plyn-do-mycia-szyb\/"},"modified":"2026-04-18T04:37:46","modified_gmt":"2026-04-18T02:37:46","slug":"koch-chemie-speed-glass-cleaner-750ml-plyn-do-mycia-szyb","status":"publish","type":"product","link":"https:\/\/liquidmaster.pl\/en\/koch-chemie-speed-glass-cleaner-750ml-plyn-do-mycia-szyb\/","title":{"rendered":"Koch Chemie Speed Glass Cleaner 750ml \u2013 glass cleaning liquid"},"content":{"rendered":"<p>Ready-to-use glass cleaning liquid, intended for all smooth surfaces such as windows, mirrors, ceramic tiles, sheet metal, worktops, etc. Effectively removes stubborn dirt such as oil, grease, insects, etc. It evaporates quickly, leaving the surface streak-free. Additionally, thanks to the polishing and smoothing substances it contains, it increases the slippage of the cloth used for cleaning. It has a pleasant, fresh scent. An ideal product for keeping various types of surfaces clean and shiny.<\/p>\n<p>Capacity: 750 ml<\/p>","protected":false},"excerpt":{"rendered":"<p>Gotowy do u\u017cycia p\u0142yn do mycia szyb, przeznaczony do wszystkich g\u0142adkich powierzchni takich jak okna, lustra, p\u0142ytki ceramiczne, blachy, blaty robocze itp. Skutecznie usuwa uporczywe zabrudzenia, takie jak olej, t\u0142uszcz, owady itp. Szybko odparowuje, pozostawiaj\u0105c powierzchni\u0119 bez smug. Dodatkowo, dzi\u0119ki zawartym substancjom nab\u0142yszczaj\u0105cym i wyg\u0142adzaj\u0105cym, zwi\u0119ksza po\u015blizg \u015bciereczki u\u017cywanej do czyszczenia. Posiada przyjemny, \u015bwie\u017cy zapach.&hellip;&nbsp;<a href=\"https:\/\/liquidmaster.pl\/en\/koch-chemie-speed-glass-cleaner-750ml-plyn-do-mycia-szyb\/\" rel=\"bookmark\">Read More \u00bb<span class=\"screen-reader-text\">Koch Chemie Speed Glass Cleaner 750ml \u2013 glass cleaning liquid<\/span><\/a><\/p>","protected":false},"featured_media":1849307,"comment_status":"open","ping_status":"open","template":"","meta":{"neve_meta_sidebar":"","neve_meta_container":"","neve_meta_enable_content_width":"","neve_meta_content_width":0,"neve_meta_title_alignment":"","neve_meta_author_avatar":"","neve_post_elements_order":"","neve_meta_disable_header":"","neve_meta_disable_footer":"","neve_meta_disable_title":"","_themeisle_gutenberg_block_has_review":false},"product_brand":[],"product_cat":[733,774,773],"product_tag":[313],"class_list":{"0":"post-1806457","1":"product","2":"type-product","3":"status-publish","4":"has-post-thumbnail","6":"product_cat-na-zewnatrz","7":"product_cat-plyny-do-szyb","8":"product_cat-szyby","9":"product_tag-koch-chemie","11":"first","12":"instock","13":"taxable","14":"shipping-taxable","15":"purchasable","16":"product-type-simple"},"_links":{"self":[{"href":"https:\/\/liquidmaster.pl\/en\/wp-json\/wp\/v2\/product\/1806457","targetHints":{"allow":["GET"]}}],"collection":[{"href":"https:\/\/liquidmaster.pl\/en\/wp-json\/wp\/v2\/product"}],"about":[{"href":"https:\/\/liquidmaster.pl\/en\/wp-json\/wp\/v2\/types\/product"}],"replies":[{"embeddable":true,"href":"https:\/\/liquidmaster.pl\/en\/wp-json\/wp\/v2\/comments?post=1806457"}],"wp:featuredmedia":[{"embeddable":true,"href":"https:\/\/liquidmaster.pl\/en\/wp-json\/wp\/v2\/media\/1849307"}],"wp:attachment":[{"href":"https:\/\/liquidmaster.pl\/en\/wp-json\/wp\/v2\/media?parent=1806457"}],"wp:term":[{"taxonomy":"product_brand","embeddable":true,"href":"https:\/\/liquidmaster.pl\/en\/wp-json\/wp\/v2\/product_brand?post=1806457"},{"taxonomy":"product_cat","embeddable":true,"href":"https:\/\/liquidmaster.pl\/en\/wp-json\/wp\/v2\/product_cat?post=1806457"},{"taxonomy":"product_tag","embeddable":true,"href":"https:\/\/liquidmaster.pl\/en\/wp-json\/wp\/v2\/product_tag?post=1806457"}],"curies":[{"name":"wp","href":"https:\/\/api.w.org\/{rel}","templated":true}]}}