{"id":1806454,"date":"2025-03-28T16:54:24","date_gmt":"2025-03-28T14:54:24","guid":{"rendered":"https:\/\/liquidmaster.pl\/koch-chemie-nano-magic-shampoo-750ml-profesjonalny-szampon-do-mycia-auta\/"},"modified":"2026-04-18T04:37:46","modified_gmt":"2026-04-18T02:37:46","slug":"koch-chemie-nano-magic-shampoo-750ml-profesjonalny-szampon-do-mycia-auta","status":"publish","type":"product","link":"https:\/\/liquidmaster.pl\/en\/koch-chemie-nano-magic-shampoo-751\/","title":{"rendered":"Koch Chemie Nano Magic Shampoo 750ml \u2013 professional car washing shampoo"},"content":{"rendered":"<p>Koch Chemie Nano Magic Shampoo - is a highly advanced shampoo designed for thorough cleaning of the vehicle body and at the same time preserving it. Despite the protective ingredient, any previously applied waxes or coatings remain intact.<\/p>\n<p>A 750 ml bottle is enough for about 15-20 washes, i.e. for an average of 3-4 months.<\/p>\n<p>Characteristics:<\/p>\n<ul>\n<li>pH 6.9<\/li>\n<\/ul>\n<p>Usage:<\/p>\n<li>Dilute 40-50 ml of shampoo in 10 L of water<\/li>\n<li>Wash with a microfiber glove\/sponge<\/li>\n<li>Wash only in a shaded place<\/li>\n<li>Do not allow the shampoo to dry<\/li>\n<p>Capacity: 750 ml<\/p>\n<p>\u00a0<\/p>","protected":false},"excerpt":{"rendered":"<p>Koch Chemie Nano Magic Shampoo \u2013 to mocno zaawansowany szampon przeznaczony do gruntownego mycia karoserii pojazdu, przy jednoczesnym jej zakonserwowaniu. Mimo sk\u0142adnika zabezpieczaj\u0105cego, wszelkie wcze\u015bniej na\u0142o\u017cone woski czy pow\u0142oki zostaj\u0105 nienaruszone. Butelka 750 ml wystarczy na oko\u0142o 15-20 my\u0107, czyli \u015brednio na 3-4 miesi\u0105ce. Cechy: pH 6,9 Spos\u00f3b u\u017cycia: Rozcie\u0144czy\u0107 40-50 ml szamponu w 10&hellip;&nbsp;<a href=\"https:\/\/liquidmaster.pl\/en\/koch-chemie-nano-magic-shampoo-751\/\" rel=\"bookmark\">Read More \u00bb<span class=\"screen-reader-text\">Koch Chemie Nano Magic Shampoo 750ml \u2013 professional car washing shampoo<\/span><\/a><\/p>","protected":false},"featured_media":1849306,"comment_status":"open","ping_status":"open","template":"","meta":{"neve_meta_sidebar":"","neve_meta_container":"","neve_meta_enable_content_width":"","neve_meta_content_width":0,"neve_meta_title_alignment":"","neve_meta_author_avatar":"","neve_post_elements_order":"","neve_meta_disable_header":"","neve_meta_disable_footer":"","neve_meta_disable_title":"","_themeisle_gutenberg_block_has_review":false},"product_brand":[],"product_cat":[734,733,740],"product_tag":[313],"class_list":{"0":"post-1806454","1":"product","2":"type-product","3":"status-publish","4":"has-post-thumbnail","6":"product_cat-mycie-i-osuszanie","7":"product_cat-na-zewnatrz","8":"product_cat-szampony-mycie-i-osuszanie","9":"product_tag-koch-chemie","11":"first","12":"instock","13":"taxable","14":"shipping-taxable","15":"purchasable","16":"product-type-simple"},"_links":{"self":[{"href":"https:\/\/liquidmaster.pl\/en\/wp-json\/wp\/v2\/product\/1806454","targetHints":{"allow":["GET"]}}],"collection":[{"href":"https:\/\/liquidmaster.pl\/en\/wp-json\/wp\/v2\/product"}],"about":[{"href":"https:\/\/liquidmaster.pl\/en\/wp-json\/wp\/v2\/types\/product"}],"replies":[{"embeddable":true,"href":"https:\/\/liquidmaster.pl\/en\/wp-json\/wp\/v2\/comments?post=1806454"}],"wp:featuredmedia":[{"embeddable":true,"href":"https:\/\/liquidmaster.pl\/en\/wp-json\/wp\/v2\/media\/1849306"}],"wp:attachment":[{"href":"https:\/\/liquidmaster.pl\/en\/wp-json\/wp\/v2\/media?parent=1806454"}],"wp:term":[{"taxonomy":"product_brand","embeddable":true,"href":"https:\/\/liquidmaster.pl\/en\/wp-json\/wp\/v2\/product_brand?post=1806454"},{"taxonomy":"product_cat","embeddable":true,"href":"https:\/\/liquidmaster.pl\/en\/wp-json\/wp\/v2\/product_cat?post=1806454"},{"taxonomy":"product_tag","embeddable":true,"href":"https:\/\/liquidmaster.pl\/en\/wp-json\/wp\/v2\/product_tag?post=1806454"}],"curies":[{"name":"wp","href":"https:\/\/api.w.org\/{rel}","templated":true}]}}