{"id":1806453,"date":"2025-03-28T16:54:22","date_gmt":"2025-03-28T14:54:22","guid":{"rendered":"https:\/\/liquidmaster.pl\/fx-protect-shaggy-wash-pad-pad-z-mikrofibry-do-mycia-karoserii\/"},"modified":"2026-04-18T04:27:51","modified_gmt":"2026-04-18T02:27:51","slug":"fx-protect-shaggy-wash-pad-pad-z-mikrofibry-do-mycia-karoserii","status":"publish","type":"product","link":"https:\/\/liquidmaster.pl\/en\/fx-protect-shaggy-wash-pad-pad-z-mikrofibry-do-mycia-karoserii\/","title":{"rendered":"FX Protect SHAGGY WASH PAD - a microfiber pad for washing the car body"},"content":{"rendered":"<p>SHAGGY WASH PAD is an extremely soft and very absorbent pad made of high-quality plush microfiber. The surface is made of three types of interwoven sliding fibers, ensuring maximum safety during washing. The core is a sponge with high water absorption, which allows for ergonomic work while washing. SHAGGY WASH PAD was created in 100% in cooperation with a Korean factory. This means that it meets the highest standards due to the quality of the yarn and the careful sewing process. It guarantees the highest durability and longevity. Because we like to pay attention to detail, you will receive SHAGGY WASH PAD in an elegant box. A product packed in this way can be a great gift for a car or detailing fan.<\/p>\n<p>CHECK THE ADVANTAGES OF SHAGGY WASH PAD<\/p>\n<ul>\n<li>extremely soft<\/li>\n<li>100% Korean production<\/li>\n<li>high absorbency<\/li>\n<li>ergonomic shape <\/li>\n<li>large washing surface<\/li>\n<li>elegant box<\/li>\n<\/ul>","protected":false},"excerpt":{"rendered":"<p>SHAGGY WASH PAD to niezwykle mi\u0119kki i bardzo ch\u0142onny pad wykonany z wysokiej jako\u015bci pluszowej mikrofibry. Powierzchnia zbudowana z trzech rodzaj\u00f3w w\u0142\u00f3kien \u015blizgowych z przeplotem, zapewnia maksymalny poziom bezpiecze\u0144stwa podczas mycia. Rdze\u0144 stanowi g\u0105bka o wysokiej absorbcji wody co pozwala na ergonomiczn\u0105 prac\u0119 podczas mycia. SHAGGY WASH PAD powsta\u0142 w 100% przy wsp\u00f3\u0142pracy z korea\u0144sk\u0105&hellip;&nbsp;<a href=\"https:\/\/liquidmaster.pl\/en\/fx-protect-shaggy-wash-pad-pad-z-mikrofibry-do-mycia-karoserii\/\" rel=\"bookmark\">Read More \u00bb<span class=\"screen-reader-text\">FX Protect SHAGGY WASH PAD - a microfiber pad for washing the car body<\/span><\/a><\/p>","protected":false},"featured_media":1847968,"comment_status":"open","ping_status":"open","template":"","meta":{"neve_meta_sidebar":"","neve_meta_container":"","neve_meta_enable_content_width":"","neve_meta_content_width":0,"neve_meta_title_alignment":"","neve_meta_author_avatar":"","neve_post_elements_order":"","neve_meta_disable_header":"","neve_meta_disable_footer":"","neve_meta_disable_title":"","_themeisle_gutenberg_block_has_review":false},"product_brand":[],"product_cat":[734,733,764],"product_tag":[299],"class_list":{"0":"post-1806453","1":"product","2":"type-product","3":"status-publish","4":"has-post-thumbnail","6":"product_cat-mycie-i-osuszanie","7":"product_cat-na-zewnatrz","8":"product_cat-rekawice-i-gabki","9":"product_tag-fx-protect","11":"first","12":"instock","13":"taxable","14":"shipping-taxable","15":"purchasable","16":"product-type-simple"},"_links":{"self":[{"href":"https:\/\/liquidmaster.pl\/en\/wp-json\/wp\/v2\/product\/1806453","targetHints":{"allow":["GET"]}}],"collection":[{"href":"https:\/\/liquidmaster.pl\/en\/wp-json\/wp\/v2\/product"}],"about":[{"href":"https:\/\/liquidmaster.pl\/en\/wp-json\/wp\/v2\/types\/product"}],"replies":[{"embeddable":true,"href":"https:\/\/liquidmaster.pl\/en\/wp-json\/wp\/v2\/comments?post=1806453"}],"wp:featuredmedia":[{"embeddable":true,"href":"https:\/\/liquidmaster.pl\/en\/wp-json\/wp\/v2\/media\/1847968"}],"wp:attachment":[{"href":"https:\/\/liquidmaster.pl\/en\/wp-json\/wp\/v2\/media?parent=1806453"}],"wp:term":[{"taxonomy":"product_brand","embeddable":true,"href":"https:\/\/liquidmaster.pl\/en\/wp-json\/wp\/v2\/product_brand?post=1806453"},{"taxonomy":"product_cat","embeddable":true,"href":"https:\/\/liquidmaster.pl\/en\/wp-json\/wp\/v2\/product_cat?post=1806453"},{"taxonomy":"product_tag","embeddable":true,"href":"https:\/\/liquidmaster.pl\/en\/wp-json\/wp\/v2\/product_tag?post=1806453"}],"curies":[{"name":"wp","href":"https:\/\/api.w.org\/{rel}","templated":true}]}}