{"id":1806447,"date":"2025-03-28T16:52:50","date_gmt":"2025-03-28T14:52:50","guid":{"rendered":"https:\/\/liquidmaster.pl\/yanosik-rs-abonament-roczny\/"},"modified":"2026-04-18T04:37:45","modified_gmt":"2026-04-18T02:37:45","slug":"yanosik-rs-abonament-roczny","status":"publish","type":"product","link":"https:\/\/liquidmaster.pl\/en\/yanosik-rs-abonament-roczny\/","title":{"rendered":"Yanosik RS + annual subscription"},"content":{"rendered":"<\/p>\n<p>Yanosik RS \u2013 luxurious<br \/>\nand designer device<br \/>\nThe Yanosik RS casing was designed with modern minimalism in mind, its colors focus on deep, elegant black, and the matte surface does not collect fingerprints. <\/p>\n<p>The back of the housing is covered with a delicate texture, which gives the device an original, designer look. Its simple, geometric shape and small size make the Yanosik RS fit perfectly into the interior of your car, regardless of whether you have leather upholstery or Alcantara seats. <\/p>\n<p>Convenient display of the new Yanosik<br \/>\nThe refreshed display interface has been filled with colors and presents a completely new icon design, without the risk of distracting your attention while on the road.<\/p>\n<p>In the new version you will find even more information - not only will you know your distance to the first event, but you will also see how far the next one is. Operating the new display in Yanosik RS is pure pleasure.<\/p>\n<p>Touch, move and rotate. The screen in Yanosik RS works in two modes - horizontal and vertical. Adjust the system to your needs and maintain high comfort of use on the road. <\/p>\n<p>Have a route<br \/>\nunder control <br \/>\nwith Yanosik RS <\/p>\n<p>Highway assistant in Yanosik RS<br \/>\nThe new function of the Highway Assistant in Yanosik RS is real support for the driver on long journeys on expressways and highways. Thanks to the automatic detection of motorways and expressways, you can find out where the nearest petrol station is to refill your tank, how far the toll plaza is and where on the route there is a Service Area (MOP) where you can rest. You can select individually the points you want the Motorway Assistant at Yanosik RS to inform you about.<\/p>\n<p>Yanosik RS: communicate via bluetooth<br \/>\nPair Yanosik RS with a hands-free kit, car speakers or an intercom in a motorcycle helmet. Thanks to the Bluetooth module, you have even more possibilities.<\/p>\n<p>Adjust the volume of your route voice prompts and never miss a single one again. After pairing with the speakers in your car, Yanosik RS will work independently of the radio and the music you listen to, announcements will mute other sounds, and you will always be up to date with events on the route.<\/p>\n<p>Speeding alert<br \/>\nDon&#039;t risk losing your driving license. In Yanosik RS, you can activate a special alert that will be activated automatically when you exceed the speed limit by more than 50 km\/h. Drive safely for yourself and others. <\/p>\n<p>Yanosik RS with a database of speed cameras from Europe<br \/>\nBenefit from Yanosik&#039;s support on every trip, including those outside Poland. Always be up to date with the speed camera database across Europe and avoid the risk of receiving an unpleasant souvenir in the form of a speeding ticket.<\/p>\n<p>Parking zone - don&#039;t risk getting a ticket<br \/>\nYanosik RS will always inform you whether you are in a paid parking zone. Get to know the price list of a given parking zone, buy your ticket and don&#039;t risk getting your wheel blocked and getting a high fine. <\/p>\n<p>\u00a0<\/p>\n<p>Yanosik RS specifications<\/p>\n<p>Dimensions 57.3 mm x 91 mm x 19 mm <\/p>\n<p>Weight 104 g <\/p>\n<p>Display dimensions 2.8&quot; <\/p>\n<p>Lithium-polymer battery 360 mAh <\/p>\n<p>Touch screen \u2714 <\/p>\n<p>GPS \u2714 <\/p>\n<p>GPRS \u2714 <\/p>\n<p>USB type C \u2714 <\/p>\n<p>Set contents<\/p>\n<ul class=\"mai-row-summary__list yanosik-rs__box-list\">\n<li class=\"mai-row-summary__elem\">Yanosik RS device<\/li>\n<li class=\"mai-row-summary__elem\">USB type-C power cable<\/li>\n<li class=\"mai-row-summary__elem\">Adapter for the charger socket<\/li>\n<li class=\"mai-row-summary__elem\">User manual<\/li>\n<li class=\"mai-row-summary__elem\">Warranty Card<\/li>\n<\/ul>","protected":false},"excerpt":{"rendered":"<p>Yanosik RS &#8211; luksusowe i designerskie urz\u0105dzenie Obudowa Yanosik RS zosta\u0142a zaprojektowana w my\u015bl nowoczesnego minimalizmu, jej kolorystyka skupia si\u0119 wok\u00f3\u0142 g\u0142\u0119bokiej, eleganckiej czerni, a matowa powierzchnia nie gromadzi odcisk\u00f3w palc\u00f3w. Tylna cz\u0119\u015b\u0107 obudowy zosta\u0142a pokryta delikatn\u0105 faktur\u0105, kt\u00f3ra nadaje urz\u0105dzeniu oryginalny, designerski wygl\u0105d. Jej prosty, geometryczny kszta\u0142t i niewielki rozmiar powoduj\u0105, \u017ce Yanosik RS&hellip;&nbsp;<a href=\"https:\/\/liquidmaster.pl\/en\/yanosik-rs-abonament-roczny\/\" rel=\"bookmark\">Read More \u00bb<span class=\"screen-reader-text\">Yanosik RS + annual subscription<\/span><\/a><\/p>","protected":false},"featured_media":1849302,"comment_status":"open","ping_status":"open","template":"","meta":{"neve_meta_sidebar":"","neve_meta_container":"","neve_meta_enable_content_width":"","neve_meta_content_width":0,"neve_meta_title_alignment":"","neve_meta_author_avatar":"","neve_post_elements_order":"","neve_meta_disable_header":"","neve_meta_disable_footer":"","neve_meta_disable_title":"","_themeisle_gutenberg_block_has_review":false},"product_brand":[],"product_cat":[757,862,811],"product_tag":[382],"class_list":{"0":"post-1806447","1":"product","2":"type-product","3":"status-publish","4":"has-post-thumbnail","6":"product_cat-akcesoria","7":"product_cat-gadzety","8":"product_cat-pozostale-akcesoria","9":"product_tag-yanosik","11":"first","12":"outofstock","13":"taxable","14":"shipping-taxable","15":"purchasable","16":"product-type-simple"},"_links":{"self":[{"href":"https:\/\/liquidmaster.pl\/en\/wp-json\/wp\/v2\/product\/1806447","targetHints":{"allow":["GET"]}}],"collection":[{"href":"https:\/\/liquidmaster.pl\/en\/wp-json\/wp\/v2\/product"}],"about":[{"href":"https:\/\/liquidmaster.pl\/en\/wp-json\/wp\/v2\/types\/product"}],"replies":[{"embeddable":true,"href":"https:\/\/liquidmaster.pl\/en\/wp-json\/wp\/v2\/comments?post=1806447"}],"wp:featuredmedia":[{"embeddable":true,"href":"https:\/\/liquidmaster.pl\/en\/wp-json\/wp\/v2\/media\/1849302"}],"wp:attachment":[{"href":"https:\/\/liquidmaster.pl\/en\/wp-json\/wp\/v2\/media?parent=1806447"}],"wp:term":[{"taxonomy":"product_brand","embeddable":true,"href":"https:\/\/liquidmaster.pl\/en\/wp-json\/wp\/v2\/product_brand?post=1806447"},{"taxonomy":"product_cat","embeddable":true,"href":"https:\/\/liquidmaster.pl\/en\/wp-json\/wp\/v2\/product_cat?post=1806447"},{"taxonomy":"product_tag","embeddable":true,"href":"https:\/\/liquidmaster.pl\/en\/wp-json\/wp\/v2\/product_tag?post=1806447"}],"curies":[{"name":"wp","href":"https:\/\/api.w.org\/{rel}","templated":true}]}}