{"id":1806417,"date":"2025-03-28T16:50:41","date_gmt":"2025-03-28T14:50:41","guid":{"rendered":"https:\/\/liquidmaster.pl\/fx-protect-gravity-pre-wash-1l-produkt-do-mycia-wstepnego\/"},"modified":"2026-04-20T08:06:19","modified_gmt":"2026-04-20T06:06:19","slug":"fx-protect-gravity-pre-wash-1l-produkt-do-mycia-wstepnego","status":"publish","type":"product","link":"https:\/\/liquidmaster.pl\/en\/fx-protect-gravity-pre-wash-1l-produkt-do-mycia-wstepnego\/","title":{"rendered":"FX Protect Gravity Pre-Wash 1L - product for pre-washing"},"content":{"rendered":"<p>Alkaline preparation for pre-washing vehicles<\/p>\n<p>Have you ever wondered why you use pre-wash products? Isn&#039;t using shampoo enough? Well, let us quickly dispel all your doubts: GRAVITY PRE-WASH is a very strong alkaline product that will fantastically prepare your car for proper washing. One of the most important features of this preparation is that it softens even the most stubborn dirt, making it easily detach from the cleaned surface. This, in turn, results in a much smaller amount of dirt getting onto the glove or into the bucket itself during actual washing, and I think you will agree with us that the less dirt there is, the safer, easier and more pleasant the washing is, right? GRAVITY PRE-WASH contains a large amount of surfactants and is highly concentrated, so you can dilute it depending on your needs. PRE-WASH can be used in two ways: as a spray or foam - the choice is yours. Remember that in order for the surface to be perfectly clean after using GRAVITY PRE-WASH, you must perform proper washing.<\/p>\n<p>Product features:<\/p>\n<ul>\n<li>an extremely effective alkaline preparation<\/li>\n<li>softens and removes the most stubborn dirt<\/li>\n<li>reduces the amount of dirt getting onto the glove\/bucket<\/li>\n<li>highly concentrated<\/li>\n<li>high content of cleaning agents<\/li>\n<li>can be used as a spray or foam<\/li>\n<li>in high dilutions, safe for protective coatings<\/li>\n<\/ul>\n<p>Capacity: 1L<\/p>","protected":false},"excerpt":{"rendered":"<p>Alkaliczny preparat do mycia wst\u0119pnego pojazd\u00f3w Czy zastanawia\u0142e\u015b si\u0119 kiedy\u015b, po co u\u017cywa\u0107 produkt\u00f3w do mycia wst\u0119pnego? Czy zastosowanie szamponu nie jest wystarczaj\u0105ce? No wi\u0119c pozw\u00f3l, \u017ce szybko rozwiejemy wszystkie w\u0105tpliwo\u015bci: GRAVITY PRE-WASH to bardzo silny alkaliczny produkt, kt\u00f3ry fantastycznie przygotuje Tw\u00f3j samoch\u00f3d do mycia w\u0142a\u015bciwego. Jedn\u0105 z najwa\u017cniejszych cech tego preparatu jest zmi\u0119kczanie nawet&hellip;&nbsp;<a href=\"https:\/\/liquidmaster.pl\/en\/fx-protect-gravity-pre-wash-1l-produkt-do-mycia-wstepnego\/\" rel=\"bookmark\">Read More \u00bb<span class=\"screen-reader-text\">FX Protect Gravity Pre-Wash 1L - product for pre-washing<\/span><\/a><\/p>","protected":false},"featured_media":1847939,"comment_status":"open","ping_status":"open","template":"","meta":{"neve_meta_sidebar":"","neve_meta_container":"","neve_meta_enable_content_width":"","neve_meta_content_width":0,"neve_meta_title_alignment":"","neve_meta_author_avatar":"","neve_post_elements_order":"","neve_meta_disable_header":"","neve_meta_disable_footer":"","neve_meta_disable_title":"","_themeisle_gutenberg_block_has_review":false},"product_brand":[],"product_cat":[734,733],"product_tag":[299],"class_list":{"0":"post-1806417","1":"product","2":"type-product","3":"status-publish","4":"has-post-thumbnail","6":"product_cat-mycie-i-osuszanie","7":"product_cat-na-zewnatrz","8":"product_tag-fx-protect","10":"first","11":"instock","12":"taxable","13":"shipping-taxable","14":"purchasable","15":"product-type-simple"},"_links":{"self":[{"href":"https:\/\/liquidmaster.pl\/en\/wp-json\/wp\/v2\/product\/1806417","targetHints":{"allow":["GET"]}}],"collection":[{"href":"https:\/\/liquidmaster.pl\/en\/wp-json\/wp\/v2\/product"}],"about":[{"href":"https:\/\/liquidmaster.pl\/en\/wp-json\/wp\/v2\/types\/product"}],"replies":[{"embeddable":true,"href":"https:\/\/liquidmaster.pl\/en\/wp-json\/wp\/v2\/comments?post=1806417"}],"wp:featuredmedia":[{"embeddable":true,"href":"https:\/\/liquidmaster.pl\/en\/wp-json\/wp\/v2\/media\/1847939"}],"wp:attachment":[{"href":"https:\/\/liquidmaster.pl\/en\/wp-json\/wp\/v2\/media?parent=1806417"}],"wp:term":[{"taxonomy":"product_brand","embeddable":true,"href":"https:\/\/liquidmaster.pl\/en\/wp-json\/wp\/v2\/product_brand?post=1806417"},{"taxonomy":"product_cat","embeddable":true,"href":"https:\/\/liquidmaster.pl\/en\/wp-json\/wp\/v2\/product_cat?post=1806417"},{"taxonomy":"product_tag","embeddable":true,"href":"https:\/\/liquidmaster.pl\/en\/wp-json\/wp\/v2\/product_tag?post=1806417"}],"curies":[{"name":"wp","href":"https:\/\/api.w.org\/{rel}","templated":true}]}}