{"id":1806407,"date":"2025-03-28T16:50:05","date_gmt":"2025-03-28T14:50:05","guid":{"rendered":"https:\/\/liquidmaster.pl\/oslona-k2-srebrna-mata-na-przednia-szybe\/"},"modified":"2026-04-20T08:17:25","modified_gmt":"2026-04-20T06:17:25","slug":"oslona-k2-srebrna-mata-na-przednia-szybe","status":"publish","type":"product","link":"https:\/\/liquidmaster.pl\/en\/oslona-k2-srebrna-mata-na-przednia-szybe\/","title":{"rendered":"K2 Silver Windshield Mat"},"content":{"rendered":"<p>The mat protects the windshield of a parked car against frost, ice and snow. Thanks to it, the car is quickly ready to drive, without the need to scrape and defrost the windows. It is easy and quick to install, just place the mat on the windshield and block its ends with doors on both sides. It does not freeze and adheres well to the glass.<br \/>\nMade of waterproof material. In winter, it protects against frost, frost and snow. In summer, it protects the car from excessive heating.<br \/>\nUniversal size, fits most passenger cars: 200 cm x 70 cm<\/p>","protected":false},"excerpt":{"rendered":"<p>Mata chroni przedni\u0105 szyb\u0119 zaparkowanego samochodu przed osadzaj\u0105cym si\u0119 szronem, lodem i \u015bniegiem. Dzi\u0119ki niej samoch\u00f3d jest szybko got\u00f3w do jazdy, bez konieczno\u015bci skrobania i odmra\u017cania szyb. Jest \u0142atwa i szybka w monta\u017cu, wystarczy umie\u015bci\u0107 mat\u0119 na przedniej szybie i obustronnie zablokowa\u0107 jej ko\u0144ce drzwiami. Nie przymarza i dobrze przylega do szyb. Wykonana z wodoodpornego&hellip;&nbsp;<a href=\"https:\/\/liquidmaster.pl\/en\/oslona-k2-srebrna-mata-na-przednia-szybe\/\" rel=\"bookmark\">Read More \u00bb<span class=\"screen-reader-text\">K2 Silver Windshield Mat<\/span><\/a><\/p>","protected":false},"featured_media":1849242,"comment_status":"open","ping_status":"open","template":"","meta":{"neve_meta_sidebar":"","neve_meta_container":"","neve_meta_enable_content_width":"","neve_meta_content_width":0,"neve_meta_title_alignment":"","neve_meta_author_avatar":"","neve_post_elements_order":"","neve_meta_disable_header":"","neve_meta_disable_footer":"","neve_meta_disable_title":"","_themeisle_gutenberg_block_has_review":false},"product_brand":[],"product_cat":[757,893,846],"product_tag":[345],"class_list":{"0":"post-1806407","1":"product","2":"type-product","3":"status-publish","4":"has-post-thumbnail","6":"product_cat-akcesoria","7":"product_cat-inne","8":"product_cat-reszta","9":"product_tag-pozostali","11":"first","12":"instock","13":"taxable","14":"shipping-taxable","15":"purchasable","16":"product-type-simple"},"_links":{"self":[{"href":"https:\/\/liquidmaster.pl\/en\/wp-json\/wp\/v2\/product\/1806407","targetHints":{"allow":["GET"]}}],"collection":[{"href":"https:\/\/liquidmaster.pl\/en\/wp-json\/wp\/v2\/product"}],"about":[{"href":"https:\/\/liquidmaster.pl\/en\/wp-json\/wp\/v2\/types\/product"}],"replies":[{"embeddable":true,"href":"https:\/\/liquidmaster.pl\/en\/wp-json\/wp\/v2\/comments?post=1806407"}],"wp:featuredmedia":[{"embeddable":true,"href":"https:\/\/liquidmaster.pl\/en\/wp-json\/wp\/v2\/media\/1849242"}],"wp:attachment":[{"href":"https:\/\/liquidmaster.pl\/en\/wp-json\/wp\/v2\/media?parent=1806407"}],"wp:term":[{"taxonomy":"product_brand","embeddable":true,"href":"https:\/\/liquidmaster.pl\/en\/wp-json\/wp\/v2\/product_brand?post=1806407"},{"taxonomy":"product_cat","embeddable":true,"href":"https:\/\/liquidmaster.pl\/en\/wp-json\/wp\/v2\/product_cat?post=1806407"},{"taxonomy":"product_tag","embeddable":true,"href":"https:\/\/liquidmaster.pl\/en\/wp-json\/wp\/v2\/product_tag?post=1806407"}],"curies":[{"name":"wp","href":"https:\/\/api.w.org\/{rel}","templated":true}]}}