{"id":1806401,"date":"2025-03-28T16:50:05","date_gmt":"2025-03-28T14:50:05","guid":{"rendered":"https:\/\/liquidmaster.pl\/murska-skrobaczka-do-szyb-z-akrylowym-ostrzem-m590\/"},"modified":"2026-04-20T08:17:24","modified_gmt":"2026-04-20T06:17:24","slug":"murska-skrobaczka-do-szyb-z-akrylowym-ostrzem-m590","status":"publish","type":"product","link":"https:\/\/liquidmaster.pl\/en\/murska-skrobaczka-do-szyb-z-akrylowym-ostrzem-m590\/","title":{"rendered":"Murska Window Scraper with Acrylic Blade M590"},"content":{"rendered":"<p>\u00a0If you are tired of carrying a scraper and an additional broom to remove snow from your car, we have a new solution for you. Equip yourself with a Finnish windshield brush\/scraper. Anyone but Finns know winter and how to deal with it.<\/p>\n<p>The MURSKA brush-scraper (product code 590) has 2 functions: a plastic blade for removing ice from the glass and a broom for removing loose snow from the car body and windows.<\/p>\n<p>Product features:<\/p>\n<ul>\n<li>Brand new, high quality product. Made in Finland.<\/li>\n<li>The brush-scraper is extremely handy and easy to use. Frost comes off the glass quickly and easily. Now preparing the windshield for driving will take less time and will be much more enjoyable.<\/li>\n<li>One scraper, even for several seasons - when one side of the scraper becomes dull, you can turn it around. as many as 6 useful scraper edges will last for a long time.<\/li>\n<li>A very good gift for all your motoring friends!<\/li>\n<li>Material: ABS<\/li>\n<\/ul>\n<p>Total length: 36.5cm<br \/>\nScraper width: 8cm<br \/>\nLength of the sweeping surface: 15cm<br \/>\nBristle length: 5.4cm<br \/>\nColor: shipped randomly<\/p>","protected":false},"excerpt":{"rendered":"<p>\u00a0Je\u015bli masz ju\u017c do\u015b\u0107 wo\u017cenia ze sob\u0105 skrobaczki i dodatkowej zmiotki do usuwania \u015bniegu z auta mamy dla Ciebie nowe rozwi\u0105zanie. Wyposa\u017c si\u0119 w\u00a0 fi\u0144sk\u0105 szczotko-skrobaczk\u0119 do szyb. Kto jak kto ale Finowie znaj\u0105 si\u0119 na zimie i wiedz\u0105 jak sobie z ni\u0105 radzi\u0107. Szczotko-Skrobaczka MURSKA (kod produktu 590) posiada 2 funkcje:\u00a0 ostrze z tworzywa&hellip;&nbsp;<a href=\"https:\/\/liquidmaster.pl\/en\/murska-skrobaczka-do-szyb-z-akrylowym-ostrzem-m590\/\" rel=\"bookmark\">Read More \u00bb<span class=\"screen-reader-text\">Murska Window Scraper with Acrylic Blade M590<\/span><\/a><\/p>","protected":false},"featured_media":1849234,"comment_status":"open","ping_status":"open","template":"","meta":{"neve_meta_sidebar":"","neve_meta_container":"","neve_meta_enable_content_width":"","neve_meta_content_width":0,"neve_meta_title_alignment":"","neve_meta_author_avatar":"","neve_post_elements_order":"","neve_meta_disable_header":"","neve_meta_disable_footer":"","neve_meta_disable_title":"","_themeisle_gutenberg_block_has_review":false},"product_brand":[],"product_cat":[757,893,846],"product_tag":[329],"class_list":{"0":"post-1806401","1":"product","2":"type-product","3":"status-publish","4":"has-post-thumbnail","6":"product_cat-akcesoria","7":"product_cat-inne","8":"product_cat-reszta","9":"product_tag-murska","11":"first","12":"instock","13":"taxable","14":"shipping-taxable","15":"purchasable","16":"product-type-simple"},"_links":{"self":[{"href":"https:\/\/liquidmaster.pl\/en\/wp-json\/wp\/v2\/product\/1806401","targetHints":{"allow":["GET"]}}],"collection":[{"href":"https:\/\/liquidmaster.pl\/en\/wp-json\/wp\/v2\/product"}],"about":[{"href":"https:\/\/liquidmaster.pl\/en\/wp-json\/wp\/v2\/types\/product"}],"replies":[{"embeddable":true,"href":"https:\/\/liquidmaster.pl\/en\/wp-json\/wp\/v2\/comments?post=1806401"}],"wp:featuredmedia":[{"embeddable":true,"href":"https:\/\/liquidmaster.pl\/en\/wp-json\/wp\/v2\/media\/1849234"}],"wp:attachment":[{"href":"https:\/\/liquidmaster.pl\/en\/wp-json\/wp\/v2\/media?parent=1806401"}],"wp:term":[{"taxonomy":"product_brand","embeddable":true,"href":"https:\/\/liquidmaster.pl\/en\/wp-json\/wp\/v2\/product_brand?post=1806401"},{"taxonomy":"product_cat","embeddable":true,"href":"https:\/\/liquidmaster.pl\/en\/wp-json\/wp\/v2\/product_cat?post=1806401"},{"taxonomy":"product_tag","embeddable":true,"href":"https:\/\/liquidmaster.pl\/en\/wp-json\/wp\/v2\/product_tag?post=1806401"}],"curies":[{"name":"wp","href":"https:\/\/api.w.org\/{rel}","templated":true}]}}