{"id":1806387,"date":"2025-03-28T16:48:25","date_gmt":"2025-03-28T14:48:25","guid":{"rendered":"https:\/\/liquidmaster.pl\/honey-r-da-150-165-25-niebieska-gabka-polerska-na-rzep\/"},"modified":"2026-04-18T04:37:34","modified_gmt":"2026-04-18T02:37:34","slug":"honey-r-da-150-165-25-niebieska-gabka-polerska-na-rzep","status":"publish","type":"product","link":"https:\/\/liquidmaster.pl\/en\/honey-r-da-15016525-niebieska-gabka-polerska-na-rzep\/","title":{"rendered":"Honey R-DA 150\/165\/25 \u2013 blue Velcro polishing sponge"},"content":{"rendered":"<p>Honey R-DA is a series of polishing pads that were developed for use on Dual Action machines. Their perfectly selected dimensions and shape ensure high comfort of work on curved and flat surfaces. The central hole allows for correct, central positioning of the pad on the mounting plate and cooling during operation. The pads are made of the best quality sponge and strong Velcro.<\/p>\n<p>The pads perfectly withstand high speed operation and are characterized by high durability.<\/p>\n<p>Dimension: 150 \/ 165 mm<\/p>\n<p>Blue color<\/p>\n<p>Hardness: very hard<\/p>\n<p>Fastening: Velcro<\/p>","protected":false},"excerpt":{"rendered":"<p>Honey R-DA to seria pad\u00f3w polerskich, kt\u00f3re zosta\u0142y opracowane z my\u015bl\u0105 o u\u017cytkowaniu na maszynach Dual Action. Ich perfekcyjnie dobrane wymiary i kszta\u0142t zapewni\u0105 wysoki komfort pracy na zakrzywiony i p\u0142askich powierzchniach. Otw\u00f3r centralny umo\u017cliwia poprawne, centryczne umiejscowienie pada na talerzu mocuj\u0105cym oraz ch\u0142odzenie podczas pracy. Pady wykonane s\u0105 z najlepszej jako\u015bci g\u0105bki oraz mocnego&hellip;&nbsp;<a href=\"https:\/\/liquidmaster.pl\/en\/honey-r-da-15016525-niebieska-gabka-polerska-na-rzep\/\" rel=\"bookmark\">Read More \u00bb<span class=\"screen-reader-text\">Honey R-DA 150\/165\/25 \u2013 blue Velcro polishing sponge<\/span><\/a><\/p>","protected":false},"featured_media":1849215,"comment_status":"open","ping_status":"open","template":"","meta":{"neve_meta_sidebar":"","neve_meta_container":"","neve_meta_enable_content_width":"","neve_meta_content_width":0,"neve_meta_title_alignment":"","neve_meta_author_avatar":"","neve_post_elements_order":"","neve_meta_disable_header":"","neve_meta_disable_footer":"","neve_meta_disable_title":"","_themeisle_gutenberg_block_has_review":false},"product_brand":[],"product_cat":[823,822,748],"product_tag":[304],"class_list":{"0":"post-1806387","1":"product","2":"type-product","3":"status-publish","4":"has-post-thumbnail","6":"product_cat-gabki-polerskie","7":"product_cat-pady-polerskie","8":"product_cat-polerowanie","9":"product_tag-honey","11":"first","12":"instock","13":"taxable","14":"shipping-taxable","15":"purchasable","16":"product-type-simple"},"_links":{"self":[{"href":"https:\/\/liquidmaster.pl\/en\/wp-json\/wp\/v2\/product\/1806387","targetHints":{"allow":["GET"]}}],"collection":[{"href":"https:\/\/liquidmaster.pl\/en\/wp-json\/wp\/v2\/product"}],"about":[{"href":"https:\/\/liquidmaster.pl\/en\/wp-json\/wp\/v2\/types\/product"}],"replies":[{"embeddable":true,"href":"https:\/\/liquidmaster.pl\/en\/wp-json\/wp\/v2\/comments?post=1806387"}],"wp:featuredmedia":[{"embeddable":true,"href":"https:\/\/liquidmaster.pl\/en\/wp-json\/wp\/v2\/media\/1849215"}],"wp:attachment":[{"href":"https:\/\/liquidmaster.pl\/en\/wp-json\/wp\/v2\/media?parent=1806387"}],"wp:term":[{"taxonomy":"product_brand","embeddable":true,"href":"https:\/\/liquidmaster.pl\/en\/wp-json\/wp\/v2\/product_brand?post=1806387"},{"taxonomy":"product_cat","embeddable":true,"href":"https:\/\/liquidmaster.pl\/en\/wp-json\/wp\/v2\/product_cat?post=1806387"},{"taxonomy":"product_tag","embeddable":true,"href":"https:\/\/liquidmaster.pl\/en\/wp-json\/wp\/v2\/product_tag?post=1806387"}],"curies":[{"name":"wp","href":"https:\/\/api.w.org\/{rel}","templated":true}]}}