{"id":1806371,"date":"2025-03-28T16:46:49","date_gmt":"2025-03-28T14:46:49","guid":{"rendered":"https:\/\/liquidmaster.pl\/sonax-xtreme-ceramic-spray-coating-750ml\/"},"modified":"2026-04-18T04:37:32","modified_gmt":"2026-04-18T02:37:32","slug":"sonax-xtreme-ceramic-spray-coating-750ml","status":"publish","type":"product","link":"https:\/\/liquidmaster.pl\/en\/sonax-xtreme-ceramic-spray-coating-750ml\/","title":{"rendered":"Sonax Xtreme Ceramic Spray Coating 750ml"},"content":{"rendered":"<p>Fast coating using ceramic technology. It protects the paint against dirt, insects, road salt, UV radiation and other typical hazards to which car paints are exposed. It allows you to finish the paint to a high gloss without time-consuming polishing. Ceramic-carbon technology &quot;Si carbon&quot; provides a perfect, almost mirror-like paint surface. It can be used as a product to renovate existing ceramic coatings. The preparation provides paint protection for up to 8-10 weeks.<\/p>\n<p>Features:<\/p>\n<ul>\n<li>long-lasting protection of paint in just 5 minutes<\/li>\n<li>the coating repels water and dirt particles<\/li>\n<li>brings out the depth of color and gives shine<\/li>\n<li>it will also work as a reconstruction of a previously applied other coating, restoring the drip effect\u00a0<\/li>\n<\/ul>\n<p>Capacity 750ml<\/p>","protected":false},"excerpt":{"rendered":"<p>Szybka pow\u0142oka w technologii ceramicznej. Chroni lakier przed brudem, owadami, sol\u0105 drogow\u0105, promieniowaniem UV i innymi, typowymi zagro\u017ceniami na kt\u00f3re nara\u017cone s\u0105 lakiery samochodowe. Pozwala na wyko\u0144czenie lakieru na wysoki po\u0142ysk bez czasoch\u0142onnego polerowania. Ceramiczno-karbonowa technologia \u201eSi carbon\u201d, zapewnia doskona\u0142\u0105, niemal lustrzan\u0105 powierzchni\u0119 lakieru. Mo\u017cna wykorzysta\u0107 j\u0105 jako produkt do odnowy istniej\u0105cych pow\u0142ok ceramicznych. Preparat&hellip;&nbsp;<a href=\"https:\/\/liquidmaster.pl\/en\/sonax-xtreme-ceramic-spray-coating-750ml\/\" rel=\"bookmark\">Read More \u00bb<span class=\"screen-reader-text\">Sonax Xtreme Ceramic Spray Coating 750ml<\/span><\/a><\/p>","protected":false},"featured_media":1849196,"comment_status":"open","ping_status":"open","template":"","meta":{"neve_meta_sidebar":"","neve_meta_container":"","neve_meta_enable_content_width":"","neve_meta_content_width":0,"neve_meta_title_alignment":"","neve_meta_author_avatar":"","neve_post_elements_order":"","neve_meta_disable_header":"","neve_meta_disable_footer":"","neve_meta_disable_title":"","_themeisle_gutenberg_block_has_review":false},"product_brand":[],"product_cat":[733,766,767],"product_tag":[363],"class_list":{"0":"post-1806371","1":"product","2":"type-product","3":"status-publish","4":"has-post-thumbnail","6":"product_cat-na-zewnatrz","7":"product_cat-ochrona-lakieru","8":"product_cat-quick-detailery","9":"product_tag-sonax","11":"first","12":"instock","13":"taxable","14":"shipping-taxable","15":"purchasable","16":"product-type-simple"},"_links":{"self":[{"href":"https:\/\/liquidmaster.pl\/en\/wp-json\/wp\/v2\/product\/1806371","targetHints":{"allow":["GET"]}}],"collection":[{"href":"https:\/\/liquidmaster.pl\/en\/wp-json\/wp\/v2\/product"}],"about":[{"href":"https:\/\/liquidmaster.pl\/en\/wp-json\/wp\/v2\/types\/product"}],"replies":[{"embeddable":true,"href":"https:\/\/liquidmaster.pl\/en\/wp-json\/wp\/v2\/comments?post=1806371"}],"wp:featuredmedia":[{"embeddable":true,"href":"https:\/\/liquidmaster.pl\/en\/wp-json\/wp\/v2\/media\/1849196"}],"wp:attachment":[{"href":"https:\/\/liquidmaster.pl\/en\/wp-json\/wp\/v2\/media?parent=1806371"}],"wp:term":[{"taxonomy":"product_brand","embeddable":true,"href":"https:\/\/liquidmaster.pl\/en\/wp-json\/wp\/v2\/product_brand?post=1806371"},{"taxonomy":"product_cat","embeddable":true,"href":"https:\/\/liquidmaster.pl\/en\/wp-json\/wp\/v2\/product_cat?post=1806371"},{"taxonomy":"product_tag","embeddable":true,"href":"https:\/\/liquidmaster.pl\/en\/wp-json\/wp\/v2\/product_tag?post=1806371"}],"curies":[{"name":"wp","href":"https:\/\/api.w.org\/{rel}","templated":true}]}}