{"id":1806361,"date":"2025-03-28T16:46:27","date_gmt":"2025-03-28T14:46:27","guid":{"rendered":"https:\/\/liquidmaster.pl\/rupes-lhr-15-mark-v-bas\/"},"modified":"2026-04-18T04:37:30","modified_gmt":"2026-04-18T02:37:30","slug":"rupes-lhr-15-mark-v-bas","status":"publish","type":"product","link":"https:\/\/liquidmaster.pl\/en\/rupes-lhr-15-mark-v-bas\/","title":{"rendered":"Rupes LHR 15 Mark V BAS"},"content":{"rendered":"<p>Rupes polerka elektryczna LHR15 Mark V &#8211; zestaw BAS<br \/>\nNowa generacja polerki Dual Action LHR15 Mark V, charakteryzuj\u0105ca si\u0119 15-milimetrowym skokiem, zosta\u0142a wyposa\u017cona w innowacyjn\u0105 i wyj\u0105tkowo cich\u0105 przek\u0142adni\u0119, znacznie redukuj\u0105c\u0105 zar\u00f3wno wibracje, jak i poziom ha\u0142asu podczas pracy. Ca\u0142a przednia cz\u0119\u015b\u0107 urz\u0105dzenia przesz\u0142a kompleksowy redesign z naciskiem na ergonomiczno\u015b\u0107, co przek\u0142ada si\u0119 na doskona\u0142e wra\u017cenia u\u017cytkownika. Dzi\u0119ki progresywnemu spustowi mo\u017cliwe jest precyzyjne dostosowanie pr\u0119dko\u015bci obrotowej polerki bez konieczno\u015bci przerywania procesu. Du\u017ce pokr\u0119t\u0142o regulacji pr\u0119dko\u015bci obrotowej zosta\u0142o wygodnie umieszczone, umo\u017cliwiaj\u0105c precyzyjn\u0105 kontrol\u0119 pr\u0119dko\u015bci obrotowej podczas pracy.<\/p>\n<p>G\u0142\u00f3wne cechy LHR15 Mark V:<\/p>\n<ul>\n<li>innovative, quiet transmission<\/li>\n<li>progressive trigger enabling smooth speed regulation<\/li>\n<li>less vibration and increased work comfort<\/li>\n<li>ergonomic handle for better feeling of the machine by the user<\/li>\n<li>power cord up to 9 meters long<\/li>\n<li>improved, precise speed regulator<\/li>\n<li>electronic system securing work at constant speed<\/li>\n<li>additional supports for the stability of the machine when not in use<\/li>\n<li>no holograms left on polished surfaces<\/li>\n<li>does not heat the polished surface<\/li>\n<\/ul>\n<p>The BAS set includes:<\/p>\n<ul>\n<li>LHR15 Mark V orbital-rotary polisher with a 125mm disc<\/li>\n<li>DA COARSE polishing paste 250ml<\/li>\n<li>DA FINE polishing paste 250ml<\/li>\n<li>COARSE polishing fur 130-145mm<\/li>\n<li>DA FINE polishing sponge 130-150mm<\/li>\n<li>cable clip<\/li>\n<li>microfiber 2 pcs.<\/li>\n<\/ul>","protected":false},"excerpt":{"rendered":"<p>Rupes polerka elektryczna LHR15 Mark V &#8211; zestaw BAS Nowa generacja polerki Dual Action LHR15 Mark V, charakteryzuj\u0105ca si\u0119 15-milimetrowym skokiem, zosta\u0142a wyposa\u017cona w innowacyjn\u0105 i wyj\u0105tkowo cich\u0105 przek\u0142adni\u0119, znacznie redukuj\u0105c\u0105 zar\u00f3wno wibracje, jak i poziom ha\u0142asu podczas pracy. Ca\u0142a przednia cz\u0119\u015b\u0107 urz\u0105dzenia przesz\u0142a kompleksowy redesign z naciskiem na ergonomiczno\u015b\u0107, co przek\u0142ada si\u0119 na doskona\u0142e&hellip;&nbsp;<a href=\"https:\/\/liquidmaster.pl\/en\/rupes-lhr-15-mark-v-bas\/\" rel=\"bookmark\">Read More \u00bb<span class=\"screen-reader-text\">Rupes LHR 15 Mark V BAS<\/span><\/a><\/p>","protected":false},"featured_media":1849180,"comment_status":"open","ping_status":"open","template":"","meta":{"neve_meta_sidebar":"","neve_meta_container":"","neve_meta_enable_content_width":"","neve_meta_content_width":0,"neve_meta_title_alignment":"","neve_meta_author_avatar":"","neve_post_elements_order":"","neve_meta_disable_header":"","neve_meta_disable_footer":"","neve_meta_disable_title":"","_themeisle_gutenberg_block_has_review":false},"product_brand":[],"product_cat":[807,806,748],"product_tag":[354],"class_list":{"0":"post-1806361","1":"product","2":"type-product","3":"status-publish","4":"has-post-thumbnail","6":"product_cat-maszyny-dual-action","7":"product_cat-maszyny-polerskie","8":"product_cat-polerowanie","9":"product_tag-rupes","11":"first","12":"outofstock","13":"taxable","14":"shipping-taxable","15":"purchasable","16":"product-type-simple"},"_links":{"self":[{"href":"https:\/\/liquidmaster.pl\/en\/wp-json\/wp\/v2\/product\/1806361","targetHints":{"allow":["GET"]}}],"collection":[{"href":"https:\/\/liquidmaster.pl\/en\/wp-json\/wp\/v2\/product"}],"about":[{"href":"https:\/\/liquidmaster.pl\/en\/wp-json\/wp\/v2\/types\/product"}],"replies":[{"embeddable":true,"href":"https:\/\/liquidmaster.pl\/en\/wp-json\/wp\/v2\/comments?post=1806361"}],"wp:featuredmedia":[{"embeddable":true,"href":"https:\/\/liquidmaster.pl\/en\/wp-json\/wp\/v2\/media\/1849180"}],"wp:attachment":[{"href":"https:\/\/liquidmaster.pl\/en\/wp-json\/wp\/v2\/media?parent=1806361"}],"wp:term":[{"taxonomy":"product_brand","embeddable":true,"href":"https:\/\/liquidmaster.pl\/en\/wp-json\/wp\/v2\/product_brand?post=1806361"},{"taxonomy":"product_cat","embeddable":true,"href":"https:\/\/liquidmaster.pl\/en\/wp-json\/wp\/v2\/product_cat?post=1806361"},{"taxonomy":"product_tag","embeddable":true,"href":"https:\/\/liquidmaster.pl\/en\/wp-json\/wp\/v2\/product_tag?post=1806361"}],"curies":[{"name":"wp","href":"https:\/\/api.w.org\/{rel}","templated":true}]}}