{"id":1806341,"date":"2025-03-28T16:44:46","date_gmt":"2025-03-28T14:44:46","guid":{"rendered":"https:\/\/liquidmaster.pl\/blend-brothers-pure-interior-cleaner-500ml-do-czyszczenia-wnetrza-samochodu\/"},"modified":"2026-04-18T04:37:26","modified_gmt":"2026-04-18T02:37:26","slug":"blend-brothers-pure-interior-cleaner-500ml-do-czyszczenia-wnetrza-samochodu","status":"publish","type":"product","link":"https:\/\/liquidmaster.pl\/en\/blend-brothers-pure-interior-cleaner-500ml-do-czyszczenia-wnetrza-samochodu\/","title":{"rendered":"Blend Brothers PURE Interior Cleaner 500ml \u2013 for cleaning the interior of the car"},"content":{"rendered":"<p>Say hello to our universal car interior cleaner, PURE Interior Cleaner. It provides excellent cleaning results for various surfaces, such as plastic, vinyl, fabric upholstery and leather. It is a versatile product that effectively removes dirt, leaving the interior of your car clean and refreshed.<\/p>\n<p>PURE Interior Cleaner has a strong but safe formula that effectively dissolves dirt, regardless of its nature. However, you do not have to worry about damaging delicate surfaces, because the product does not leave any streaks or streaks on the cleaned surfaces. It is effective and safe!<\/p>\n<p>PURE Interior Cleaner is ready to use, which makes it extremely convenient for daily car care. You can easily apply it with the included atomizer or using a foam applicator. Work the product using a brush or a microfiber cloth. You can remove excess product with a dry and clean microfiber cloth. If you want to clean fabric upholstery more thoroughly, we recommend using an extraction vacuum cleaner, which will help remove dirt from the deeper layers of the fabric.<\/p>\n<p>PURE Interior Cleaner is a reliable companion in keeping your car&#039;s interior clean and fresh. Discover its effectiveness and enjoy a perfectly well-kept interior every day.<\/p>\n<p>Usage:<\/p>\n<li>Apply the preparation using the attached atomizer or foam applicator to the surface to be cleaned.<\/li>\n<li>Work the product using a brush or a microfiber cloth.<\/li>\n<li>Collect excess product with a dry and clean microfiber cloth.<\/li>\n<li>When cleaning fabric upholstery, we recommend using an extraction vacuum cleaner to thoroughly remove dirt from the fabric.<\/li>\n<p>Capacity: 500 ml<\/p>\n<p>\u00a0<\/p>","protected":false},"excerpt":{"rendered":"<p>Przywitaj si\u0119 z naszym uniwersalnym \u015brodkiem do czyszczenia wn\u0119trza samochodu, jakim jest PURE Interior Cleaner. Zapewnia on doskona\u0142e efekty mycia r\u00f3\u017cnych powierzchni, takich jak plastik, winyl, tapicerka materia\u0142owa czy sk\u00f3ra. To wszechstronny produkt, kt\u00f3ry skutecznie usuwa brud, pozostawiaj\u0105c czyste i od\u015bwie\u017cone wn\u0119trze Twojego samochodu. PURE Interior Cleaner posiada siln\u0105, ale bezpieczn\u0105 formu\u0142\u0119, kt\u00f3ra skutecznie rozpuszcza&hellip;&nbsp;<a href=\"https:\/\/liquidmaster.pl\/en\/blend-brothers-pure-interior-cleaner-500ml-do-czyszczenia-wnetrza-samochodu\/\" rel=\"bookmark\">Read More \u00bb<span class=\"screen-reader-text\">Blend Brothers PURE Interior Cleaner 500ml \u2013 for cleaning the interior of the car<\/span><\/a><\/p>","protected":false},"featured_media":1849146,"comment_status":"open","ping_status":"open","template":"","meta":{"neve_meta_sidebar":"","neve_meta_container":"","neve_meta_enable_content_width":"","neve_meta_content_width":0,"neve_meta_title_alignment":"","neve_meta_author_avatar":"","neve_post_elements_order":"","neve_meta_disable_header":"","neve_meta_disable_footer":"","neve_meta_disable_title":"","_themeisle_gutenberg_block_has_review":false},"product_brand":[],"product_cat":[804,795,768],"product_tag":[936],"class_list":{"0":"post-1806341","1":"product","2":"type-product","3":"status-publish","4":"has-post-thumbnail","6":"product_cat-czyszczenie-plastikow-wewnetrznych","7":"product_cat-plastiki-wewnetrzne","8":"product_cat-wnetrze-auta","9":"product_tag-blend-brothers","10":"pa_promocja-promocje","12":"first","13":"instock","14":"taxable","15":"shipping-taxable","16":"purchasable","17":"product-type-simple"},"_links":{"self":[{"href":"https:\/\/liquidmaster.pl\/en\/wp-json\/wp\/v2\/product\/1806341","targetHints":{"allow":["GET"]}}],"collection":[{"href":"https:\/\/liquidmaster.pl\/en\/wp-json\/wp\/v2\/product"}],"about":[{"href":"https:\/\/liquidmaster.pl\/en\/wp-json\/wp\/v2\/types\/product"}],"replies":[{"embeddable":true,"href":"https:\/\/liquidmaster.pl\/en\/wp-json\/wp\/v2\/comments?post=1806341"}],"wp:featuredmedia":[{"embeddable":true,"href":"https:\/\/liquidmaster.pl\/en\/wp-json\/wp\/v2\/media\/1849146"}],"wp:attachment":[{"href":"https:\/\/liquidmaster.pl\/en\/wp-json\/wp\/v2\/media?parent=1806341"}],"wp:term":[{"taxonomy":"product_brand","embeddable":true,"href":"https:\/\/liquidmaster.pl\/en\/wp-json\/wp\/v2\/product_brand?post=1806341"},{"taxonomy":"product_cat","embeddable":true,"href":"https:\/\/liquidmaster.pl\/en\/wp-json\/wp\/v2\/product_cat?post=1806341"},{"taxonomy":"product_tag","embeddable":true,"href":"https:\/\/liquidmaster.pl\/en\/wp-json\/wp\/v2\/product_tag?post=1806341"}],"curies":[{"name":"wp","href":"https:\/\/api.w.org\/{rel}","templated":true}]}}