{"id":1806337,"date":"2025-03-28T16:44:25","date_gmt":"2025-03-28T14:44:25","guid":{"rendered":"https:\/\/liquidmaster.pl\/adbl-magic-mist-vanilla-touch-200ml-odswiezacz-powietrza\/"},"modified":"2026-04-18T04:37:26","modified_gmt":"2026-04-18T02:37:26","slug":"adbl-magic-mist-vanilla-touch-200ml-odswiezacz-powietrza","status":"publish","type":"product","link":"https:\/\/liquidmaster.pl\/en\/adbl-magic-mist-vanilla-touch-200ml-odswiezacz-powietrza\/","title":{"rendered":"ADBL Magic Mist Vanilla Touch 200ml \u2013 air freshener"},"content":{"rendered":"<p>Classic is a generation of fragrances in a classic tone. The aromas from this series envelop you with a pleasant and subtly sweet scent that will bring warmth and the magic of unforgettable moments to your interior.<\/p>\n<p>Magic Mist Vanilla Touch - a harmonious mixture of warm notes that will make winter evenings even more magical. Just a gentle whiff of this scent will take you to a comfortable sofa under a warm blanket, see the soothing fire from the fireplace and feel the aroma of delicious cookies straight from the oven.<\/p>\n<p>Capacity: 200 ml<\/p>","protected":false},"excerpt":{"rendered":"<p>Classic to generacja zapach\u00f3w utrzymana w klasycznym tonie. Aromaty z tej serii otulaj\u0105 przyjemnym i subtelnie s\u0142odkim zapachem, kt\u00f3ry wniesie do wn\u0119trza ciep\u0142o i magi\u0119 niezapomnianych chwil. Magic Mist Vanilla Touch \u2013 harmonijna mieszanka ciep\u0142ych nut, kt\u00f3ra sprawi, \u017ce zimowe wieczory stan\u0105 si\u0119 jeszcze bardziej magiczne. Wystarczy delikatny powiew tego zapachu, by przenie\u015b\u0107 si\u0119 na&hellip;&nbsp;<a href=\"https:\/\/liquidmaster.pl\/en\/adbl-magic-mist-vanilla-touch-200ml-odswiezacz-powietrza\/\" rel=\"bookmark\">Read More \u00bb<span class=\"screen-reader-text\">ADBL Magic Mist Vanilla Touch 200ml \u2013 air freshener<\/span><\/a><\/p>","protected":false},"featured_media":1849145,"comment_status":"open","ping_status":"open","template":"","meta":{"neve_meta_sidebar":"","neve_meta_container":"","neve_meta_enable_content_width":"","neve_meta_content_width":0,"neve_meta_title_alignment":"","neve_meta_author_avatar":"","neve_post_elements_order":"","neve_meta_disable_header":"","neve_meta_disable_footer":"","neve_meta_disable_title":"","_themeisle_gutenberg_block_has_review":false},"product_brand":[],"product_cat":[801,802,768],"product_tag":[258],"class_list":{"0":"post-1806337","1":"product","2":"type-product","3":"status-publish","4":"has-post-thumbnail","6":"product_cat-odswiezacze-powietrza","7":"product_cat-perfumy-i-spraye","8":"product_cat-wnetrze-auta","9":"product_tag-adbl","11":"first","12":"instock","13":"taxable","14":"shipping-taxable","15":"purchasable","16":"product-type-simple"},"_links":{"self":[{"href":"https:\/\/liquidmaster.pl\/en\/wp-json\/wp\/v2\/product\/1806337","targetHints":{"allow":["GET"]}}],"collection":[{"href":"https:\/\/liquidmaster.pl\/en\/wp-json\/wp\/v2\/product"}],"about":[{"href":"https:\/\/liquidmaster.pl\/en\/wp-json\/wp\/v2\/types\/product"}],"replies":[{"embeddable":true,"href":"https:\/\/liquidmaster.pl\/en\/wp-json\/wp\/v2\/comments?post=1806337"}],"wp:featuredmedia":[{"embeddable":true,"href":"https:\/\/liquidmaster.pl\/en\/wp-json\/wp\/v2\/media\/1849145"}],"wp:attachment":[{"href":"https:\/\/liquidmaster.pl\/en\/wp-json\/wp\/v2\/media?parent=1806337"}],"wp:term":[{"taxonomy":"product_brand","embeddable":true,"href":"https:\/\/liquidmaster.pl\/en\/wp-json\/wp\/v2\/product_brand?post=1806337"},{"taxonomy":"product_cat","embeddable":true,"href":"https:\/\/liquidmaster.pl\/en\/wp-json\/wp\/v2\/product_cat?post=1806337"},{"taxonomy":"product_tag","embeddable":true,"href":"https:\/\/liquidmaster.pl\/en\/wp-json\/wp\/v2\/product_tag?post=1806337"}],"curies":[{"name":"wp","href":"https:\/\/api.w.org\/{rel}","templated":true}]}}