{"id":1806329,"date":"2025-03-28T16:44:04","date_gmt":"2025-03-28T14:44:04","guid":{"rendered":"https:\/\/liquidmaster.pl\/adbl-magic-mist-sandalwood-harmony-200ml-odswiezacz-powietrza\/"},"modified":"2026-04-18T04:37:24","modified_gmt":"2026-04-18T02:37:24","slug":"adbl-magic-mist-sandalwood-harmony-200ml-odswiezacz-powietrza","status":"publish","type":"product","link":"https:\/\/liquidmaster.pl\/en\/adbl-magic-mist-sandalwood-harmony-200ml-odswiezacz-powietrza\/","title":{"rendered":"ADBL Magic Mist Sandalwood Harmony 200ml \u2013 air freshener"},"content":{"rendered":"<p>Freshtimer is a generation of fragrances in fresh, crisp tones. It consists of original compositions of aromas that will appeal to anyone who is looking for energy, refreshment and lightness in a scent.<\/p>\n<p>Magic Mist Sandalwood Harmony \u2013 An intense, rich fragrance that captivates with its gentle but fresh tone. This unique combination of elegance and lightness effectively helps to calm and soothe the senses.<\/p>\n<p>Capacity: 200 ml<\/p>","protected":false},"excerpt":{"rendered":"<p>Freshtimer to generacja zapach\u00f3w w \u015bwie\u017cej, rze\u015bkiej tonacji. Tworz\u0105 j\u0105 niebanalne kompozycje aromat\u00f3w, kt\u00f3re przypadn\u0105 do gustu ka\u017cdemu, kto poszukuje w zapachu energii, orze\u017awienia i lekko\u015bci. Magic Mist Sandalwood Harmony \u2013 Intensywny, bogaty zapach, kt\u00f3ry urzeka \u0142agodn\u0105, ale \u015bwie\u017c\u0105 tonacj\u0105. To nietuzinkowe po\u0142\u0105czenie elegancji i lekko\u015bci skutecznie pomaga wyciszy\u0107 i ukoi\u0107 zmys\u0142y. Pojemno\u015b\u0107: 200 ml<\/p>","protected":false},"featured_media":1849132,"comment_status":"open","ping_status":"open","template":"","meta":{"neve_meta_sidebar":"","neve_meta_container":"","neve_meta_enable_content_width":"","neve_meta_content_width":0,"neve_meta_title_alignment":"","neve_meta_author_avatar":"","neve_post_elements_order":"","neve_meta_disable_header":"","neve_meta_disable_footer":"","neve_meta_disable_title":"","_themeisle_gutenberg_block_has_review":false},"product_brand":[],"product_cat":[801,802,768],"product_tag":[258],"class_list":{"0":"post-1806329","1":"product","2":"type-product","3":"status-publish","4":"has-post-thumbnail","6":"product_cat-odswiezacze-powietrza","7":"product_cat-perfumy-i-spraye","8":"product_cat-wnetrze-auta","9":"product_tag-adbl","11":"first","12":"instock","13":"taxable","14":"shipping-taxable","15":"purchasable","16":"product-type-simple"},"_links":{"self":[{"href":"https:\/\/liquidmaster.pl\/en\/wp-json\/wp\/v2\/product\/1806329","targetHints":{"allow":["GET"]}}],"collection":[{"href":"https:\/\/liquidmaster.pl\/en\/wp-json\/wp\/v2\/product"}],"about":[{"href":"https:\/\/liquidmaster.pl\/en\/wp-json\/wp\/v2\/types\/product"}],"replies":[{"embeddable":true,"href":"https:\/\/liquidmaster.pl\/en\/wp-json\/wp\/v2\/comments?post=1806329"}],"wp:featuredmedia":[{"embeddable":true,"href":"https:\/\/liquidmaster.pl\/en\/wp-json\/wp\/v2\/media\/1849132"}],"wp:attachment":[{"href":"https:\/\/liquidmaster.pl\/en\/wp-json\/wp\/v2\/media?parent=1806329"}],"wp:term":[{"taxonomy":"product_brand","embeddable":true,"href":"https:\/\/liquidmaster.pl\/en\/wp-json\/wp\/v2\/product_brand?post=1806329"},{"taxonomy":"product_cat","embeddable":true,"href":"https:\/\/liquidmaster.pl\/en\/wp-json\/wp\/v2\/product_cat?post=1806329"},{"taxonomy":"product_tag","embeddable":true,"href":"https:\/\/liquidmaster.pl\/en\/wp-json\/wp\/v2\/product_tag?post=1806329"}],"curies":[{"name":"wp","href":"https:\/\/api.w.org\/{rel}","templated":true}]}}